{"id":557,"date":"2018-05-13T23:46:16","date_gmt":"2018-05-13T21:46:16","guid":{"rendered":"https:\/\/buchmaler.org\/?page_id=557"},"modified":"2021-05-03T22:48:02","modified_gmt":"2021-05-03T20:48:02","slug":"herzlich-willkommen-beim-buchmaler","status":"publish","type":"page","link":"https:\/\/buchmaler.org\/","title":{"rendered":"Herzlich Willkommen beim Buchmaler"},"content":{"rendered":"<p>Auf dieser Seite ensteht ein kleiner Webshop f\u00fcr Buchmaler- und Skriptoriumsbedarf, sowie ein Blog und ein Forum zu dem Thema. Die Idee zu dem Shop entstand aus unserer Leidenschaft f\u00fcr mittelalterliche europ\u00e4ische Kalligrafie und Buchmalerei.<\/p>\n<p>Da wir f\u00fcr den Eigenverbrauch immer wieder mittelalterliche Tinten-, Saftfarben-, Farbrezepte, etc. ausprobieren, kam meine Freundin auf die Idee einfach etwas mehr zuzubereiten, um die Ergebnisse auch anderen Interessierten &nbsp;anzubieten.<\/p>\n<p>Da es sich wie gesagt um ein Hobby handelt, wird der Shop ganz langsam wachsen. Aber am Ende m\u00f6chten wir hier&nbsp; m\u00f6glichst viel von dem anbieten k\u00f6nnen, was man zum Betrieb eines mittelalterlichen Skriptoriums ben\u00f6tigt.&nbsp;Alle von uns produzierten und verkauften Farben und Tinten sind nach mittelalterlichen Rezepten zubereitet, die aus dem 12. bis Anfang 16. Jahrhundert stammen. Eine Ausnahme bilden ein paar Rezepte aus dem fr\u00fchen 17. Jahrhundert.<\/p>\n<p>Nun mag sich die Frage aufdr\u00e4ngen, warum man sich die M\u00fche machen sollte die Farben selbst m\u00fchsam herzustellen. Bzw. warum man nach historischen Rezepten zubereitete Farben benutzen sollte. Wo es doch viel einfacher ist die industriell gefertigten Farben zu verwenden.<\/p>\n<p>Die Gr\u00fcnde daf\u00fcr k\u00f6nnen sehr verschieden sein.<\/p>\n<p>Manche nutzen die historischen Farben vielleicht aus Liebe zur mittelalterlichen Kunst der Buchmalerei, andere m\u00fcssen evtl. historische Werke restaurieren, wobei sie auf diese Farben angewiesen sind. Wieder andere finden es vielleicht einfach sch\u00f6n sich mit den Farben zu besch\u00e4ftigen, oder haben ganz andere Gr\u00fcnde.<\/p>\n<p>Ein nicht von der Hand zu weisender Grund historische Farben zu verwenden, ist das die industriell gefertigten Farben nicht an die Sch\u00f6nheit der historischen Farben heran reichen, und es auch bei aller M\u00fche nicht k\u00f6nnen. Dazu m\u00f6chte ich gern aus dem von Anita Albus geschriebenem Buch \u201e<a href=\"https:\/\/www.amazon.de\/Die-Kunst-K%C3%BCnste-Erinnerungen-Malerei\/dp\/3821844612\" target=\"_blank\" rel=\"noopener\">Die Kunst der K\u00fcnste, Erinnerungen an die Malerei<\/a>\u201c zitieren:<\/p>\n<blockquote><p>Der Farbton ist das eine, etwas anderes Gestalt und Struktur der Farbe. Jedes Pigment hat einen anderen K\u00f6rper, der das Licht auf unterschiedliche Weise bricht, zur\u00fcckwirft und schluckt.<\/p>\n<p>Der Blauton von k\u00fcnstlichem Ultramarin, der seit 1830 industriell hergestellt wird, scheint sich vom nat\u00fcrlichen Ultramarin, das auf m\u00fchsame Weise aus dem Halbedelstein Lapislazuli gewonnen wurde, kaum zu unterscheiden. Ein Blick durch das Mikroskop offenbart die Differenz die sich im Gem\u00e4lde so deutlich entfaltet, das sie auch f\u00fcr das unbewaffnete Auge sichtbar ist.<\/p>\n<p>Das synthetische Pigment erzeugt mit seinen kleinen homogenen rundlichen Kristallen eine gleichm\u00e4\u00dfige geschlossene blaue Fl\u00e4che, w\u00e4hrend das kostspieligste aller Pigmente, das echte Ultramarin mit seinen gro\u00dfen iregul\u00e4ren Kristallen von unterschiedlicher Transparenz und den nat\u00fcrlichen Einsprengseln von Calcit, Pyrit, Glimmer und Quarz, als flimmerndes Firnament erscheint. Vor allem die durchsichtige Splitter der im Lapisstein angelagerten Calcitkristalle funkeln im tiefen Blau wie Sterne. Der himmelweite Unterschied zwischen altem und neuem Pigment ist bei anderen Farben nicht so ausgepr\u00e4gt wie beim Ultramarin, aber grunds\u00e4tzlich immer vorhanden.<\/p><\/blockquote>\n<p>Sollten Sie etwas suchen das wir momentan nicht im Angebot haben, z\u00f6gern sie nicht uns darauf anzusprechen. Gerne werden wir versuchen das Produkt f\u00fcr sie zu beschaffen und ihnen ein unverbindliches Angebot unterbreiten.<\/p>\n","protected":false},"excerpt":{"rendered":"<p>Auf dieser Seite ensteht ein kleiner Webshop f\u00fcr Buchmaler- und Skriptoriumsbedarf, sowie ein Blog und ein Forum zu dem Thema. Die Idee zu dem Shop entstand aus unserer Leidenschaft f\u00fcr mittelalterliche europ\u00e4ische Kalligrafie und Buchmalerei. Da wir f\u00fcr den Eigenverbrauch immer wieder mittelalterliche Tinten-, Saftfarben-, Farbrezepte, etc. ausprobieren, kam meine Freundin auf die Idee einfach &hellip; <\/p>\n<p class=\"link-more\"><a href=\"https:\/\/buchmaler.org\/\" class=\"more-link\"><span class=\"screen-reader-text\">\u201eHerzlich Willkommen beim Buchmaler\u201c <\/span>weiterlesen<\/a><\/p>\n","protected":false},"author":1,"featured_media":0,"parent":0,"menu_order":0,"comment_status":"closed","ping_status":"closed","template":"","meta":{"ngg_post_thumbnail":0,"footnotes":""},"class_list":["post-557","page","type-page","status-publish","hentry"],"_links":{"self":[{"href":"https:\/\/buchmaler.org\/index.php?rest_route=\/wp\/v2\/pages\/557","targetHints":{"allow":["GET"]}}],"collection":[{"href":"https:\/\/buchmaler.org\/index.php?rest_route=\/wp\/v2\/pages"}],"about":[{"href":"https:\/\/buchmaler.org\/index.php?rest_route=\/wp\/v2\/types\/page"}],"author":[{"embeddable":true,"href":"https:\/\/buchmaler.org\/index.php?rest_route=\/wp\/v2\/users\/1"}],"replies":[{"embeddable":true,"href":"https:\/\/buchmaler.org\/index.php?rest_route=%2Fwp%2Fv2%2Fcomments&post=557"}],"version-history":[{"count":0,"href":"https:\/\/buchmaler.org\/index.php?rest_route=\/wp\/v2\/pages\/557\/revisions"}],"wp:attachment":[{"href":"https:\/\/buchmaler.org\/index.php?rest_route=%2Fwp%2Fv2%2Fmedia&parent=557"}],"curies":[{"name":"wp","href":"https:\/\/api.w.org\/{rel}","templated":true}]}}