{"id":1113,"date":"2018-09-15T18:21:57","date_gmt":"2018-09-15T16:21:57","guid":{"rendered":"https:\/\/buchmaler.org\/?post_type=product&#038;p=1113"},"modified":"2023-08-31T21:09:16","modified_gmt":"2023-08-31T19:09:16","slug":"ein-feines-gruen-getrocknet-in-muschelschale","status":"publish","type":"product","link":"https:\/\/buchmaler.org\/?product=ein-feines-gruen-getrocknet-in-muschelschale","title":{"rendered":"Muschelfarbe &#8211; Kreuzdornbeere"},"content":{"rendered":"<p>Diese aus Kreuzdornbeeren gewonnene Saftfarbe wurde von uns nach einem Rezept des auf 1479 datierten Colmarer Kunstbuches ( Cod. Hist. Helv. XII 45) zubereitet.<br \/>\nUm die Saftfarbe m\u00f6glichst lang haltbar zu machen, haben wir dem frischen Kreuzdornbeerensaft Gummi arabicum hinzugef\u00fcgt und ihn in Muscheln gegossen. Um ihn anschlie\u00dfend in den Muschelschalen eintrocknen zu lassen. Wodurch er ohne Qualit\u00e4tsverlust \u00fcber Jahre hinweg haltbar wird.<\/p>\n<blockquote><p>\u2026 Also man mag die varwe trocken und herte behalten wie lang man wil daz dissi varwe ir kraft niemer verl\u00f9ret \u2026<\/p><\/blockquote>\n<p><img loading=\"lazy\" decoding=\"async\" class=\"alignleft size-full wp-image-1114\" src=\"https:\/\/buchmaler.org\/wp-content\/uploads\/2018\/08\/Farbbild-Kreuzdornbeerengr\u00fcn-1.jpg\" alt=\"\" width=\"200\" height=\"100\">Wie der Name schon andeutet, zeigt sich die Farbe in einem sch\u00f6nen hellen Gr\u00fcn, das leicht ins gelbliche geht. Dieses helle und frische Gr\u00fcn zeigt die Farbe jedoch nur wenn mit ihr lasierend gearbeitet wird. Dabei kann es helfen die mit gr\u00fcn zu bemalende Fl\u00e4che mit wei\u00df zu untermalen, um so ein deckenderes Ergebnis zu erzielen.<br \/>\nDer Hauptverwendungszweck von Kreuzdornbeerensaftgr\u00fcn liegt jedoch im Schattieren.<\/p>\n<blockquote><p>\u2026 und Also n\u00f9tze ist zuo schetwen uf vil varwen \u2026<\/p><\/blockquote>\n<p>Denn zeigt der erste Farbauftrag noch ein zartes Gr\u00fcn, wird jeder weitere immer dunkler, bis hin zu einem sehr dunklen gr\u00fcn-braun. Der langsame \u00dcbergang vom hellen ins dunkle, macht die Farbe ideal f\u00fcrs Schattieren.<\/p>\n<p>Da der Saftfarbe bereits ein Bindemittel (Gummi arabicum) hinzugef\u00fcgt wurde, kann die Muschelschale wie ein Tuschkasten genutzt werden. Dazu wird ein Pinsel in einem Wasserglas ben\u00e4sst, um mit ihm anschlie\u00dfend durch die getrocknete Farbe zu fahren und diese aufzunehmen.<\/p>\n<p>Das hier angebotene Produkt besteht aus eine Muschelschale, in der sich getrocknete Kreuzdornbeerensaftfarbe befindet. Die Muscheln sind, wie bei Naturprodukten \u00fcblich alle unterschiedlich gro\u00df und schwer. Sie sind jedoch alle mit mindestens 10 ml fl\u00fcssigen Kreuzdornbeerensaft geimpft, der anschlie\u00dfend eingetrocknet ist.<\/p>\n","protected":false},"excerpt":{"rendered":"<p>Diese aus Kreuzdornbeeren gewonnene Saftfarbe wurde von uns nach einem Rezept des auf 1479 datierten Colmarer Kunstbuches ( Cod. Hist. Helv. XII 45) zubereitet. Um die Saftfarbe m\u00f6glichst lang haltbar zu machen, haben wir dem frischen Kreuzdornbeerensaft Gummi arabicum hinzugef\u00fcgt und ihn in Muscheln gegossen. Um ihn anschlie\u00dfend in den Muschelschalen eintrocknen zu lassen. Wodurch &hellip; <\/p>\n<p class=\"link-more\"><a href=\"https:\/\/buchmaler.org\/?product=ein-feines-gruen-getrocknet-in-muschelschale\" class=\"more-link\"><span class=\"screen-reader-text\">\u201eMuschelfarbe &#8211; Kreuzdornbeere\u201c <\/span>weiterlesen<\/a><\/p>\n","protected":false},"featured_media":1144,"template":"","meta":{"ngg_post_thumbnail":0},"product_brand":[],"product_cat":[51],"product_tag":[],"class_list":{"0":"post-1113","1":"product","2":"type-product","3":"status-publish","4":"has-post-thumbnail","6":"product_cat-saftfarben","7":"product_shipping_class-paket-brief","9":"first","10":"instock","11":"shipping-taxable","12":"purchasable","13":"product-type-simple"},"_links":{"self":[{"href":"https:\/\/buchmaler.org\/index.php?rest_route=\/wp\/v2\/product\/1113","targetHints":{"allow":["GET"]}}],"collection":[{"href":"https:\/\/buchmaler.org\/index.php?rest_route=\/wp\/v2\/product"}],"about":[{"href":"https:\/\/buchmaler.org\/index.php?rest_route=\/wp\/v2\/types\/product"}],"wp:featuredmedia":[{"embeddable":true,"href":"https:\/\/buchmaler.org\/index.php?rest_route=\/wp\/v2\/media\/1144"}],"wp:attachment":[{"href":"https:\/\/buchmaler.org\/index.php?rest_route=%2Fwp%2Fv2%2Fmedia&parent=1113"}],"wp:term":[{"taxonomy":"product_brand","embeddable":true,"href":"https:\/\/buchmaler.org\/index.php?rest_route=%2Fwp%2Fv2%2Fproduct_brand&post=1113"},{"taxonomy":"product_cat","embeddable":true,"href":"https:\/\/buchmaler.org\/index.php?rest_route=%2Fwp%2Fv2%2Fproduct_cat&post=1113"},{"taxonomy":"product_tag","embeddable":true,"href":"https:\/\/buchmaler.org\/index.php?rest_route=%2Fwp%2Fv2%2Fproduct_tag&post=1113"}],"curies":[{"name":"wp","href":"https:\/\/api.w.org\/{rel}","templated":true}]}}