{"id":1119,"date":"2018-09-05T22:01:09","date_gmt":"2018-09-05T20:01:09","guid":{"rendered":"https:\/\/buchmaler.org\/?post_type=product&#038;p=1119"},"modified":"2025-12-18T08:38:06","modified_gmt":"2025-12-18T07:38:06","slug":"troschenreuther-roetel-in-stuecken","status":"publish","type":"product","link":"https:\/\/buchmaler.org\/?product=troschenreuther-roetel-in-stuecken","title":{"rendered":"Troschenreuther R\u00f6tel in St\u00fccken"},"content":{"rendered":"<p>R\u00f6tel ist eine nat\u00fcrliche Farberde die aus Ton, Kreide und H\u00e4matit besteht. Der dritte Bestandteil das H\u00e4matit, bei dem es sich um ein Eisenoxidmineral handelt, ist es der dem R\u00f6tel seine Tiefrote Farbe verleiht.<br \/>\nDas hier angebotene Produkt besteht aus 100 g Troschenreuther R\u00f6tel in St\u00fccken, der in Kunststoffgl\u00e4schen abgepackt versendet wird.<\/p>\n<p>LE 8<br \/>\nLE = lichtecht<br \/>\n7 &#8211; 8 = sehr gut bis hervorragend \/ 5 &#8211; 6 = gut<\/p>\n<p>Um die Pigmente f\u00fcr die Buchmalerei zu nutzen, m\u00fcssen sie mit einem Bindemittel, wie einem den <a href=\"https:\/\/buchmaler.org\/?p=820\" target=\"_blank\" rel=\"noopener\">von Boltz \u00fcberlieferten Temperaturwasser<\/a> zubereitet werden. Alles was f\u00fcr die Zubereitung der Temperaturwasser ben\u00f6tigt wird, findet sich <a href=\"https:\/\/buchmaler.org\/?product_cat=baumharze-bindemittel\" target=\"_blank\" rel=\"noopener\">hier im Shop unter Bindemittel &amp; Zusatzstoffe<\/a>. Wir haben aber auch <a href=\"https:\/\/buchmaler.org\/?product_cat=temperaturwasser\" target=\"_blank\" rel=\"noopener\">fertige Temperaturwasser<\/a> in unserem Angebot.<\/p>\n<p><a href=\"https:\/\/buchmaler.org\/dokumente\/Sicherheitsdatenblatt-Pigment_Troschenreuther-Roetel.pdf\" target=\"_blank\" rel=\"noopener\">Sicherheitsdatenblatt<\/a>.<\/p>\n","protected":false},"excerpt":{"rendered":"<p>R\u00f6tel ist eine nat\u00fcrliche Farberde die aus Ton, Kreide und H\u00e4matit besteht. Der dritte Bestandteil das H\u00e4matit, bei dem es sich um ein Eisenoxidmineral handelt, ist es der dem R\u00f6tel seine Tiefrote Farbe verleiht. Das hier angebotene Produkt besteht aus 100 g Troschenreuther R\u00f6tel in St\u00fccken, der in Kunststoffgl\u00e4schen abgepackt versendet wird. LE 8 LE &hellip; <\/p>\n<p class=\"link-more\"><a href=\"https:\/\/buchmaler.org\/?product=troschenreuther-roetel-in-stuecken\" class=\"more-link\"><span class=\"screen-reader-text\">\u201eTroschenreuther R\u00f6tel in St\u00fccken\u201c <\/span>weiterlesen<\/a><\/p>\n","protected":false},"featured_media":1124,"template":"","meta":{"ngg_post_thumbnail":0},"product_brand":[],"product_cat":[105],"product_tag":[],"class_list":{"0":"post-1119","1":"product","2":"type-product","3":"status-publish","4":"has-post-thumbnail","6":"product_cat-pigmente","7":"product_shipping_class-paket-brief","9":"first","10":"instock","11":"shipping-taxable","12":"purchasable","13":"product-type-simple"},"_links":{"self":[{"href":"https:\/\/buchmaler.org\/index.php?rest_route=\/wp\/v2\/product\/1119","targetHints":{"allow":["GET"]}}],"collection":[{"href":"https:\/\/buchmaler.org\/index.php?rest_route=\/wp\/v2\/product"}],"about":[{"href":"https:\/\/buchmaler.org\/index.php?rest_route=\/wp\/v2\/types\/product"}],"wp:featuredmedia":[{"embeddable":true,"href":"https:\/\/buchmaler.org\/index.php?rest_route=\/wp\/v2\/media\/1124"}],"wp:attachment":[{"href":"https:\/\/buchmaler.org\/index.php?rest_route=%2Fwp%2Fv2%2Fmedia&parent=1119"}],"wp:term":[{"taxonomy":"product_brand","embeddable":true,"href":"https:\/\/buchmaler.org\/index.php?rest_route=%2Fwp%2Fv2%2Fproduct_brand&post=1119"},{"taxonomy":"product_cat","embeddable":true,"href":"https:\/\/buchmaler.org\/index.php?rest_route=%2Fwp%2Fv2%2Fproduct_cat&post=1119"},{"taxonomy":"product_tag","embeddable":true,"href":"https:\/\/buchmaler.org\/index.php?rest_route=%2Fwp%2Fv2%2Fproduct_tag&post=1119"}],"curies":[{"name":"wp","href":"https:\/\/api.w.org\/{rel}","templated":true}]}}