{"id":1164,"date":"2018-09-29T14:32:43","date_gmt":"2018-09-29T12:32:43","guid":{"rendered":"https:\/\/buchmaler.org\/?post_type=product&#038;p=1164"},"modified":"2025-10-20T19:46:14","modified_gmt":"2025-10-20T17:46:14","slug":"schiefermehl-hellst","status":"publish","type":"product","link":"https:\/\/buchmaler.org\/?product=schiefermehl-hellst","title":{"rendered":"Schiefermehl hellst"},"content":{"rendered":"<p>Schiefermehl hellst ist eine nat\u00fcrliche hellgraue Steinkreide.<br \/>\nDas hier angebotene Produkt besteht aus 100 g Schiefermehl hellst, das in wieder verschlie\u00dfbare Kunststoffbeutelchen abgepackt versendet wird.<\/p>\n<p>Geeignet f\u00fcr: Acryl, Kalk \/ Fresko, Keramik, \u00d6l, Tempera, Wasserfarben \/ Gouache Farben<\/p>\n<p>LE 8, Farbabweichungen sind m\u00f6glich.<\/p>\n<p>LE = lichtecht<br \/>\n7 &#8211; 8 = sehr gut bis hervorragend \/ 5 &#8211; 6 = gut<\/p>\n<p>Um die Pigmente f\u00fcr die Buchmalerei zu nutzen, m\u00fcssen sie mit einem Bindemittel, wie einem den <a href=\"https:\/\/buchmaler.org\/?p=820\" target=\"_blank\" rel=\"noopener\">von Boltz \u00fcberlieferten Temperaturwasser<\/a> zubereitet werden. Alles was f\u00fcr die Zubereitung der Temperaturwasser ben\u00f6tigt wird, findet sich <a href=\"https:\/\/buchmaler.org\/?product_cat=baumharze-bindemittel\" target=\"_blank\" rel=\"noopener\">hier im Shop unter Bindemittel &amp; Zusatzstoffe<\/a>. Wir haben aber auch <a href=\"https:\/\/buchmaler.org\/?product_cat=temperaturwasser\" target=\"_blank\" rel=\"noopener\">fertige Temperaturwasser<\/a> in unserem Angebot.<\/p>\n<p><a href=\"https:\/\/buchmaler.org\/dokumente\/Sicherheitsdatenblatt-Schiefermehl_hellst.pdf\" target=\"_blank\" rel=\"noopener\">Sicherheitsdatenblatt<\/a>.<\/p>\n","protected":false},"excerpt":{"rendered":"<p>Schiefermehl hellst ist eine nat\u00fcrliche hellgraue Steinkreide. Das hier angebotene Produkt besteht aus 100 g Schiefermehl hellst, das in wieder verschlie\u00dfbare Kunststoffbeutelchen abgepackt versendet wird. Geeignet f\u00fcr: Acryl, Kalk \/ Fresko, Keramik, \u00d6l, Tempera, Wasserfarben \/ Gouache Farben LE 8, Farbabweichungen sind m\u00f6glich. LE = lichtecht 7 &#8211; 8 = sehr gut bis hervorragend \/ &hellip; <\/p>\n<p class=\"link-more\"><a href=\"https:\/\/buchmaler.org\/?product=schiefermehl-hellst\" class=\"more-link\"><span class=\"screen-reader-text\">\u201eSchiefermehl hellst\u201c <\/span>weiterlesen<\/a><\/p>\n","protected":false},"featured_media":1208,"template":"","meta":{"ngg_post_thumbnail":0},"product_brand":[],"product_cat":[105],"product_tag":[],"class_list":{"0":"post-1164","1":"product","2":"type-product","3":"status-publish","4":"has-post-thumbnail","6":"product_cat-pigmente","7":"product_shipping_class-paket-brief","9":"first","10":"instock","11":"shipping-taxable","12":"purchasable","13":"product-type-simple"},"_links":{"self":[{"href":"https:\/\/buchmaler.org\/index.php?rest_route=\/wp\/v2\/product\/1164","targetHints":{"allow":["GET"]}}],"collection":[{"href":"https:\/\/buchmaler.org\/index.php?rest_route=\/wp\/v2\/product"}],"about":[{"href":"https:\/\/buchmaler.org\/index.php?rest_route=\/wp\/v2\/types\/product"}],"wp:featuredmedia":[{"embeddable":true,"href":"https:\/\/buchmaler.org\/index.php?rest_route=\/wp\/v2\/media\/1208"}],"wp:attachment":[{"href":"https:\/\/buchmaler.org\/index.php?rest_route=%2Fwp%2Fv2%2Fmedia&parent=1164"}],"wp:term":[{"taxonomy":"product_brand","embeddable":true,"href":"https:\/\/buchmaler.org\/index.php?rest_route=%2Fwp%2Fv2%2Fproduct_brand&post=1164"},{"taxonomy":"product_cat","embeddable":true,"href":"https:\/\/buchmaler.org\/index.php?rest_route=%2Fwp%2Fv2%2Fproduct_cat&post=1164"},{"taxonomy":"product_tag","embeddable":true,"href":"https:\/\/buchmaler.org\/index.php?rest_route=%2Fwp%2Fv2%2Fproduct_tag&post=1164"}],"curies":[{"name":"wp","href":"https:\/\/api.w.org\/{rel}","templated":true}]}}