{"id":1232,"date":"2018-11-11T17:38:11","date_gmt":"2018-11-11T16:38:11","guid":{"rendered":"https:\/\/buchmaler.org\/?post_type=product&#038;p=1232"},"modified":"2026-01-15T21:55:23","modified_gmt":"2026-01-15T20:55:23","slug":"moerser-klein-ii","status":"publish","type":"product","link":"https:\/\/buchmaler.org\/?product=moerser-klein-ii","title":{"rendered":"M\u00f6rser II"},"content":{"rendered":"<p>Dieser Bronze M\u00f6rser ist ziemlich massiv, weshalb er sich auch dazu eignet wirklich hartes Material wie Lapis Lazuli oder Gall\u00e4pfel zu zersto\u00dfen.<br \/>\nDer hier angebotene M\u00f6rser wiegt 1454 g, ist 10 cm hoch und hat an der M\u00fcndungs\u00f6ffnung einen Durchmesser von 10,5 cm und am Boden einen Durchmesser von 6,5 cm. Der St\u00f6\u00dfel hat eine L\u00e4nge von 14,5 cm, das untere Endes des St\u00f6\u00dfels hat einen ungef\u00e4hren Durchmesser von 2,3 cm und ein Gewicht von 152 g.<br \/>\nDa es sich wie in der Kategoriebeschreibung schon erw\u00e4hnt um ein gebrauchtes Produkt handelt, ist es nicht frei von Gebrauchsspuren und altersbedingten Abnutzungserscheinungen. Der M\u00f6rser wird so angeboten wie auf den Bildern zu sehen ist.<\/p>\nngg_shortcode_0_placeholder\n","protected":false},"excerpt":{"rendered":"<p>Dieser Bronze M\u00f6rser ist ziemlich massiv, weshalb er sich auch dazu eignet wirklich hartes Material wie Lapis Lazuli oder Gall\u00e4pfel zu zersto\u00dfen. Der hier angebotene M\u00f6rser wiegt 1454 g, ist 10 cm hoch und hat an der M\u00fcndungs\u00f6ffnung einen Durchmesser von 10,5 cm und am Boden einen Durchmesser von 6,5 cm. Der St\u00f6\u00dfel hat eine &hellip; <\/p>\n<p class=\"link-more\"><a href=\"https:\/\/buchmaler.org\/?product=moerser-klein-ii\" class=\"more-link\"><span class=\"screen-reader-text\">\u201eM\u00f6rser II\u201c <\/span>weiterlesen<\/a><\/p>\n","protected":false},"featured_media":3033,"template":"","meta":{"ngg_post_thumbnail":0},"product_brand":[],"product_cat":[111],"product_tag":[],"class_list":{"0":"post-1232","1":"product","2":"type-product","3":"status-publish","4":"has-post-thumbnail","6":"product_cat-moerser","7":"product_shipping_class-paket-brief","9":"first","10":"instock","11":"shipping-taxable","12":"purchasable","13":"product-type-simple"},"_links":{"self":[{"href":"https:\/\/buchmaler.org\/index.php?rest_route=\/wp\/v2\/product\/1232","targetHints":{"allow":["GET"]}}],"collection":[{"href":"https:\/\/buchmaler.org\/index.php?rest_route=\/wp\/v2\/product"}],"about":[{"href":"https:\/\/buchmaler.org\/index.php?rest_route=\/wp\/v2\/types\/product"}],"wp:featuredmedia":[{"embeddable":true,"href":"https:\/\/buchmaler.org\/index.php?rest_route=\/wp\/v2\/media\/3033"}],"wp:attachment":[{"href":"https:\/\/buchmaler.org\/index.php?rest_route=%2Fwp%2Fv2%2Fmedia&parent=1232"}],"wp:term":[{"taxonomy":"product_brand","embeddable":true,"href":"https:\/\/buchmaler.org\/index.php?rest_route=%2Fwp%2Fv2%2Fproduct_brand&post=1232"},{"taxonomy":"product_cat","embeddable":true,"href":"https:\/\/buchmaler.org\/index.php?rest_route=%2Fwp%2Fv2%2Fproduct_cat&post=1232"},{"taxonomy":"product_tag","embeddable":true,"href":"https:\/\/buchmaler.org\/index.php?rest_route=%2Fwp%2Fv2%2Fproduct_tag&post=1232"}],"curies":[{"name":"wp","href":"https:\/\/api.w.org\/{rel}","templated":true}]}}