{"id":1295,"date":"2018-12-30T01:21:51","date_gmt":"2018-12-30T00:21:51","guid":{"rendered":"https:\/\/buchmaler.org\/?post_type=product&#038;p=1295"},"modified":"2026-04-27T10:16:11","modified_gmt":"2026-04-27T08:16:11","slug":"eisengallustinte-kloster-tegernsee-fuers-pergament-50-ml","status":"publish","type":"product","link":"https:\/\/buchmaler.org\/?product=eisengallustinte-kloster-tegernsee-fuers-pergament-50-ml","title":{"rendered":"Eisengallustinte Kloster Tegernsee f\u00fcrs Pergament"},"content":{"rendered":"<p>\u00dcblicherweise werden die Eisengallustinten in den Rezeptsammlungen nur als Tinten angesprochen. So auch in der Rezeptsammlung des Kloster Tegernsee. Jedoch finden sich in der Rezeptsammlung auch ein paar Tintenrezepte, bei denen ausdr\u00fccklich darauf hingewiesen wird f\u00fcr welchen Beschreibstoff sie gedacht sind.<br \/>\nSo auch bei diesem Rezept. Die Herstellung dieser Tinte geschieht in zwei \u201eDurchg\u00e4ngen\u201c. Im ersten entsteht Tinte f\u00fcrs Pergament, im Zweiten Tinte f\u00fcrs Papier.<br \/>\nBei der hier angebotenen Tinte handelt es sich um die Tinte f\u00fcrs Pergament. Bei der Herstellung werden die Gall\u00e4pfel zun\u00e4chst 4 Tage lang in Wein eingelegt, bevor dann sp\u00e4ter Gummi arabicum, und noch sp\u00e4ter Eisenvitriol hinzugef\u00fcgt wird.<\/p>\n<p><img loading=\"lazy\" decoding=\"async\" class=\"alignleft size-full wp-image-1317\" src=\"https:\/\/buchmaler.org\/wp-content\/uploads\/2019\/01\/Schriftbild-Tegernsee-Tinte-fuers-Pergament.jpg\" alt=\"\" width=\"220\" height=\"39\">Durch den Weinanteil verstr\u00f6mt das beim Schreiben offene Tintenf\u00e4sschen ein ein angenehm mildes Weinaroma. Beim Schreiben flie\u00dft die Tinte fl\u00fcssig aus der Feder, dabei jedoch so langsam das damit ein sehr feines Schriftbild erzielt werden kann. Auf dem Untergrund erscheint sie zun\u00e4chst in einem dunklen Grau, das dann zu einem samtenen antrazith auftrocknet.<\/p>\n<p>Die Tinte ist in ein Kunststofffl\u00e4schchen abgef\u00fcllt, in dem sich 50 ml dieser Eisengallustinte Kloster Tegernsee f\u00fcr Pergament befinden.<\/p>\n<p>Vor dem Gebrauch sollte die Tinte aufger\u00fchrt werden, da sich die festen Anteile der Tinte nach einer Weile am Grund des Gef\u00e4\u00dfes absetzen. Das Gleiche gilt, wenn man l\u00e4ngere Texte schreibt. Zwischendurch m\u00f6chte die Tinte immer wieder mal aufr\u00fchrt werden.<\/p>\n<p><span style=\"color: #ff0000;\"><strong>Gefahrenhinweis<\/strong><\/span><br \/>\nFlecken von Eisengallustinte lassen sich nur im ganz frischen Zustand mit Wasser entfernen. Ist die Tinte erst mal richtig getrocknet, l\u00e4sst sie sich nur noch von sehr glatten Oberfl\u00e4chen entfernen.<br \/>\nEisengallustinte ist aufgrund des Vitriols leicht \u00e4tzend. Deshalb weder verschlucken noch in die Augen bekommen. Sollte die Tinte ins Auge gelangen, das Auge unter flie\u00dfend Wasser aussp\u00fclen und, wie auch im Fall des Verschluckens, einen Arzt aufsuchen.<\/p>\n","protected":false},"excerpt":{"rendered":"<p>\u00dcblicherweise werden die Eisengallustinten in den Rezeptsammlungen nur als Tinten angesprochen. So auch in der Rezeptsammlung des Kloster Tegernsee. Jedoch finden sich in der Rezeptsammlung auch ein paar Tintenrezepte, bei denen ausdr\u00fccklich darauf hingewiesen wird f\u00fcr welchen Beschreibstoff sie gedacht sind. So auch bei diesem Rezept. Die Herstellung dieser Tinte geschieht in zwei \u201eDurchg\u00e4ngen\u201c. Im &hellip; <\/p>\n<p class=\"link-more\"><a href=\"https:\/\/buchmaler.org\/?product=eisengallustinte-kloster-tegernsee-fuers-pergament-50-ml\" class=\"more-link\"><span class=\"screen-reader-text\">\u201eEisengallustinte Kloster Tegernsee f\u00fcrs Pergament\u201c <\/span>weiterlesen<\/a><\/p>\n","protected":false},"featured_media":1297,"template":"","meta":{"ngg_post_thumbnail":0},"product_brand":[],"product_cat":[48],"product_tag":[],"class_list":{"0":"post-1295","1":"product","2":"type-product","3":"status-publish","4":"has-post-thumbnail","6":"product_cat-tinten","7":"product_shipping_class-paket-brief","9":"first","10":"instock","11":"shipping-taxable","12":"purchasable","13":"product-type-simple"},"_links":{"self":[{"href":"https:\/\/buchmaler.org\/index.php?rest_route=\/wp\/v2\/product\/1295","targetHints":{"allow":["GET"]}}],"collection":[{"href":"https:\/\/buchmaler.org\/index.php?rest_route=\/wp\/v2\/product"}],"about":[{"href":"https:\/\/buchmaler.org\/index.php?rest_route=\/wp\/v2\/types\/product"}],"wp:featuredmedia":[{"embeddable":true,"href":"https:\/\/buchmaler.org\/index.php?rest_route=\/wp\/v2\/media\/1297"}],"wp:attachment":[{"href":"https:\/\/buchmaler.org\/index.php?rest_route=%2Fwp%2Fv2%2Fmedia&parent=1295"}],"wp:term":[{"taxonomy":"product_brand","embeddable":true,"href":"https:\/\/buchmaler.org\/index.php?rest_route=%2Fwp%2Fv2%2Fproduct_brand&post=1295"},{"taxonomy":"product_cat","embeddable":true,"href":"https:\/\/buchmaler.org\/index.php?rest_route=%2Fwp%2Fv2%2Fproduct_cat&post=1295"},{"taxonomy":"product_tag","embeddable":true,"href":"https:\/\/buchmaler.org\/index.php?rest_route=%2Fwp%2Fv2%2Fproduct_tag&post=1295"}],"curies":[{"name":"wp","href":"https:\/\/api.w.org\/{rel}","templated":true}]}}