{"id":1384,"date":"2019-05-30T00:12:23","date_gmt":"2019-05-29T22:12:23","guid":{"rendered":"https:\/\/buchmaler.org\/?post_type=product&#038;p=1384"},"modified":"2025-02-16T14:35:36","modified_gmt":"2025-02-16T13:35:36","slug":"schuettgelb","status":"publish","type":"product","link":"https:\/\/buchmaler.org\/?product=schuettgelb","title":{"rendered":"Sch\u00fcttgelb"},"content":{"rendered":"<p>Dieses sch\u00f6ne Sch\u00fcttgelb wurde von uns nach einem Rezept aus dem Illuminierb\u00fcchlein von Valentin Boltz (1549) aus der F\u00e4rberdistel gewonnen.<\/p>\n<p>In der Buchmalerei stellt Sch\u00fcttgelb eine gute Alternative zu den ansonsten im Mittelalter verwendeten giftigen Gelbpigmenten dar. Zumindest wenn man sich historischer Pigmente bedienen will. Unter den modernen Pigmenten gibt es nat\u00fcrlich auch andere verwendbare Alternativen wie z.B. <a href=\"https:\/\/buchmaler.org\/wp-admin\/post.php?post=1271&amp;action=edit\" target=\"_blank\" rel=\"noopener noreferrer\">Praseodymgelb<\/a>.<\/p>\n<p>Der Nachteil von Sch\u00fcttgelb besteht darin das es nicht Lichtecht ist. Was in der Buchmalerei jedoch kein Problem darstellt. Da die Bilder eher selten dem Licht ausgesetzt sind. So das Sch\u00fcttgelb unter diesen Bedingungen auch nach 100 Jahren noch sein leuchtendes Gelb bewahrt.<\/p>\n<figure id=\"attachment_1376\" aria-describedby=\"caption-attachment-1376\" style=\"width: 300px\" class=\"wp-caption alignleft\"><img loading=\"lazy\" decoding=\"async\" class=\"size-medium wp-image-1376\" src=\"https:\/\/buchmaler.org\/wp-content\/uploads\/2019\/05\/Farbprobe-Schuettgelb-3xfarbauftrag-klein-300x150.jpg\" alt=\"\" width=\"300\" height=\"150\" srcset=\"https:\/\/buchmaler.org\/wp-content\/uploads\/2019\/05\/Farbprobe-Schuettgelb-3xfarbauftrag-klein-300x150.jpg 300w, https:\/\/buchmaler.org\/wp-content\/uploads\/2019\/05\/Farbprobe-Schuettgelb-3xfarbauftrag-klein-350x175.jpg 350w, https:\/\/buchmaler.org\/wp-content\/uploads\/2019\/05\/Farbprobe-Schuettgelb-3xfarbauftrag-klein.jpg 500w\" sizes=\"auto, (max-width: 300px) 100vw, 300px\" \/><figcaption id=\"caption-attachment-1376\" class=\"wp-caption-text\">Nach dreimaligem Farbauftrag. Rechts wieder satter.<\/figcaption><\/figure>\n<p>Wird die Farbe auf auf Papier aufgetragen, zeigt sie bei einmaligem Farbauftrag ein lasierendes leuchtendes Gelb. Mit jedem weiteren Farbauftrag wird das Gelb deckender, beh\u00e4lt jedoch sein leuchtendes Gelb.<\/p>\n<p>&nbsp;<\/p>\n<p>Um die Pigmente f\u00fcr die Buchmalerei zu nutzen, m\u00fcssen sie mit einem Bindemittel, wie einem den <a href=\"https:\/\/buchmaler.org\/?p=820\" target=\"_blank\" rel=\"noopener\">von Boltz \u00fcberlieferten Temperaturwasser<\/a> zubereitet werden. Alles was f\u00fcr die Zubereitung der Temperaturwasser ben\u00f6tigt wird, findet sich <a href=\"https:\/\/buchmaler.org\/?product_cat=baumharze-bindemittel\" target=\"_blank\" rel=\"noopener\">hier im Shop unter Bindemittel &amp; Zusatzstoffe<\/a>. Wir haben aber auch <a href=\"https:\/\/buchmaler.org\/?product_cat=temperaturwasser\" target=\"_blank\" rel=\"noopener\">fertige Temperaturwasser<\/a> in unserem Angebot.<\/p>\n<p>Das hier angebotene Produkt besteht aus 20 Gramm pulverisiertem Sch\u00fcttgelb. Geliefert wird das Pigment in ein Kunststoffbeutelchen mit Schnellverschluss abgef\u00fcllt.<\/p>\n","protected":false},"excerpt":{"rendered":"<p>Ein helles leuchtendes Gelb.<\/p>\n","protected":false},"featured_media":1383,"template":"","meta":{"ngg_post_thumbnail":0},"product_brand":[],"product_cat":[105],"product_tag":[],"class_list":{"0":"post-1384","1":"product","2":"type-product","3":"status-publish","4":"has-post-thumbnail","6":"product_cat-pigmente","7":"product_shipping_class-paket-brief","9":"first","10":"instock","11":"shipping-taxable","12":"purchasable","13":"product-type-simple"},"_links":{"self":[{"href":"https:\/\/buchmaler.org\/index.php?rest_route=\/wp\/v2\/product\/1384","targetHints":{"allow":["GET"]}}],"collection":[{"href":"https:\/\/buchmaler.org\/index.php?rest_route=\/wp\/v2\/product"}],"about":[{"href":"https:\/\/buchmaler.org\/index.php?rest_route=\/wp\/v2\/types\/product"}],"wp:featuredmedia":[{"embeddable":true,"href":"https:\/\/buchmaler.org\/index.php?rest_route=\/wp\/v2\/media\/1383"}],"wp:attachment":[{"href":"https:\/\/buchmaler.org\/index.php?rest_route=%2Fwp%2Fv2%2Fmedia&parent=1384"}],"wp:term":[{"taxonomy":"product_brand","embeddable":true,"href":"https:\/\/buchmaler.org\/index.php?rest_route=%2Fwp%2Fv2%2Fproduct_brand&post=1384"},{"taxonomy":"product_cat","embeddable":true,"href":"https:\/\/buchmaler.org\/index.php?rest_route=%2Fwp%2Fv2%2Fproduct_cat&post=1384"},{"taxonomy":"product_tag","embeddable":true,"href":"https:\/\/buchmaler.org\/index.php?rest_route=%2Fwp%2Fv2%2Fproduct_tag&post=1384"}],"curies":[{"name":"wp","href":"https:\/\/api.w.org\/{rel}","templated":true}]}}