{"id":1415,"date":"2019-09-19T19:29:15","date_gmt":"2019-09-19T17:29:15","guid":{"rendered":"https:\/\/buchmaler.org\/?post_type=product&#038;p=1415"},"modified":"2026-04-29T20:57:31","modified_gmt":"2026-04-29T18:57:31","slug":"kielpinsel-groesse-9","status":"publish","type":"product","link":"https:\/\/buchmaler.org\/?product=kielpinsel-groesse-9","title":{"rendered":"Kielpinsel &#8211; Gr\u00f6\u00dfe 9"},"content":{"rendered":"<p>Kielpinsel werden immer noch auf die gleiche Weise hergestellt wie Cennino Cennini es im Il Libro dell&#8217;Arte beschreibt und die mittelalterlichen Buchmaler sie verwendeten.<\/p>\n<p>Der hier angebotene Kielpinsel der Gr\u00f6\u00dfe 9 ist spitz und kurz gebunden.<br \/>\nEr besteht aus reinem Kasaner Fehhaar in einem Naturkiel mit einem unbehandeltem Holzstiel.<br \/>\nDer Holzstiel ist mit dem Naturkiel nicht fest verbunden, sondern nur aufgesteckt und l\u00e4sst sich leicht abziehen.<\/p>\n<p>Bitte beachten sie das bei Kielpinseln die h\u00f6chste Gr\u00f6\u00dfenangabe den kleinsten Pinsel darstellt. So Das der Pinsel mit der Gr\u00f6\u00dfe 10 den kleinstm\u00f6glichen Pinsel darstellt. Wohingegen der Pinsel der Gr\u00f6\u00dfe 1 gr\u00f6\u00dftm\u00f6glichen Pinsel darstellt.<\/p>\n<p>Das bei den Pinseln die T\u00fclle nicht am Stiel befestigt ist, kann leider dazu f\u00fchren das die T\u00fclle mitunter vom Stiel abf\u00e4llt. Was zu Farbflecken an nicht gew\u00fcnschter Stelle f\u00fchren kann.<\/p>\n<p>Deshalb ist es wichtig zu vermeiden, das die Fingerspitzen beim Malen gegen die T\u00fclle sto\u00dfen. Weshalb es besser ist den Pinsel weiter hinten zu greifen. Ober aber, die T\u00fclle und den Stiel mit Hilfe eines Tropfen Knochenleims, oder \u00e4hnlichem, miteinander zu verkleben.<\/p>\n<p><img loading=\"lazy\" decoding=\"async\" class=\"alignleft size-full wp-image-1442\" src=\"https:\/\/buchmaler.org\/wp-content\/uploads\/2019\/09\/Kielpinsel_Groesse-9-klein-2.jpg\" alt=\"\" width=\"1024\" height=\"229\" srcset=\"https:\/\/buchmaler.org\/wp-content\/uploads\/2019\/09\/Kielpinsel_Groesse-9-klein-2.jpg 1024w, https:\/\/buchmaler.org\/wp-content\/uploads\/2019\/09\/Kielpinsel_Groesse-9-klein-2-300x67.jpg 300w, https:\/\/buchmaler.org\/wp-content\/uploads\/2019\/09\/Kielpinsel_Groesse-9-klein-2-768x172.jpg 768w, https:\/\/buchmaler.org\/wp-content\/uploads\/2019\/09\/Kielpinsel_Groesse-9-klein-2-845x189.jpg 845w, https:\/\/buchmaler.org\/wp-content\/uploads\/2019\/09\/Kielpinsel_Groesse-9-klein-2-350x78.jpg 350w\" sizes=\"auto, (max-width: 767px) 89vw, (max-width: 1000px) 54vw, (max-width: 1071px) 543px, 580px\" \/><\/p>\n<p><img loading=\"lazy\" decoding=\"async\" class=\"alignleft size-full wp-image-1443\" src=\"https:\/\/buchmaler.org\/wp-content\/uploads\/2019\/09\/Kielpinsel_Groesse-9-klein-3.jpg\" alt=\"\" width=\"1024\" height=\"229\" srcset=\"https:\/\/buchmaler.org\/wp-content\/uploads\/2019\/09\/Kielpinsel_Groesse-9-klein-3.jpg 1024w, https:\/\/buchmaler.org\/wp-content\/uploads\/2019\/09\/Kielpinsel_Groesse-9-klein-3-300x67.jpg 300w, https:\/\/buchmaler.org\/wp-content\/uploads\/2019\/09\/Kielpinsel_Groesse-9-klein-3-768x172.jpg 768w, https:\/\/buchmaler.org\/wp-content\/uploads\/2019\/09\/Kielpinsel_Groesse-9-klein-3-845x189.jpg 845w, https:\/\/buchmaler.org\/wp-content\/uploads\/2019\/09\/Kielpinsel_Groesse-9-klein-3-350x78.jpg 350w\" sizes=\"auto, (max-width: 767px) 89vw, (max-width: 1000px) 54vw, (max-width: 1071px) 543px, 580px\" \/><\/p>\n","protected":false},"excerpt":{"rendered":"<p>Kielpinsel werden immer noch auf die gleiche Weise hergestellt wie Cennino Cennini es im Il Libro dell&#8217;Arte beschreibt und die mittelalterlichen Buchmaler sie verwendeten. Der hier angebotene Kielpinsel der Gr\u00f6\u00dfe 9 ist spitz und kurz gebunden. Er besteht aus reinem Kasaner Fehhaar in einem Naturkiel mit einem unbehandeltem Holzstiel. Der Holzstiel ist mit dem Naturkiel &hellip; <\/p>\n<p class=\"link-more\"><a href=\"https:\/\/buchmaler.org\/?product=kielpinsel-groesse-9\" class=\"more-link\"><span class=\"screen-reader-text\">\u201eKielpinsel &#8211; Gr\u00f6\u00dfe 9\u201c <\/span>weiterlesen<\/a><\/p>\n","protected":false},"featured_media":1437,"template":"","meta":{"ngg_post_thumbnail":0},"product_brand":[],"product_cat":[126],"product_tag":[],"class_list":{"0":"post-1415","1":"product","2":"type-product","3":"status-publish","4":"has-post-thumbnail","6":"product_cat-pinsel","7":"product_shipping_class-paket-brief","9":"first","10":"instock","11":"shipping-taxable","12":"purchasable","13":"product-type-simple"},"_links":{"self":[{"href":"https:\/\/buchmaler.org\/index.php?rest_route=\/wp\/v2\/product\/1415","targetHints":{"allow":["GET"]}}],"collection":[{"href":"https:\/\/buchmaler.org\/index.php?rest_route=\/wp\/v2\/product"}],"about":[{"href":"https:\/\/buchmaler.org\/index.php?rest_route=\/wp\/v2\/types\/product"}],"wp:featuredmedia":[{"embeddable":true,"href":"https:\/\/buchmaler.org\/index.php?rest_route=\/wp\/v2\/media\/1437"}],"wp:attachment":[{"href":"https:\/\/buchmaler.org\/index.php?rest_route=%2Fwp%2Fv2%2Fmedia&parent=1415"}],"wp:term":[{"taxonomy":"product_brand","embeddable":true,"href":"https:\/\/buchmaler.org\/index.php?rest_route=%2Fwp%2Fv2%2Fproduct_brand&post=1415"},{"taxonomy":"product_cat","embeddable":true,"href":"https:\/\/buchmaler.org\/index.php?rest_route=%2Fwp%2Fv2%2Fproduct_cat&post=1415"},{"taxonomy":"product_tag","embeddable":true,"href":"https:\/\/buchmaler.org\/index.php?rest_route=%2Fwp%2Fv2%2Fproduct_tag&post=1415"}],"curies":[{"name":"wp","href":"https:\/\/api.w.org\/{rel}","templated":true}]}}