{"id":1421,"date":"2019-09-18T23:27:19","date_gmt":"2019-09-18T21:27:19","guid":{"rendered":"https:\/\/buchmaler.org\/?post_type=product&#038;p=1421"},"modified":"2025-05-07T20:20:29","modified_gmt":"2025-05-07T18:20:29","slug":"tuechleinfarbe-holunder","status":"publish","type":"product","link":"https:\/\/buchmaler.org\/?product=tuechleinfarbe-holunder","title":{"rendered":"T\u00fcchleinfarbe &#8211; Holundert\u00fcchlein"},"content":{"rendered":"<p>Diese T\u00fcchlein sind von uns nach einem Rezept aus dem Kunstbuch von mancherley nutzlichen vnd bewerten Secreten oder K\u00fcnsten zubereitet. Dort werden sie als \u201eBraune T\u00fcchlein oder Fetzen\u201c bezeichnet.<\/p>\n<p>T\u00fcchleinfarben sind eine M\u00f6glichkeit, die Saftfarben auch au\u00dferhalb ihrer Erntezeit zur Verf\u00fcgung zu haben. Um T\u00fcchlein herzustellen wird zun\u00e4chst der Farbsaft gewonnen. Anschlie\u00dfend werden vorher pr\u00e4parierte Leinentuchstreifen in dem Farbsaft getr\u00e4nkt. Nachdem die T\u00fcchlein getrocknet sind, werden sie in Papier gewickelt und dunkel und trocken gelagert. Am besten in einem Holzk\u00e4stchen.<\/p>\n<p>Um die T\u00fcchleinfarbe zu nutzen, wird mit einer Schere ein kleines St\u00fcck des Leinenstreifens abgeschnitten, in eine Muschel oder eine andere<\/p>\n<figure id=\"attachment_2007\" aria-describedby=\"caption-attachment-2007\" style=\"width: 150px\" class=\"wp-caption alignleft\"><img loading=\"lazy\" decoding=\"async\" class=\"size-thumbnail wp-image-2007\" src=\"https:\/\/buchmaler.org\/wp-content\/uploads\/2021\/09\/Braune-Tuechlein-11-2-150x150.jpg\" alt=\"\" width=\"150\" height=\"150\" srcset=\"https:\/\/buchmaler.org\/wp-content\/uploads\/2021\/09\/Braune-Tuechlein-11-2-150x150.jpg 150w, https:\/\/buchmaler.org\/wp-content\/uploads\/2021\/09\/Braune-Tuechlein-11-2-100x100.jpg 100w, https:\/\/buchmaler.org\/wp-content\/uploads\/2021\/09\/Braune-Tuechlein-11-2-250x250.jpg 250w\" sizes=\"auto, (max-width: 150px) 100vw, 150px\" \/><figcaption id=\"caption-attachment-2007\" class=\"wp-caption-text\">Einmaliger Farbauftrag<\/figcaption><\/figure>\n<p>Malerscherbe gelegt, und mit etwas Temperaturwasser \u00fcbergossen.<br \/>\nNach einer etwa 30 &#8211; 60 min\u00fctigen Weichzeit, wird das St\u00fcck T\u00fcchlein aus der Muschel genommen, noch einmal ordentlich ausgepresst und alles verr\u00fchrt.<br \/>\nIm fl\u00fcssigen Zustand wirkt die Farbe Violett. Wenn sie auf getrocknet ist zeigt sie jedoch ein Blaugrau. Holunderfarbe ist jedoch nicht sehr best\u00e4ndig und verf\u00e4rbt sich mit der Zeit Schwarz. Was jedoch beim Schattieren nicht problematisch ist.<\/p>\n<p>Da Saftfarben nicht lichtecht sind, eigenen sie sich vor allem f\u00fcr die<\/p>\n<figure id=\"attachment_2006\" aria-describedby=\"caption-attachment-2006\" style=\"width: 150px\" class=\"wp-caption alignright\"><img loading=\"lazy\" decoding=\"async\" class=\"size-thumbnail wp-image-2006\" src=\"https:\/\/buchmaler.org\/wp-content\/uploads\/2021\/09\/Braune-Tuechlein-11-150x150.jpg\" alt=\"\" width=\"150\" height=\"150\" srcset=\"https:\/\/buchmaler.org\/wp-content\/uploads\/2021\/09\/Braune-Tuechlein-11-150x150.jpg 150w, https:\/\/buchmaler.org\/wp-content\/uploads\/2021\/09\/Braune-Tuechlein-11-100x100.jpg 100w, https:\/\/buchmaler.org\/wp-content\/uploads\/2021\/09\/Braune-Tuechlein-11-250x250.jpg 250w\" sizes=\"auto, (max-width: 150px) 100vw, 150px\" \/><figcaption id=\"caption-attachment-2006\" class=\"wp-caption-text\">Zweimaliger Farbauftrag<\/figcaption><\/figure>\n<p>Buchmalerei. In geschlossenen B\u00fcchern, die nur gelegentlich aufgeschlagen werden, k\u00f6nnen Saftfarben ihre Farbkraft \u00fcber Jahrhunderte bewahren.<\/p>\n<p>Das hier angebotene Produkt besteht aus einem Leinenstreifen von 4 mal 17 cm, der mit Holunderbeersaft getr\u00e4nkt ist. Geliefert werden die in Seidenpapier aufgerollten Leinenstreifen, in einem wieder verschlie\u00dfbaren Kunststoffbeutelchen.<\/p>\nngg_shortcode_0_placeholder\n<p>Um die Pigmente f\u00fcr die Buchmalerei zu nutzen, m\u00fcssen sie mit einem Bindemittel, wie einem den <a href=\"https:\/\/buchmaler.org\/?p=820\" target=\"_blank\" rel=\"noopener\">von Boltz \u00fcberlieferten Temperaturwasser<\/a> zubereitet werden. Alles was f\u00fcr die Zubereitung der Temperaturwasser ben\u00f6tigt wird, findet sich <a href=\"https:\/\/buchmaler.org\/?product_cat=baumharze-bindemittel\" target=\"_blank\" rel=\"noopener\">hier im Shop unter Bindemittel &amp; Zusatzstoffe<\/a>. Wir haben aber auch <a href=\"https:\/\/buchmaler.org\/?product_cat=temperaturwasser\" target=\"_blank\" rel=\"noopener\">fertige Temperaturwasser<\/a> in unserem Angebot.<\/p>\n","protected":false},"excerpt":{"rendered":"<p>Diese T\u00fcchlein sind von uns nach einem Rezept aus dem Kunstbuch von mancherley nutzlichen vnd bewerten Secreten oder K\u00fcnsten zubereitet. Dort werden sie als \u201eBraune T\u00fcchlein oder Fetzen\u201c bezeichnet. T\u00fcchleinfarben sind eine M\u00f6glichkeit, die Saftfarben auch au\u00dferhalb ihrer Erntezeit zur Verf\u00fcgung zu haben. Um T\u00fcchlein herzustellen wird zun\u00e4chst der Farbsaft gewonnen. Anschlie\u00dfend werden vorher pr\u00e4parierte &hellip; <\/p>\n<p class=\"link-more\"><a href=\"https:\/\/buchmaler.org\/?product=tuechleinfarbe-holunder\" class=\"more-link\"><span class=\"screen-reader-text\">\u201eT\u00fcchleinfarbe &#8211; Holundert\u00fcchlein\u201c <\/span>weiterlesen<\/a><\/p>\n","protected":false},"featured_media":2005,"template":"","meta":{"ngg_post_thumbnail":0},"product_brand":[],"product_cat":[51],"product_tag":[],"class_list":{"0":"post-1421","1":"product","2":"type-product","3":"status-publish","4":"has-post-thumbnail","6":"product_cat-saftfarben","7":"product_shipping_class-paket-brief","9":"first","10":"instock","11":"shipping-taxable","12":"purchasable","13":"product-type-simple"},"_links":{"self":[{"href":"https:\/\/buchmaler.org\/index.php?rest_route=\/wp\/v2\/product\/1421","targetHints":{"allow":["GET"]}}],"collection":[{"href":"https:\/\/buchmaler.org\/index.php?rest_route=\/wp\/v2\/product"}],"about":[{"href":"https:\/\/buchmaler.org\/index.php?rest_route=\/wp\/v2\/types\/product"}],"wp:featuredmedia":[{"embeddable":true,"href":"https:\/\/buchmaler.org\/index.php?rest_route=\/wp\/v2\/media\/2005"}],"wp:attachment":[{"href":"https:\/\/buchmaler.org\/index.php?rest_route=%2Fwp%2Fv2%2Fmedia&parent=1421"}],"wp:term":[{"taxonomy":"product_brand","embeddable":true,"href":"https:\/\/buchmaler.org\/index.php?rest_route=%2Fwp%2Fv2%2Fproduct_brand&post=1421"},{"taxonomy":"product_cat","embeddable":true,"href":"https:\/\/buchmaler.org\/index.php?rest_route=%2Fwp%2Fv2%2Fproduct_cat&post=1421"},{"taxonomy":"product_tag","embeddable":true,"href":"https:\/\/buchmaler.org\/index.php?rest_route=%2Fwp%2Fv2%2Fproduct_tag&post=1421"}],"curies":[{"name":"wp","href":"https:\/\/api.w.org\/{rel}","templated":true}]}}