{"id":1530,"date":"2020-02-05T22:35:27","date_gmt":"2020-02-05T21:35:27","guid":{"rendered":"https:\/\/buchmaler.org\/?post_type=product&#038;p=1530"},"modified":"2025-02-10T15:20:57","modified_gmt":"2025-02-10T14:20:57","slug":"lapis-lazuli-natur","status":"publish","type":"product","link":"https:\/\/buchmaler.org\/?product=lapis-lazuli-natur","title":{"rendered":"Lapis Lazuli Natur"},"content":{"rendered":"<p>Dieses Lapis Lazuli ist von uns aus reinen Lapis Lazuli von guter Qualit\u00e4t in Handarbeit zubereitet.<\/p>\n<p>Das hier angebotene Produkt besteht aus 5 Gramm Lapis Lazuli Natur das in einem Glasfl\u00e4schchen mit Schraubdeckel geliefert wird.<\/p>\n<figure id=\"attachment_1532\" aria-describedby=\"caption-attachment-1532\" style=\"width: 300px\" class=\"wp-caption alignleft\"><img loading=\"lazy\" decoding=\"async\" class=\"wp-image-1532 size-medium\" src=\"https:\/\/buchmaler.org\/wp-content\/uploads\/2020\/02\/Lapis-Lazuli_Zwischenergebnis-1-Farbauftrag-300x150.jpg\" alt=\"\" width=\"300\" height=\"150\" srcset=\"https:\/\/buchmaler.org\/wp-content\/uploads\/2020\/02\/Lapis-Lazuli_Zwischenergebnis-1-Farbauftrag-300x150.jpg 300w, https:\/\/buchmaler.org\/wp-content\/uploads\/2020\/02\/Lapis-Lazuli_Zwischenergebnis-1-Farbauftrag-350x175.jpg 350w, https:\/\/buchmaler.org\/wp-content\/uploads\/2020\/02\/Lapis-Lazuli_Zwischenergebnis-1-Farbauftrag.jpg 700w\" sizes=\"auto, (max-width: 300px) 100vw, 300px\" \/><figcaption id=\"caption-attachment-1532\" class=\"wp-caption-text\">Ein d\u00fcnner Farbauftrag<\/figcaption><\/figure>\n<p>&nbsp;<\/p>\n<p>&nbsp;<\/p>\n<p>&nbsp;<\/p>\n<p>&nbsp;<\/p>\n<p><span style=\"color: #ffffff;\">f<\/span><\/p>\n<figure id=\"attachment_1533\" aria-describedby=\"caption-attachment-1533\" style=\"width: 300px\" class=\"wp-caption alignleft\"><img loading=\"lazy\" decoding=\"async\" class=\"size-medium wp-image-1533\" src=\"https:\/\/buchmaler.org\/wp-content\/uploads\/2020\/02\/Lapis-Lazuli_Zwischenergebnis-3-Farbauftrag-300x150.jpg\" alt=\"\" width=\"300\" height=\"150\" srcset=\"https:\/\/buchmaler.org\/wp-content\/uploads\/2020\/02\/Lapis-Lazuli_Zwischenergebnis-3-Farbauftrag-300x150.jpg 300w, https:\/\/buchmaler.org\/wp-content\/uploads\/2020\/02\/Lapis-Lazuli_Zwischenergebnis-3-Farbauftrag-350x175.jpg 350w, https:\/\/buchmaler.org\/wp-content\/uploads\/2020\/02\/Lapis-Lazuli_Zwischenergebnis-3-Farbauftrag.jpg 700w\" sizes=\"auto, (max-width: 300px) 100vw, 300px\" \/><figcaption id=\"caption-attachment-1533\" class=\"wp-caption-text\">Dreimaliger d\u00fcnner Farbauftrag<\/figcaption><\/figure>\n<p>&nbsp;<\/p>\n<p>&nbsp;<\/p>\n<p>&nbsp;<\/p>\n<p>&nbsp;<\/p>\n<p>&nbsp;<\/p>\n<p>Geeignet f\u00fcr: Acryl, Fresko , Gouache, Fresko, \u00d6l, Tempera, Wasserfarben \/<\/p>\n<p>LE 8<br \/>\nLE = lichtecht<\/p>\n<p>Um die Pigmente f\u00fcr die Buchmalerei zu nutzen, m\u00fcssen sie mit einem Bindemittel, wie einem den <a href=\"https:\/\/buchmaler.org\/?p=820\" target=\"_blank\" rel=\"noopener\">von Boltz \u00fcberlieferten Temperaturwasser<\/a> zubereitet werden. Alles was f\u00fcr die Zubereitung der Temperaturwasser ben\u00f6tigt wird, findet sich <a href=\"https:\/\/buchmaler.org\/?product_cat=baumharze-bindemittel\" target=\"_blank\" rel=\"noopener\">hier im Shop unter Bindemittel &amp; Zusatzstoffe<\/a>. Wir haben aber auch <a href=\"https:\/\/buchmaler.org\/?product_cat=temperaturwasser\" target=\"_blank\" rel=\"noopener\">fertige Temperaturwasser<\/a> in unserem Angebot.<\/p>\n<p><a href=\"https:\/\/buchmaler.org\/dokumente\/Sicherheitsdatenblatt-Pigment_Lapis_Lazuli_natur_gemahlen.pdf\" target=\"_blank\" rel=\"noopener noreferrer\">Sicherheitsdatenblatt<\/a>.<\/p>\n","protected":false},"excerpt":{"rendered":"<p>Dieses Lapis Lazuli ist von uns aus reinen Lapis Lazuli von guter Qualit\u00e4t in Handarbeit zubereitet. Das hier angebotene Produkt besteht aus 5 Gramm Lapis Lazuli Natur das in einem Glasfl\u00e4schchen mit Schraubdeckel geliefert wird. &nbsp; &nbsp; &nbsp; &nbsp; f &nbsp; &nbsp; &nbsp; &nbsp; &nbsp; Geeignet f\u00fcr: Acryl, Fresko , Gouache, Fresko, \u00d6l, Tempera, Wasserfarben &hellip; <\/p>\n<p class=\"link-more\"><a href=\"https:\/\/buchmaler.org\/?product=lapis-lazuli-natur\" class=\"more-link\"><span class=\"screen-reader-text\">\u201eLapis Lazuli Natur\u201c <\/span>weiterlesen<\/a><\/p>\n","protected":false},"featured_media":1531,"template":"","meta":{"ngg_post_thumbnail":0},"product_brand":[],"product_cat":[105],"product_tag":[],"class_list":{"0":"post-1530","1":"product","2":"type-product","3":"status-publish","4":"has-post-thumbnail","6":"product_cat-pigmente","7":"product_shipping_class-paket-brief","9":"first","10":"instock","11":"shipping-taxable","12":"purchasable","13":"product-type-simple"},"_links":{"self":[{"href":"https:\/\/buchmaler.org\/index.php?rest_route=\/wp\/v2\/product\/1530","targetHints":{"allow":["GET"]}}],"collection":[{"href":"https:\/\/buchmaler.org\/index.php?rest_route=\/wp\/v2\/product"}],"about":[{"href":"https:\/\/buchmaler.org\/index.php?rest_route=\/wp\/v2\/types\/product"}],"wp:featuredmedia":[{"embeddable":true,"href":"https:\/\/buchmaler.org\/index.php?rest_route=\/wp\/v2\/media\/1531"}],"wp:attachment":[{"href":"https:\/\/buchmaler.org\/index.php?rest_route=%2Fwp%2Fv2%2Fmedia&parent=1530"}],"wp:term":[{"taxonomy":"product_brand","embeddable":true,"href":"https:\/\/buchmaler.org\/index.php?rest_route=%2Fwp%2Fv2%2Fproduct_brand&post=1530"},{"taxonomy":"product_cat","embeddable":true,"href":"https:\/\/buchmaler.org\/index.php?rest_route=%2Fwp%2Fv2%2Fproduct_cat&post=1530"},{"taxonomy":"product_tag","embeddable":true,"href":"https:\/\/buchmaler.org\/index.php?rest_route=%2Fwp%2Fv2%2Fproduct_tag&post=1530"}],"curies":[{"name":"wp","href":"https:\/\/api.w.org\/{rel}","templated":true}]}}