{"id":1570,"date":"2020-03-06T20:29:50","date_gmt":"2020-03-06T19:29:50","guid":{"rendered":"https:\/\/buchmaler.org\/?post_type=product&#038;p=1570"},"modified":"2025-01-24T22:14:50","modified_gmt":"2025-01-24T21:14:50","slug":"gruenspan","status":"publish","type":"product","link":"https:\/\/buchmaler.org\/?product=gruenspan","title":{"rendered":"Gr\u00fcnspan"},"content":{"rendered":"<p>Das hier angebotene Produkt besteht aus 100 Gramm Gr\u00fcnspan, das in einem Weithals-Kunststoffglas mit Schraubdeckel abgepackt geliefert wird.<\/p>\n<p>Geeignet f\u00fcr: Acryl, Tempera, Gouache.<\/p>\n<p>Lichtechtheit: 8<\/p>\n<p>&nbsp;<\/p>\n<figure id=\"attachment_1080\" aria-describedby=\"caption-attachment-1080\" style=\"width: 80px\" class=\"wp-caption alignright\"><img loading=\"lazy\" decoding=\"async\" class=\"size-full wp-image-1080\" src=\"https:\/\/buchmaler.org\/wp-content\/uploads\/2018\/07\/ghs07.png\" alt=\"\" width=\"80\" height=\"80\"><figcaption id=\"caption-attachment-1080\" class=\"wp-caption-text\">GHS07-1<\/figcaption><\/figure>\n<p><strong>Abgabe nur an professionelle Anwender<\/strong>. Bitte lesen Sie das <a href=\"https:\/\/buchmaler.org\/dokumente\/Sicherheitsdatenblatt-Pigment_Gruenspan.pdf\" target=\"_blank\" rel=\"noopener noreferrer\">Sicherheitsdatenblatt<\/a>.<\/p>\n<p><strong>Gefahrenhinweise<\/strong><br \/>\nH302: Gesundheitssch\u00e4dlich bei Verschlucken.<\/p>\n<p><strong>Sicherheitshinweise<\/strong><br \/>\nP264: Nach dem Gebrauch gr\u00fcndlich waschen.<br \/>\nP270: Bei Gebrauch weder essen, trinken noch rauchen.<br \/>\nP301+P312: Bei Verschlucken: Bei Unwohlsein umgehend das Giftinformationszentrum anrufen oder einen Arzt kontaktieren.<br \/>\nP330: Den Mund gr\u00fcndlich aussp\u00fclen.<br \/>\nP501: Den Inhalt und \/ oder Beh\u00e4lter gem\u00e4\u00df den \u00f6rtlichen, regionalen, nationalen u. internat. Vorschriften entsorgen.<\/p>\n<p>Um die Pigmente f\u00fcr die Buchmalerei zu nutzen, m\u00fcssen sie mit einem Bindemittel, wie einem den <a href=\"https:\/\/buchmaler.org\/?p=820\" target=\"_blank\" rel=\"noopener\">von Boltz \u00fcberlieferten Temperaturwasser<\/a> zubereitet werden. Alles was f\u00fcr die Zubereitung der Temperaturwasser ben\u00f6tigt wird, findet sich <a href=\"https:\/\/buchmaler.org\/?product_cat=baumharze-bindemittel\" target=\"_blank\" rel=\"noopener\">hier im Shop unter Bindemittel &amp; Zusatzstoffe<\/a>. Wir haben aber auch <a href=\"https:\/\/buchmaler.org\/?product_cat=temperaturwasser\" target=\"_blank\" rel=\"noopener\">fertige Temperaturwasser<\/a> in unserem Angebot.<\/p>\n","protected":false},"excerpt":{"rendered":"<p>Das hier angebotene Produkt besteht aus 100 Gramm Gr\u00fcnspan, das in einem Weithals-Kunststoffglas mit Schraubdeckel abgepackt geliefert wird. Geeignet f\u00fcr: Acryl, Tempera, Gouache. Lichtechtheit: 8 &nbsp; Abgabe nur an professionelle Anwender. Bitte lesen Sie das Sicherheitsdatenblatt. Gefahrenhinweise H302: Gesundheitssch\u00e4dlich bei Verschlucken. Sicherheitshinweise P264: Nach dem Gebrauch gr\u00fcndlich waschen. P270: Bei Gebrauch weder essen, trinken noch &hellip; <\/p>\n<p class=\"link-more\"><a href=\"https:\/\/buchmaler.org\/?product=gruenspan\" class=\"more-link\"><span class=\"screen-reader-text\">\u201eGr\u00fcnspan\u201c <\/span>weiterlesen<\/a><\/p>\n","protected":false},"featured_media":1576,"template":"","meta":{"ngg_post_thumbnail":0},"product_brand":[],"product_cat":[105],"product_tag":[],"class_list":{"0":"post-1570","1":"product","2":"type-product","3":"status-publish","4":"has-post-thumbnail","6":"product_cat-pigmente","7":"product_shipping_class-paket-brief","9":"first","10":"instock","11":"shipping-taxable","12":"purchasable","13":"product-type-simple"},"_links":{"self":[{"href":"https:\/\/buchmaler.org\/index.php?rest_route=\/wp\/v2\/product\/1570","targetHints":{"allow":["GET"]}}],"collection":[{"href":"https:\/\/buchmaler.org\/index.php?rest_route=\/wp\/v2\/product"}],"about":[{"href":"https:\/\/buchmaler.org\/index.php?rest_route=\/wp\/v2\/types\/product"}],"wp:featuredmedia":[{"embeddable":true,"href":"https:\/\/buchmaler.org\/index.php?rest_route=\/wp\/v2\/media\/1576"}],"wp:attachment":[{"href":"https:\/\/buchmaler.org\/index.php?rest_route=%2Fwp%2Fv2%2Fmedia&parent=1570"}],"wp:term":[{"taxonomy":"product_brand","embeddable":true,"href":"https:\/\/buchmaler.org\/index.php?rest_route=%2Fwp%2Fv2%2Fproduct_brand&post=1570"},{"taxonomy":"product_cat","embeddable":true,"href":"https:\/\/buchmaler.org\/index.php?rest_route=%2Fwp%2Fv2%2Fproduct_cat&post=1570"},{"taxonomy":"product_tag","embeddable":true,"href":"https:\/\/buchmaler.org\/index.php?rest_route=%2Fwp%2Fv2%2Fproduct_tag&post=1570"}],"curies":[{"name":"wp","href":"https:\/\/api.w.org\/{rel}","templated":true}]}}