{"id":1609,"date":"2020-05-02T18:37:48","date_gmt":"2020-05-02T16:37:48","guid":{"rendered":"https:\/\/buchmaler.org\/?post_type=product&#038;p=1609"},"modified":"2025-07-08T14:09:31","modified_gmt":"2025-07-08T12:09:31","slug":"faerberwau","status":"publish","type":"product","link":"https:\/\/buchmaler.org\/?product=faerberwau","title":{"rendered":"F\u00e4rberwau"},"content":{"rendered":"<p>F\u00e4rberwau &#8211; Reseda luteola, ist eine F\u00e4rberpflanze aus der sich ein sattes Gelb gewinnen l\u00e4sst. Aus dem hier angebotenem anatolische Reseda luteola kann&nbsp; ein wesentlich h\u00f6heren Ertrag an Gelb gewonnen werden, als aus den mitteleurop\u00e4ischen Reseda luteola.<\/p>\n<p>Das von uns hier angebotene Produkt besteht aus 100 Gramm anatolischem Reseda luteola, das in einem Plastikbeutel verpackt geliefert werden.<\/p>\n","protected":false},"excerpt":{"rendered":"<p>F\u00e4rberwau &#8211; Reseda luteola, ist eine F\u00e4rberpflanze aus der sich ein sattes Gelb gewinnen l\u00e4sst. Aus dem hier angebotenem anatolische Reseda luteola kann&nbsp; ein wesentlich h\u00f6heren Ertrag an Gelb gewonnen werden, als aus den mitteleurop\u00e4ischen Reseda luteola. Das von uns hier angebotene Produkt besteht aus 100 Gramm anatolischem Reseda luteola, das in einem Plastikbeutel verpackt &hellip; <\/p>\n<p class=\"link-more\"><a href=\"https:\/\/buchmaler.org\/?product=faerberwau\" class=\"more-link\"><span class=\"screen-reader-text\">\u201eF\u00e4rberwau\u201c <\/span>weiterlesen<\/a><\/p>\n","protected":false},"featured_media":1617,"template":"","meta":{"ngg_post_thumbnail":0},"product_brand":[],"product_cat":[139,104],"product_tag":[],"class_list":{"0":"post-1609","1":"product","2":"type-product","3":"status-publish","4":"has-post-thumbnail","6":"product_cat-faerberpflanzen","7":"product_cat-pflanzenfarben","8":"product_shipping_class-paket-brief","10":"first","11":"instock","12":"shipping-taxable","13":"purchasable","14":"product-type-simple"},"_links":{"self":[{"href":"https:\/\/buchmaler.org\/index.php?rest_route=\/wp\/v2\/product\/1609","targetHints":{"allow":["GET"]}}],"collection":[{"href":"https:\/\/buchmaler.org\/index.php?rest_route=\/wp\/v2\/product"}],"about":[{"href":"https:\/\/buchmaler.org\/index.php?rest_route=\/wp\/v2\/types\/product"}],"wp:featuredmedia":[{"embeddable":true,"href":"https:\/\/buchmaler.org\/index.php?rest_route=\/wp\/v2\/media\/1617"}],"wp:attachment":[{"href":"https:\/\/buchmaler.org\/index.php?rest_route=%2Fwp%2Fv2%2Fmedia&parent=1609"}],"wp:term":[{"taxonomy":"product_brand","embeddable":true,"href":"https:\/\/buchmaler.org\/index.php?rest_route=%2Fwp%2Fv2%2Fproduct_brand&post=1609"},{"taxonomy":"product_cat","embeddable":true,"href":"https:\/\/buchmaler.org\/index.php?rest_route=%2Fwp%2Fv2%2Fproduct_cat&post=1609"},{"taxonomy":"product_tag","embeddable":true,"href":"https:\/\/buchmaler.org\/index.php?rest_route=%2Fwp%2Fv2%2Fproduct_tag&post=1609"}],"curies":[{"name":"wp","href":"https:\/\/api.w.org\/{rel}","templated":true}]}}