{"id":1627,"date":"2020-07-29T18:36:05","date_gmt":"2020-07-29T16:36:05","guid":{"rendered":"https:\/\/buchmaler.org\/?post_type=product&#038;p=1627"},"modified":"2026-02-18T14:59:40","modified_gmt":"2026-02-18T13:59:40","slug":"das-kleine-buchmaler-buechlein-hardcover","status":"publish","type":"product","link":"https:\/\/buchmaler.org\/?product=das-kleine-buchmaler-buechlein-hardcover","title":{"rendered":"Das kleine Buchmaler B\u00fcchlein &#8211; Hardcover"},"content":{"rendered":"<p><strong>Die Unterrichtungen der mittelalterlichen Buchmaler<\/strong><\/p>\n<p>Verschiedene historische Schriften beinhalten Unterweisungen, in denen die Verfasser darauf eingehen, wie verschiedene Arbeiten zur Anfertigung von Buchmalereien, etc. auszuf\u00fchren sind.<\/p>\n<p>Das umfasst unter anderem die Zubereitung von Temperaturwassern, das Anlegen der Vorzeichnungen, die f\u00fcr die historischen Pigmente zu w\u00e4hlenden Bindemittel, Unterrichtungen wie Blattornamentiken und Feldungen anzulegen sind und einiges mehr.<\/p>\n<p>Diese Unterrichtungen habe ich in diesem B\u00fcchlein gesammelt und zusammengefasst.<\/p>\n<p>N\u00e4heres zum Inhalt entnehmen Sie bitte dem angeh\u00e4ngtem PDF.&nbsp; Darin finden Sie das Inhaltsverzeichnis und das Vorwort.<\/p>\n<p><a href=\"https:\/\/buchmaler.org\/wp-content\/uploads\/2020\/07\/Malerbuechlein-Leseprobe.pdf\" target=\"_blank\" rel=\"noopener noreferrer\"><strong>Malerbuechlein-Leseprobe<\/strong><\/a><\/p>\n<p>Das kleine Malerb\u00fcchlein<br \/>\nDie Unterrichtungen der mittelalterlichen Buchmaler<br \/>\n153 Seiten<br \/>\nDINA 5<\/p>\n<p>Wir haben die Lieferzeit bei diesem Artikel mit vier Wochen angegeben. Die vier Wochen Lieferzeit kommen aber nur zur Geltung, wenn wir keine B\u00fccher mehr vorr\u00e4tig haben und sie nachdrucken lassen m\u00fcssen.<br \/>\nWenn die B\u00fccher vorr\u00e4tig sind, betr\u00e4gt die Lieferzeit eine Woche.<\/p>\n","protected":false},"excerpt":{"rendered":"<p>Die Unterrichtungen der mittelalterlichen Buchmaler Verschiedene historische Schriften beinhalten Unterweisungen, in denen die Verfasser darauf eingehen, wie verschiedene Arbeiten zur Anfertigung von Buchmalereien, etc. auszuf\u00fchren sind. Das umfasst unter anderem die Zubereitung von Temperaturwassern, das Anlegen der Vorzeichnungen, die f\u00fcr die historischen Pigmente zu w\u00e4hlenden Bindemittel, Unterrichtungen wie Blattornamentiken und Feldungen anzulegen sind und einiges &hellip; <\/p>\n<p class=\"link-more\"><a href=\"https:\/\/buchmaler.org\/?product=das-kleine-buchmaler-buechlein-hardcover\" class=\"more-link\"><span class=\"screen-reader-text\">\u201eDas kleine Buchmaler B\u00fcchlein &#8211; Hardcover\u201c <\/span>weiterlesen<\/a><\/p>\n","protected":false},"featured_media":1651,"template":"","meta":{"ngg_post_thumbnail":0},"product_brand":[],"product_cat":[140],"product_tag":[],"class_list":{"0":"post-1627","1":"product","2":"type-product","3":"status-publish","4":"has-post-thumbnail","6":"product_cat-literatur","7":"product_shipping_class-paket-brief","9":"first","10":"instock","11":"shipping-taxable","12":"purchasable","13":"product-type-simple"},"_links":{"self":[{"href":"https:\/\/buchmaler.org\/index.php?rest_route=\/wp\/v2\/product\/1627","targetHints":{"allow":["GET"]}}],"collection":[{"href":"https:\/\/buchmaler.org\/index.php?rest_route=\/wp\/v2\/product"}],"about":[{"href":"https:\/\/buchmaler.org\/index.php?rest_route=\/wp\/v2\/types\/product"}],"wp:featuredmedia":[{"embeddable":true,"href":"https:\/\/buchmaler.org\/index.php?rest_route=\/wp\/v2\/media\/1651"}],"wp:attachment":[{"href":"https:\/\/buchmaler.org\/index.php?rest_route=%2Fwp%2Fv2%2Fmedia&parent=1627"}],"wp:term":[{"taxonomy":"product_brand","embeddable":true,"href":"https:\/\/buchmaler.org\/index.php?rest_route=%2Fwp%2Fv2%2Fproduct_brand&post=1627"},{"taxonomy":"product_cat","embeddable":true,"href":"https:\/\/buchmaler.org\/index.php?rest_route=%2Fwp%2Fv2%2Fproduct_cat&post=1627"},{"taxonomy":"product_tag","embeddable":true,"href":"https:\/\/buchmaler.org\/index.php?rest_route=%2Fwp%2Fv2%2Fproduct_tag&post=1627"}],"curies":[{"name":"wp","href":"https:\/\/api.w.org\/{rel}","templated":true}]}}