{"id":1681,"date":"2020-10-07T22:13:00","date_gmt":"2020-10-07T20:13:00","guid":{"rendered":"https:\/\/buchmaler.org\/?post_type=product&#038;p=1681"},"modified":"2026-01-17T19:00:17","modified_gmt":"2026-01-17T18:00:17","slug":"gelber-marokkanischer-ocker-in-stuecken","status":"publish","type":"product","link":"https:\/\/buchmaler.org\/?product=gelber-marokkanischer-ocker-in-stuecken","title":{"rendered":"Gelber marokkanischer Ocker in St\u00fccken"},"content":{"rendered":"<p>Die Preisangabe bezieht sich auf ein Gramm. Bitte w\u00e4hlen Sie mit Hilfe der Mengenangabe die gew\u00fcnschte Grammzahl.<\/p>\n<p>Lichtechtheit: 8<br \/>\nGeeignet f\u00fcr: Fresko, Tempera, Wasserfarben<\/p>\n<p>Um die Pigmente f\u00fcr die Buchmalerei zu nutzen, m\u00fcssen sie mit einem Bindemittel, wie einem den <a href=\"https:\/\/buchmaler.org\/?p=820\" target=\"_blank\" rel=\"noopener\">von Boltz \u00fcberlieferten Temperaturwasser<\/a> zubereitet werden. Alles was f\u00fcr die Zubereitung der Temperaturwasser ben\u00f6tigt wird, findet sich <a href=\"https:\/\/buchmaler.org\/?product_cat=baumharze-bindemittel\" target=\"_blank\" rel=\"noopener\">hier im Shop unter Bindemittel &amp; Zusatzstoffe<\/a>. Wir haben aber auch <a href=\"https:\/\/buchmaler.org\/?product_cat=temperaturwasser\" target=\"_blank\" rel=\"noopener\">fertige Temperaturwasser<\/a> in unserem Angebot.<\/p>\n","protected":false},"excerpt":{"rendered":"<p>Die Preisangabe bezieht sich auf ein Gramm. Bitte w\u00e4hlen Sie mit Hilfe der Mengenangabe die gew\u00fcnschte Grammzahl. Lichtechtheit: 8 Geeignet f\u00fcr: Fresko, Tempera, Wasserfarben Um die Pigmente f\u00fcr die Buchmalerei zu nutzen, m\u00fcssen sie mit einem Bindemittel, wie einem den von Boltz \u00fcberlieferten Temperaturwasser zubereitet werden. Alles was f\u00fcr die Zubereitung der Temperaturwasser ben\u00f6tigt wird, &hellip; <\/p>\n<p class=\"link-more\"><a href=\"https:\/\/buchmaler.org\/?product=gelber-marokkanischer-ocker-in-stuecken\" class=\"more-link\"><span class=\"screen-reader-text\">\u201eGelber marokkanischer Ocker in St\u00fccken\u201c <\/span>weiterlesen<\/a><\/p>\n","protected":false},"featured_media":1688,"template":"","meta":{"ngg_post_thumbnail":0},"product_brand":[],"product_cat":[105],"product_tag":[],"class_list":{"0":"post-1681","1":"product","2":"type-product","3":"status-publish","4":"has-post-thumbnail","6":"product_cat-pigmente","7":"product_shipping_class-paket-brief","9":"first","10":"instock","11":"shipping-taxable","12":"purchasable","13":"product-type-simple"},"_links":{"self":[{"href":"https:\/\/buchmaler.org\/index.php?rest_route=\/wp\/v2\/product\/1681","targetHints":{"allow":["GET"]}}],"collection":[{"href":"https:\/\/buchmaler.org\/index.php?rest_route=\/wp\/v2\/product"}],"about":[{"href":"https:\/\/buchmaler.org\/index.php?rest_route=\/wp\/v2\/types\/product"}],"wp:featuredmedia":[{"embeddable":true,"href":"https:\/\/buchmaler.org\/index.php?rest_route=\/wp\/v2\/media\/1688"}],"wp:attachment":[{"href":"https:\/\/buchmaler.org\/index.php?rest_route=%2Fwp%2Fv2%2Fmedia&parent=1681"}],"wp:term":[{"taxonomy":"product_brand","embeddable":true,"href":"https:\/\/buchmaler.org\/index.php?rest_route=%2Fwp%2Fv2%2Fproduct_brand&post=1681"},{"taxonomy":"product_cat","embeddable":true,"href":"https:\/\/buchmaler.org\/index.php?rest_route=%2Fwp%2Fv2%2Fproduct_cat&post=1681"},{"taxonomy":"product_tag","embeddable":true,"href":"https:\/\/buchmaler.org\/index.php?rest_route=%2Fwp%2Fv2%2Fproduct_tag&post=1681"}],"curies":[{"name":"wp","href":"https:\/\/api.w.org\/{rel}","templated":true}]}}