{"id":1861,"date":"2021-01-10T20:53:41","date_gmt":"2021-01-10T19:53:41","guid":{"rendered":"https:\/\/buchmaler.org\/?post_type=product&#038;p=1861"},"modified":"2025-01-24T22:05:14","modified_gmt":"2025-01-24T21:05:14","slug":"durchsichtiges-buettenpapier","status":"publish","type":"product","link":"https:\/\/buchmaler.org\/?product=durchsichtiges-buettenpapier","title":{"rendered":"Durchsichtiges B\u00fcttenpapier"},"content":{"rendered":"<p>Durchsichtiges B\u00fcttenpapier nach einem Rezept aus dem Liber <span style=\"font-size: medium;\">Illuministarum. <\/span><span style=\"font-size: medium;\">Mit diesem Papier k\u00f6nnen Grafiken kopiert werden.<\/span><\/p>\n<p>Das durchsichtige B\u00fcttenpapier wird von uns nicht auf Vorrat gehalten, sondern im Fall einer Bestellung angefertigt.<\/p>\n<p><span style=\"font-size: medium;\">Um etwas zu \u00fcbertragen, wird das durchsichtige Blatt auf das zu kopierende gelegt und die durchscheinende Grafik mit einem Bleistift oder Tinte auf dem Papier nach gezeichnet.<\/span><\/p>\n<p><span style=\"font-size: medium;\">Anschlie\u00dfend wird das durchsichtige Papier auf eine Glasscheibe gelegt und darauf ein Blatt Papier.<\/span><\/p>\n<p><img loading=\"lazy\" decoding=\"async\" class=\"alignleft size-medium wp-image-1863\" src=\"https:\/\/buchmaler.org\/wp-content\/uploads\/2021\/01\/Durchsichtiges-Buettenpapier-Produktbild-Shop-3-300x275.jpg\" alt=\"\" width=\"300\" height=\"275\" srcset=\"https:\/\/buchmaler.org\/wp-content\/uploads\/2021\/01\/Durchsichtiges-Buettenpapier-Produktbild-Shop-3-300x275.jpg 300w, https:\/\/buchmaler.org\/wp-content\/uploads\/2021\/01\/Durchsichtiges-Buettenpapier-Produktbild-Shop-3-845x773.jpg 845w, https:\/\/buchmaler.org\/wp-content\/uploads\/2021\/01\/Durchsichtiges-Buettenpapier-Produktbild-Shop-3-768x703.jpg 768w, https:\/\/buchmaler.org\/wp-content\/uploads\/2021\/01\/Durchsichtiges-Buettenpapier-Produktbild-Shop-3-350x320.jpg 350w, https:\/\/buchmaler.org\/wp-content\/uploads\/2021\/01\/Durchsichtiges-Buettenpapier-Produktbild-Shop-3.jpg 1024w\" sizes=\"auto, (max-width: 300px) 100vw, 300px\" \/><\/p>\n<p><span style=\"font-size: medium;\">Um die Zeichnung zu \u00fcbertragen muss die Glasscheibe gegen das Licht gehalten werden, wodurch die Linien auf dem durchsichtigen Papier, durch das darauf liegende Papier durchscheint. Der Verfasser des Rezeptes empfiehlt eine Fensterscheibe als Glasscheibe zu verwenden.<\/span><\/p>\n<p><span style=\"font-size: medium;\">Das hier angebotene Produkt besteht aus einem Blatt durchsichtiges B\u00fcttenpapier <\/span><span style=\"font-size: medium;\">115g \/ m\u00b2 210 x 290 mm.<\/span><\/p>\n<p>Wir empfehlen auf dem Papier mit Eisengallustinte zu zeichnen. Von der Verwendung eines Garfitstiftes raten wir ab. Da er beim \u00dcbertragen der Zeichnung auf Papier, auf der R\u00fcckseite des Papiers abf\u00e4rbt. Leider lassen sich diese Grafitflecken nur schwer entfernen.<\/p>\n<p>Die Verwendung von Eisengallustinte bietet auch den Vorteil, das sich die Zeichnung mit einem Radiermesser entfernen l\u00e4sst. Was es erm\u00f6glich das durchsitige Papier mehrfach zu verwenden.<\/p>\n","protected":false},"excerpt":{"rendered":"<p>Durchsichtiges B\u00fcttenpapier nach einem Rezept aus dem Liber Illuministarum. Mit diesem Papier k\u00f6nnen Grafiken kopiert werden. Das durchsichtige B\u00fcttenpapier wird von uns nicht auf Vorrat gehalten, sondern im Fall einer Bestellung angefertigt. Um etwas zu \u00fcbertragen, wird das durchsichtige Blatt auf das zu kopierende gelegt und die durchscheinende Grafik mit einem Bleistift oder Tinte auf &hellip; <\/p>\n<p class=\"link-more\"><a href=\"https:\/\/buchmaler.org\/?product=durchsichtiges-buettenpapier\" class=\"more-link\"><span class=\"screen-reader-text\">\u201eDurchsichtiges B\u00fcttenpapier\u201c <\/span>weiterlesen<\/a><\/p>\n","protected":false},"featured_media":1862,"template":"","meta":{"ngg_post_thumbnail":0},"product_brand":[],"product_cat":[101,162],"product_tag":[],"class_list":{"0":"post-1861","1":"product","2":"type-product","3":"status-publish","4":"has-post-thumbnail","6":"product_cat-buettenpapier","7":"product_cat-zeichenbedarf","8":"product_shipping_class-paket-brief","10":"first","11":"instock","12":"shipping-taxable","13":"purchasable","14":"product-type-simple"},"_links":{"self":[{"href":"https:\/\/buchmaler.org\/index.php?rest_route=\/wp\/v2\/product\/1861","targetHints":{"allow":["GET"]}}],"collection":[{"href":"https:\/\/buchmaler.org\/index.php?rest_route=\/wp\/v2\/product"}],"about":[{"href":"https:\/\/buchmaler.org\/index.php?rest_route=\/wp\/v2\/types\/product"}],"wp:featuredmedia":[{"embeddable":true,"href":"https:\/\/buchmaler.org\/index.php?rest_route=\/wp\/v2\/media\/1862"}],"wp:attachment":[{"href":"https:\/\/buchmaler.org\/index.php?rest_route=%2Fwp%2Fv2%2Fmedia&parent=1861"}],"wp:term":[{"taxonomy":"product_brand","embeddable":true,"href":"https:\/\/buchmaler.org\/index.php?rest_route=%2Fwp%2Fv2%2Fproduct_brand&post=1861"},{"taxonomy":"product_cat","embeddable":true,"href":"https:\/\/buchmaler.org\/index.php?rest_route=%2Fwp%2Fv2%2Fproduct_cat&post=1861"},{"taxonomy":"product_tag","embeddable":true,"href":"https:\/\/buchmaler.org\/index.php?rest_route=%2Fwp%2Fv2%2Fproduct_tag&post=1861"}],"curies":[{"name":"wp","href":"https:\/\/api.w.org\/{rel}","templated":true}]}}