{"id":1873,"date":"2021-01-26T20:08:02","date_gmt":"2021-01-26T19:08:02","guid":{"rendered":"https:\/\/buchmaler.org\/?post_type=product&#038;p=1873"},"modified":"2025-01-24T22:04:18","modified_gmt":"2025-01-24T21:04:18","slug":"kandiszucker","status":"publish","type":"product","link":"https:\/\/buchmaler.org\/?product=kandiszucker","title":{"rendered":"Kandiszucker"},"content":{"rendered":"<p>Kandiszucker wurde neben Honig, bei der Herstellung von Farben und Temperaturwassern als Weichmacher verwendet. Die Zugabe von Honig und Kandiszucker sorgt daf\u00fcr, das die Farben flexibler bleiben und so dem Rei\u00dfen und abspringen vorbeugen.<\/p>\n<p>Das hier angebotene Produkt besteht aus 100 g wei\u00dfem Kandiszucker in Bioqualit\u00e4t.<\/p>\n","protected":false},"excerpt":{"rendered":"<p>Kandiszucker wurde neben Honig, bei der Herstellung von Farben und Temperaturwassern als Weichmacher verwendet. Die Zugabe von Honig und Kandiszucker sorgt daf\u00fcr, das die Farben flexibler bleiben und so dem Rei\u00dfen und abspringen vorbeugen. Das hier angebotene Produkt besteht aus 100 g wei\u00dfem Kandiszucker in Bioqualit\u00e4t.<\/p>\n","protected":false},"featured_media":1874,"template":"","meta":{"ngg_post_thumbnail":0},"product_brand":[],"product_cat":[95],"product_tag":[],"class_list":{"0":"post-1873","1":"product","2":"type-product","3":"status-publish","4":"has-post-thumbnail","6":"product_cat-baumharze-bindemittel","7":"product_shipping_class-paket-brief","9":"first","10":"instock","11":"shipping-taxable","12":"purchasable","13":"product-type-simple"},"_links":{"self":[{"href":"https:\/\/buchmaler.org\/index.php?rest_route=\/wp\/v2\/product\/1873","targetHints":{"allow":["GET"]}}],"collection":[{"href":"https:\/\/buchmaler.org\/index.php?rest_route=\/wp\/v2\/product"}],"about":[{"href":"https:\/\/buchmaler.org\/index.php?rest_route=\/wp\/v2\/types\/product"}],"wp:featuredmedia":[{"embeddable":true,"href":"https:\/\/buchmaler.org\/index.php?rest_route=\/wp\/v2\/media\/1874"}],"wp:attachment":[{"href":"https:\/\/buchmaler.org\/index.php?rest_route=%2Fwp%2Fv2%2Fmedia&parent=1873"}],"wp:term":[{"taxonomy":"product_brand","embeddable":true,"href":"https:\/\/buchmaler.org\/index.php?rest_route=%2Fwp%2Fv2%2Fproduct_brand&post=1873"},{"taxonomy":"product_cat","embeddable":true,"href":"https:\/\/buchmaler.org\/index.php?rest_route=%2Fwp%2Fv2%2Fproduct_cat&post=1873"},{"taxonomy":"product_tag","embeddable":true,"href":"https:\/\/buchmaler.org\/index.php?rest_route=%2Fwp%2Fv2%2Fproduct_tag&post=1873"}],"curies":[{"name":"wp","href":"https:\/\/api.w.org\/{rel}","templated":true}]}}