{"id":1982,"date":"2021-08-04T19:42:03","date_gmt":"2021-08-04T17:42:03","guid":{"rendered":"https:\/\/buchmaler.org\/?post_type=product&#038;p=1982"},"modified":"2025-11-13T20:07:30","modified_gmt":"2025-11-13T19:07:30","slug":"kielpinsel-groesse-3-2","status":"publish","type":"product","link":"https:\/\/buchmaler.org\/?product=kielpinsel-groesse-3-2","title":{"rendered":"Kielpinsel &#8211; Gr\u00f6\u00dfe 3"},"content":{"rendered":"<p>Kielpinsel werden immer noch auf die gleiche Weise hergestellt wie Cennino Cennini es im Il Libro dell&#8217;Arte beschreibt und die mittelalterlichen Buchmaler sie verwendeten.<\/p>\n<p>Der hier angebotene Kielpinsel der Gr\u00f6\u00dfe 3 ist spitz und lang gebunden.<br \/>\nEr besteht aus reinem Kasaner Fehhaar in einem Naturkiel mit einem unbehandeltem Holzstiel.<br \/>\nDer Holzstiel ist mit dem Naturkiel nicht fest verbunden, sondern nur aufgesteckt und l\u00e4sst sich leicht abziehen.<\/p>\n<p>Bitte beachten sie das bei Kielpinseln die h\u00f6chste Gr\u00f6\u00dfenangabe den kleinsten Pinsel darstellt. So Das der Pinsel mit der Gr\u00f6\u00dfe 10 den kleinstm\u00f6glichen Pinsel darstellt. Wohingegen der Pinsel der Gr\u00f6\u00dfe 1 gr\u00f6\u00dftm\u00f6glichen Pinsel darstellt.<\/p>\n<p><img loading=\"lazy\" decoding=\"async\" class=\"alignleft wp-image-1986 size-large\" src=\"https:\/\/buchmaler.org\/wp-content\/uploads\/2021\/08\/Kielpinsel-Groesse_3-Gesamtlaenge-klein-845x183.jpg\" alt=\"\" width=\"525\" height=\"114\" srcset=\"https:\/\/buchmaler.org\/wp-content\/uploads\/2021\/08\/Kielpinsel-Groesse_3-Gesamtlaenge-klein-845x183.jpg 845w, https:\/\/buchmaler.org\/wp-content\/uploads\/2021\/08\/Kielpinsel-Groesse_3-Gesamtlaenge-klein-300x65.jpg 300w, https:\/\/buchmaler.org\/wp-content\/uploads\/2021\/08\/Kielpinsel-Groesse_3-Gesamtlaenge-klein-768x167.jpg 768w, https:\/\/buchmaler.org\/wp-content\/uploads\/2021\/08\/Kielpinsel-Groesse_3-Gesamtlaenge-klein-350x76.jpg 350w, https:\/\/buchmaler.org\/wp-content\/uploads\/2021\/08\/Kielpinsel-Groesse_3-Gesamtlaenge-klein.jpg 1024w\" sizes=\"auto, (max-width: 525px) 100vw, 525px\" \/><\/p>\n<p>&nbsp;<\/p>\n<p>&nbsp;<\/p>\n<p>&nbsp;<\/p>\n<p><img loading=\"lazy\" decoding=\"async\" class=\"alignleft size-large wp-image-1985\" src=\"https:\/\/buchmaler.org\/wp-content\/uploads\/2021\/08\/Kielpinsel-Groesse_3-Kopflaenge-klein-845x220.jpg\" alt=\"\" width=\"525\" height=\"137\" srcset=\"https:\/\/buchmaler.org\/wp-content\/uploads\/2021\/08\/Kielpinsel-Groesse_3-Kopflaenge-klein-845x220.jpg 845w, https:\/\/buchmaler.org\/wp-content\/uploads\/2021\/08\/Kielpinsel-Groesse_3-Kopflaenge-klein-300x78.jpg 300w, https:\/\/buchmaler.org\/wp-content\/uploads\/2021\/08\/Kielpinsel-Groesse_3-Kopflaenge-klein-768x200.jpg 768w, https:\/\/buchmaler.org\/wp-content\/uploads\/2021\/08\/Kielpinsel-Groesse_3-Kopflaenge-klein-350x91.jpg 350w, https:\/\/buchmaler.org\/wp-content\/uploads\/2021\/08\/Kielpinsel-Groesse_3-Kopflaenge-klein.jpg 1024w\" sizes=\"auto, (max-width: 525px) 100vw, 525px\" \/><\/p>\n<p>&nbsp;<\/p>\n<p>&nbsp;<\/p>\n<p>&nbsp;<\/p>\n<p>Das bei den Pinseln die T\u00fclle nicht am Stiel befestigt ist, kann leider dazu f\u00fchren das die T\u00fclle mitunter vom Stiel abf\u00e4llt. Was zu Farbflecken an nicht gew\u00fcnschter Stelle f\u00fchren kann.<\/p>\n<p>Deshalb ist es wichtig zu vermeiden, das die Fingerspitzen beim Malen gegen die T\u00fclle sto\u00dfen. Weshalb es besser ist den Pinsel weiter hinten zu greifen. Ober aber, die T\u00fclle und den Stiel mit Hilfe eines Tropfen Knochenleims, oder \u00e4hnlichem, miteinander zu verkleben.<\/p>\n","protected":false},"excerpt":{"rendered":"<p>Kielpinsel werden immer noch auf die gleiche Weise hergestellt wie Cennino Cennini es im Il Libro dell&#8217;Arte beschreibt und die mittelalterlichen Buchmaler sie verwendeten. Der hier angebotene Kielpinsel der Gr\u00f6\u00dfe 3 ist spitz und lang gebunden. Er besteht aus reinem Kasaner Fehhaar in einem Naturkiel mit einem unbehandeltem Holzstiel. Der Holzstiel ist mit dem Naturkiel &hellip; <\/p>\n<p class=\"link-more\"><a href=\"https:\/\/buchmaler.org\/?product=kielpinsel-groesse-3-2\" class=\"more-link\"><span class=\"screen-reader-text\">\u201eKielpinsel &#8211; Gr\u00f6\u00dfe 3\u201c <\/span>weiterlesen<\/a><\/p>\n","protected":false},"featured_media":1984,"template":"","meta":{"ngg_post_thumbnail":0},"product_brand":[],"product_cat":[126],"product_tag":[],"class_list":{"0":"post-1982","1":"product","2":"type-product","3":"status-publish","4":"has-post-thumbnail","6":"product_cat-pinsel","7":"product_shipping_class-paket-brief","9":"first","10":"instock","11":"shipping-taxable","12":"purchasable","13":"product-type-simple"},"_links":{"self":[{"href":"https:\/\/buchmaler.org\/index.php?rest_route=\/wp\/v2\/product\/1982","targetHints":{"allow":["GET"]}}],"collection":[{"href":"https:\/\/buchmaler.org\/index.php?rest_route=\/wp\/v2\/product"}],"about":[{"href":"https:\/\/buchmaler.org\/index.php?rest_route=\/wp\/v2\/types\/product"}],"wp:featuredmedia":[{"embeddable":true,"href":"https:\/\/buchmaler.org\/index.php?rest_route=\/wp\/v2\/media\/1984"}],"wp:attachment":[{"href":"https:\/\/buchmaler.org\/index.php?rest_route=%2Fwp%2Fv2%2Fmedia&parent=1982"}],"wp:term":[{"taxonomy":"product_brand","embeddable":true,"href":"https:\/\/buchmaler.org\/index.php?rest_route=%2Fwp%2Fv2%2Fproduct_brand&post=1982"},{"taxonomy":"product_cat","embeddable":true,"href":"https:\/\/buchmaler.org\/index.php?rest_route=%2Fwp%2Fv2%2Fproduct_cat&post=1982"},{"taxonomy":"product_tag","embeddable":true,"href":"https:\/\/buchmaler.org\/index.php?rest_route=%2Fwp%2Fv2%2Fproduct_tag&post=1982"}],"curies":[{"name":"wp","href":"https:\/\/api.w.org\/{rel}","templated":true}]}}