{"id":1997,"date":"2021-08-29T18:15:41","date_gmt":"2021-08-29T16:15:41","guid":{"rendered":"https:\/\/buchmaler.org\/?post_type=product&#038;p=1997"},"modified":"2025-01-24T22:00:34","modified_gmt":"2025-01-24T21:00:34","slug":"muschelfarbe-saftgruen-aus-raute","status":"publish","type":"product","link":"https:\/\/buchmaler.org\/?product=muschelfarbe-saftgruen-aus-raute","title":{"rendered":"Muschelfarbe &#8211; Raute"},"content":{"rendered":"<p>Dieses aus Rautenbl\u00e4ttern Saftgr\u00fcn hat einen wundersch\u00f6nen frischen Gr\u00fcnton. Es kan sowohl als lasierender Gr\u00fcnton, als auch zum Schattieren verwendet werden.<br \/>\nUm die Saftfarbe m\u00f6glichst lang haltbar zu machen, haben wir dem frischen Rautensaft Gummi arabicum hinzugef\u00fcgt und ihn in Muscheln gegossen. Um ihn anschlie\u00dfend in den Muschelschalen eintrocknen zu lassen. Wodurch er ohne Qualit\u00e4tsverlust \u00fcber Jahre hinweg haltbar wird.<\/p>\n<p>Da der Saftfarbe bereits ein Bindemittel (Gummi arabicum) hinzugef\u00fcgt wurde, kann die Muschelschale <img loading=\"lazy\" decoding=\"async\" class=\"alignleft wp-image-2000 size-full\" src=\"https:\/\/buchmaler.org\/wp-content\/uploads\/2021\/08\/Rautensaft-Farbprobe-2.jpg\" alt=\"\" width=\"136\" height=\"62\">wie ein Tuschkasten genutzt werden. Dazu wird ein Pinsel in einem Wasserglas ben\u00e4sst, um mit ihm anschlie\u00dfend durch die getrocknete Farbe zu fahren und diese aufzunehmen.<\/p>\n<p>Das hier angebotene Produkt besteht aus eine Muschelschale, in der sich getrocknete Rautensaft befindet.<\/p>\n","protected":false},"excerpt":{"rendered":"<p>Dieses aus Rautenbl\u00e4ttern Saftgr\u00fcn hat einen wundersch\u00f6nen frischen Gr\u00fcnton. Es kan sowohl als lasierender Gr\u00fcnton, als auch zum Schattieren verwendet werden. Um die Saftfarbe m\u00f6glichst lang haltbar zu machen, haben wir dem frischen Rautensaft Gummi arabicum hinzugef\u00fcgt und ihn in Muscheln gegossen. Um ihn anschlie\u00dfend in den Muschelschalen eintrocknen zu lassen. Wodurch er ohne Qualit\u00e4tsverlust &hellip; <\/p>\n<p class=\"link-more\"><a href=\"https:\/\/buchmaler.org\/?product=muschelfarbe-saftgruen-aus-raute\" class=\"more-link\"><span class=\"screen-reader-text\">\u201eMuschelfarbe &#8211; Raute\u201c <\/span>weiterlesen<\/a><\/p>\n","protected":false},"featured_media":2001,"template":"","meta":{"ngg_post_thumbnail":0},"product_brand":[],"product_cat":[51],"product_tag":[],"class_list":{"0":"post-1997","1":"product","2":"type-product","3":"status-publish","4":"has-post-thumbnail","6":"product_cat-saftfarben","7":"product_shipping_class-paket-brief","9":"first","10":"instock","11":"shipping-taxable","12":"purchasable","13":"product-type-simple"},"_links":{"self":[{"href":"https:\/\/buchmaler.org\/index.php?rest_route=\/wp\/v2\/product\/1997","targetHints":{"allow":["GET"]}}],"collection":[{"href":"https:\/\/buchmaler.org\/index.php?rest_route=\/wp\/v2\/product"}],"about":[{"href":"https:\/\/buchmaler.org\/index.php?rest_route=\/wp\/v2\/types\/product"}],"wp:featuredmedia":[{"embeddable":true,"href":"https:\/\/buchmaler.org\/index.php?rest_route=\/wp\/v2\/media\/2001"}],"wp:attachment":[{"href":"https:\/\/buchmaler.org\/index.php?rest_route=%2Fwp%2Fv2%2Fmedia&parent=1997"}],"wp:term":[{"taxonomy":"product_brand","embeddable":true,"href":"https:\/\/buchmaler.org\/index.php?rest_route=%2Fwp%2Fv2%2Fproduct_brand&post=1997"},{"taxonomy":"product_cat","embeddable":true,"href":"https:\/\/buchmaler.org\/index.php?rest_route=%2Fwp%2Fv2%2Fproduct_cat&post=1997"},{"taxonomy":"product_tag","embeddable":true,"href":"https:\/\/buchmaler.org\/index.php?rest_route=%2Fwp%2Fv2%2Fproduct_tag&post=1997"}],"curies":[{"name":"wp","href":"https:\/\/api.w.org\/{rel}","templated":true}]}}