{"id":2264,"date":"2023-02-21T20:43:49","date_gmt":"2023-02-21T19:43:49","guid":{"rendered":"https:\/\/buchmaler.org\/?post_type=product&#038;p=2264"},"modified":"2025-12-13T21:41:19","modified_gmt":"2025-12-13T20:41:19","slug":"lapis-lazuli-einfache-qualitaet","status":"publish","type":"product","link":"https:\/\/buchmaler.org\/?product=lapis-lazuli-einfache-qualitaet","title":{"rendered":"Lapis Lazuli &#8211; Einfache Qualit\u00e4t"},"content":{"rendered":"<p>Lapis Lazuli ist ein relativ seltener Halbedelstein, der aufgrund seiner intensiv blauen Farbe bei den mittelalterlichen Buchmalern, aber auch schon lange davor, sehr beliebt war.<br \/>\nDas hier angebotene Produkt besteht aus 1 Gramm des Halbedelsteins Lazuli von einfacher Qualit\u00e4t. Das Lapis Lazuli wird als Stein in wieder verschlie\u00dfbaren Kunststoffbeuteln geliefert.<\/p>\n<p>Um die Pigmente f\u00fcr die Buchmalerei zu nutzen, m\u00fcssen sie mit einem Bindemittel, wie einem den <a href=\"https:\/\/buchmaler.org\/?p=820\" target=\"_blank\" rel=\"noopener\">von Boltz \u00fcberlieferten Temperaturwasser<\/a> zubereitet werden. Alles was f\u00fcr die Zubereitung der Temperaturwasser ben\u00f6tigt wird, findet sich <a href=\"https:\/\/buchmaler.org\/?product_cat=baumharze-bindemittel\" target=\"_blank\" rel=\"noopener\">hier im Shop unter Bindemittel &amp; Zusatzstoffe<\/a>. Wir haben aber auch <a href=\"https:\/\/buchmaler.org\/?product_cat=temperaturwasser\" target=\"_blank\" rel=\"noopener\">fertige Temperaturwasser<\/a> in unserem Angebot.<\/p>\n","protected":false},"excerpt":{"rendered":"<p>Lapis Lazuli ist ein relativ seltener Halbedelstein, der aufgrund seiner intensiv blauen Farbe bei den mittelalterlichen Buchmalern, aber auch schon lange davor, sehr beliebt war. Das hier angebotene Produkt besteht aus 1 Gramm des Halbedelsteins Lazuli von einfacher Qualit\u00e4t. Das Lapis Lazuli wird als Stein in wieder verschlie\u00dfbaren Kunststoffbeuteln geliefert. Um die Pigmente f\u00fcr die &hellip; <\/p>\n<p class=\"link-more\"><a href=\"https:\/\/buchmaler.org\/?product=lapis-lazuli-einfache-qualitaet\" class=\"more-link\"><span class=\"screen-reader-text\">\u201eLapis Lazuli &#8211; Einfache Qualit\u00e4t\u201c <\/span>weiterlesen<\/a><\/p>\n","protected":false},"featured_media":2266,"template":"","meta":{"ngg_post_thumbnail":0},"product_brand":[],"product_cat":[105],"product_tag":[],"class_list":{"0":"post-2264","1":"product","2":"type-product","3":"status-publish","4":"has-post-thumbnail","6":"product_cat-pigmente","7":"product_shipping_class-paket-brief","9":"first","10":"instock","11":"shipping-taxable","12":"purchasable","13":"product-type-simple"},"_links":{"self":[{"href":"https:\/\/buchmaler.org\/index.php?rest_route=\/wp\/v2\/product\/2264","targetHints":{"allow":["GET"]}}],"collection":[{"href":"https:\/\/buchmaler.org\/index.php?rest_route=\/wp\/v2\/product"}],"about":[{"href":"https:\/\/buchmaler.org\/index.php?rest_route=\/wp\/v2\/types\/product"}],"wp:featuredmedia":[{"embeddable":true,"href":"https:\/\/buchmaler.org\/index.php?rest_route=\/wp\/v2\/media\/2266"}],"wp:attachment":[{"href":"https:\/\/buchmaler.org\/index.php?rest_route=%2Fwp%2Fv2%2Fmedia&parent=2264"}],"wp:term":[{"taxonomy":"product_brand","embeddable":true,"href":"https:\/\/buchmaler.org\/index.php?rest_route=%2Fwp%2Fv2%2Fproduct_brand&post=2264"},{"taxonomy":"product_cat","embeddable":true,"href":"https:\/\/buchmaler.org\/index.php?rest_route=%2Fwp%2Fv2%2Fproduct_cat&post=2264"},{"taxonomy":"product_tag","embeddable":true,"href":"https:\/\/buchmaler.org\/index.php?rest_route=%2Fwp%2Fv2%2Fproduct_tag&post=2264"}],"curies":[{"name":"wp","href":"https:\/\/api.w.org\/{rel}","templated":true}]}}