{"id":2281,"date":"2025-01-24T21:52:20","date_gmt":"2025-01-24T20:52:20","guid":{"rendered":"https:\/\/buchmaler.org\/?post_type=product&#038;p=2281"},"modified":"2025-06-12T17:14:24","modified_gmt":"2025-06-12T15:14:24","slug":"aquarelltinte-2","status":"publish","type":"product","link":"https:\/\/buchmaler.org\/?product=aquarelltinte-2","title":{"rendered":"Aquarelltinte"},"content":{"rendered":"<p>Diese auf Eisengallustinte basierende Aquarelltinte ist nach einem Rezept von<\/p>\n<figure id=\"attachment_1868\" aria-describedby=\"caption-attachment-1868\" style=\"width: 150px\" class=\"wp-caption alignleft\"><img loading=\"lazy\" decoding=\"async\" class=\"size-thumbnail wp-image-1868\" src=\"https:\/\/buchmaler.org\/wp-content\/uploads\/2021\/01\/Bluemchen-150x150.jpg\" alt=\"\" width=\"150\" height=\"150\" srcset=\"https:\/\/buchmaler.org\/wp-content\/uploads\/2021\/01\/Bluemchen-150x150.jpg 150w, https:\/\/buchmaler.org\/wp-content\/uploads\/2021\/01\/Bluemchen-100x100.jpg 100w, https:\/\/buchmaler.org\/wp-content\/uploads\/2021\/01\/Bluemchen.jpg 200w\" sizes=\"auto, (max-width: 150px) 100vw, 150px\" \/><figcaption id=\"caption-attachment-1868\" class=\"wp-caption-text\">Eine nur schwach deckende Tinte.<\/figcaption><\/figure>\n<p>Cennino Cennini zubereitet. Aquarelltinte ist eine besonders d\u00fcnne Tinte die dem Nachzeichnen der mit dem Bleigriffel gemachten Entw\u00fcrfe und dem Anlegen von Zeichnungen dient. Sie hat eine zarten samtigen Grauton.<\/p>\n<p>das hier angebotene Produkt besteht aus 30 ml in einem Gl\u00e4sfl\u00e4schen mit Schraubdeckel abgef\u00fcllte Aquarelltinte.<\/p>\n<figure id=\"attachment_1867\" aria-describedby=\"caption-attachment-1867\" style=\"width: 525px\" class=\"wp-caption alignleft\"><img loading=\"lazy\" decoding=\"async\" class=\"size-large wp-image-1867\" src=\"https:\/\/buchmaler.org\/wp-content\/uploads\/2021\/01\/Entwuerfe-845x694.jpg\" alt=\"\" width=\"525\" height=\"431\" srcset=\"https:\/\/buchmaler.org\/wp-content\/uploads\/2021\/01\/Entwuerfe-845x694.jpg 845w, https:\/\/buchmaler.org\/wp-content\/uploads\/2021\/01\/Entwuerfe-300x246.jpg 300w, https:\/\/buchmaler.org\/wp-content\/uploads\/2021\/01\/Entwuerfe-768x631.jpg 768w, https:\/\/buchmaler.org\/wp-content\/uploads\/2021\/01\/Entwuerfe-350x287.jpg 350w, https:\/\/buchmaler.org\/wp-content\/uploads\/2021\/01\/Entwuerfe.jpg 900w\" sizes=\"auto, (max-width: 525px) 100vw, 525px\" \/><figcaption id=\"caption-attachment-1867\" class=\"wp-caption-text\">Mit Aquarelltinte nachgezogene Vorzeichnungen.<\/figcaption><\/figure>\n","protected":false},"excerpt":{"rendered":"<p>Diese auf Eisengallustinte basierende Aquarelltinte ist nach einem Rezept von Cennino Cennini zubereitet. Aquarelltinte ist eine besonders d\u00fcnne Tinte die dem Nachzeichnen der mit dem Bleigriffel gemachten Entw\u00fcrfe und dem Anlegen von Zeichnungen dient. Sie hat eine zarten samtigen Grauton. das hier angebotene Produkt besteht aus 30 ml in einem Gl\u00e4sfl\u00e4schen mit Schraubdeckel abgef\u00fcllte Aquarelltinte.<\/p>\n","protected":false},"featured_media":1869,"template":"","meta":{"ngg_post_thumbnail":0},"product_brand":[],"product_cat":[48],"product_tag":[],"class_list":{"0":"post-2281","1":"product","2":"type-product","3":"status-publish","4":"has-post-thumbnail","6":"product_cat-tinten","7":"product_shipping_class-paket-brief","9":"first","10":"instock","11":"shipping-taxable","12":"purchasable","13":"product-type-variable"},"_links":{"self":[{"href":"https:\/\/buchmaler.org\/index.php?rest_route=\/wp\/v2\/product\/2281","targetHints":{"allow":["GET"]}}],"collection":[{"href":"https:\/\/buchmaler.org\/index.php?rest_route=\/wp\/v2\/product"}],"about":[{"href":"https:\/\/buchmaler.org\/index.php?rest_route=\/wp\/v2\/types\/product"}],"wp:featuredmedia":[{"embeddable":true,"href":"https:\/\/buchmaler.org\/index.php?rest_route=\/wp\/v2\/media\/1869"}],"wp:attachment":[{"href":"https:\/\/buchmaler.org\/index.php?rest_route=%2Fwp%2Fv2%2Fmedia&parent=2281"}],"wp:term":[{"taxonomy":"product_brand","embeddable":true,"href":"https:\/\/buchmaler.org\/index.php?rest_route=%2Fwp%2Fv2%2Fproduct_brand&post=2281"},{"taxonomy":"product_cat","embeddable":true,"href":"https:\/\/buchmaler.org\/index.php?rest_route=%2Fwp%2Fv2%2Fproduct_cat&post=2281"},{"taxonomy":"product_tag","embeddable":true,"href":"https:\/\/buchmaler.org\/index.php?rest_route=%2Fwp%2Fv2%2Fproduct_tag&post=2281"}],"curies":[{"name":"wp","href":"https:\/\/api.w.org\/{rel}","templated":true}]}}