{"id":2282,"date":"2023-03-04T21:49:08","date_gmt":"2023-03-04T20:49:08","guid":{"rendered":"https:\/\/buchmaler.org\/?post_type=product&#038;p=2282"},"modified":"2026-02-18T14:59:40","modified_gmt":"2026-02-18T13:59:40","slug":"eisengallustinte-iii","status":"publish","type":"product","link":"https:\/\/buchmaler.org\/?product=eisengallustinte-iii","title":{"rendered":"Eisengallustinte III"},"content":{"rendered":"<p>Bei dieser Eisengallustinte handelt es sich um den Abguss des nach dem Colmarer Kunstbuch zubereiteten Tintenpulvers. Der Verfasser des Rezeptes schrieb: \u201esch\u00f9te den daz oberste ebben abe und tuo es behalten zuo schriben\u201c. Da das Eisengallustintenpulver sehr viele Gall\u00e4pfel, Vitriol und Gummi Arabicum enth\u00e4lt, wesentlich mehr als es bei gew\u00f6hnlichen Eisengallustinten der Fall ist, handelt es sich um eine sehr kr\u00e4ftige Tinte.<br \/>\nSchreibt man mit der Tinte, ist das Schriftbild fast sofort schwarz und liegt fett auf dem Papier, wodurch die Tinte beim Schreiben nicht ganz so sanft aus der Feder flie\u00dft wie die Eisengallustinte I ,was den Schreibfluss aber nicht st\u00f6rt.<\/p>\n<p>Vor dem Gebrauch sollte die Tinte aufger\u00fchrt werden, da sich die festen Anteile der Tinte nach einer Weile am Grund des Gef\u00e4\u00dfes absetzen. Das Gleiche gilt, wenn man l\u00e4ngere Texte schreibt. Zwischendurch m\u00f6chte die Tinte immer wieder mal aufger\u00fchrt werden.<\/p>\n<p>Bitte w\u00e4hlen Sie \u00fcber das Auswahlfeld auf der rechten Seite die gew\u00fcnschte Menge aus.<\/p>\n<p><strong>Gefahrenhinweis<\/strong><\/p>\n<p>Flecken von Eisengallustinte lassen sich nur im ganz frischen Zustand mit Wasser entfernen. Ist die Tinte erst mal richtig getrocknet, l\u00e4sst sie sich nur noch von sehr glatten Oberfl\u00e4chen entfernen.<br \/>\nEisengallustinte ist aufgrund des Vitriols leicht \u00e4tzend. Deshalb weder verschlucken noch in die Augen bekommen. Sollte die Tinte ins Auge gelangen, das Auge unter flie\u00dfend Wasser aussp\u00fclen und, wie auch im Fall des Verschluckens, einen Arzt aufsuchen.<\/p>\n","protected":false},"excerpt":{"rendered":"<p>Bei dieser Eisengallustinte handelt es sich um den Abguss des nach dem Colmarer Kunstbuch zubereiteten Tintenpulvers. Der Verfasser des Rezeptes schrieb: \u201esch\u00f9te den daz oberste ebben abe und tuo es behalten zuo schriben\u201c. Da das Eisengallustintenpulver sehr viele Gall\u00e4pfel, Vitriol und Gummi Arabicum enth\u00e4lt, wesentlich mehr als es bei gew\u00f6hnlichen Eisengallustinten der Fall ist, handelt &hellip; <\/p>\n<p class=\"link-more\"><a href=\"https:\/\/buchmaler.org\/?product=eisengallustinte-iii\" class=\"more-link\"><span class=\"screen-reader-text\">\u201eEisengallustinte III\u201c <\/span>weiterlesen<\/a><\/p>\n","protected":false},"featured_media":700,"template":"","meta":{"ngg_post_thumbnail":0},"product_brand":[],"product_cat":[48],"product_tag":[],"class_list":{"0":"post-2282","1":"product","2":"type-product","3":"status-publish","4":"has-post-thumbnail","6":"product_cat-tinten","8":"first","9":"instock","10":"shipping-taxable","11":"purchasable","12":"product-type-variable"},"_links":{"self":[{"href":"https:\/\/buchmaler.org\/index.php?rest_route=\/wp\/v2\/product\/2282","targetHints":{"allow":["GET"]}}],"collection":[{"href":"https:\/\/buchmaler.org\/index.php?rest_route=\/wp\/v2\/product"}],"about":[{"href":"https:\/\/buchmaler.org\/index.php?rest_route=\/wp\/v2\/types\/product"}],"wp:featuredmedia":[{"embeddable":true,"href":"https:\/\/buchmaler.org\/index.php?rest_route=\/wp\/v2\/media\/700"}],"wp:attachment":[{"href":"https:\/\/buchmaler.org\/index.php?rest_route=%2Fwp%2Fv2%2Fmedia&parent=2282"}],"wp:term":[{"taxonomy":"product_brand","embeddable":true,"href":"https:\/\/buchmaler.org\/index.php?rest_route=%2Fwp%2Fv2%2Fproduct_brand&post=2282"},{"taxonomy":"product_cat","embeddable":true,"href":"https:\/\/buchmaler.org\/index.php?rest_route=%2Fwp%2Fv2%2Fproduct_cat&post=2282"},{"taxonomy":"product_tag","embeddable":true,"href":"https:\/\/buchmaler.org\/index.php?rest_route=%2Fwp%2Fv2%2Fproduct_tag&post=2282"}],"curies":[{"name":"wp","href":"https:\/\/api.w.org\/{rel}","templated":true}]}}