{"id":2285,"date":"2023-03-04T21:37:49","date_gmt":"2023-03-04T20:37:49","guid":{"rendered":"https:\/\/buchmaler.org\/?post_type=product&#038;p=2285"},"modified":"2025-11-25T22:27:53","modified_gmt":"2025-11-25T21:27:53","slug":"eisengallustinte-ii-3","status":"publish","type":"product","link":"https:\/\/buchmaler.org\/?product=eisengallustinte-ii-3","title":{"rendered":"Eisengallustinte II"},"content":{"rendered":"<p>Eine von uns nach einem sp\u00e4tmittelalterlichen Rezept aus dem Hs. 32075 Ms. 511 zubereitete Eisengallustinte. Die Tinte besteht aus Essig, Wasser, Vitriol und Gummi Arabicum und ist w\u00e4hrend der Zubereitung 8 Tage gereift, bevor sie gefiltert und abgef\u00fcllt wurde.&nbsp;<br \/>\n<img loading=\"lazy\" decoding=\"async\" class=\"alignleft size-full wp-image-1006\" src=\"https:\/\/buchmaler.org\/wp-content\/uploads\/2018\/07\/Schriftfarbe-Eisenegallustinte_II.jpg\" alt=\"\" width=\"200\" height=\"105\">Die Tinte flie\u00dft gut aus der Feder und zeigt sofort ein tief schwarzes Schriftbild. Durch den hohen Gummianteil steht sie fett und gl\u00e4nzend auf dem Papier und l\u00e4sst sich recht fein schreiben.<\/p>\n<p>&nbsp;<\/p>\n<p>&nbsp;<\/p>\n","protected":false},"excerpt":{"rendered":"<p>Eine von uns nach einem sp\u00e4tmittelalterlichen Rezept aus dem Hs. 32075 Ms. 511 zubereitete Eisengallustinte. Die Tinte besteht aus Essig, Wasser, Vitriol und Gummi Arabicum und ist w\u00e4hrend der Zubereitung 8 Tage gereift, bevor sie gefiltert und abgef\u00fcllt wurde.&nbsp; Die Tinte flie\u00dft gut aus der Feder und zeigt sofort ein tief schwarzes Schriftbild. Durch den &hellip; <\/p>\n<p class=\"link-more\"><a href=\"https:\/\/buchmaler.org\/?product=eisengallustinte-ii-3\" class=\"more-link\"><span class=\"screen-reader-text\">\u201eEisengallustinte II\u201c <\/span>weiterlesen<\/a><\/p>\n","protected":false},"featured_media":778,"template":"","meta":{"ngg_post_thumbnail":0},"product_brand":[],"product_cat":[48],"product_tag":[],"class_list":{"0":"post-2285","1":"product","2":"type-product","3":"status-publish","4":"has-post-thumbnail","6":"product_cat-tinten","7":"product_shipping_class-paket-brief","9":"first","10":"instock","11":"shipping-taxable","12":"purchasable","13":"product-type-variable"},"_links":{"self":[{"href":"https:\/\/buchmaler.org\/index.php?rest_route=\/wp\/v2\/product\/2285","targetHints":{"allow":["GET"]}}],"collection":[{"href":"https:\/\/buchmaler.org\/index.php?rest_route=\/wp\/v2\/product"}],"about":[{"href":"https:\/\/buchmaler.org\/index.php?rest_route=\/wp\/v2\/types\/product"}],"wp:featuredmedia":[{"embeddable":true,"href":"https:\/\/buchmaler.org\/index.php?rest_route=\/wp\/v2\/media\/778"}],"wp:attachment":[{"href":"https:\/\/buchmaler.org\/index.php?rest_route=%2Fwp%2Fv2%2Fmedia&parent=2285"}],"wp:term":[{"taxonomy":"product_brand","embeddable":true,"href":"https:\/\/buchmaler.org\/index.php?rest_route=%2Fwp%2Fv2%2Fproduct_brand&post=2285"},{"taxonomy":"product_cat","embeddable":true,"href":"https:\/\/buchmaler.org\/index.php?rest_route=%2Fwp%2Fv2%2Fproduct_cat&post=2285"},{"taxonomy":"product_tag","embeddable":true,"href":"https:\/\/buchmaler.org\/index.php?rest_route=%2Fwp%2Fv2%2Fproduct_tag&post=2285"}],"curies":[{"name":"wp","href":"https:\/\/api.w.org\/{rel}","templated":true}]}}