{"id":2311,"date":"2023-03-02T20:19:39","date_gmt":"2023-03-02T19:19:39","guid":{"rendered":"https:\/\/buchmaler.org\/?post_type=product&#038;p=2311"},"modified":"2025-01-24T21:47:05","modified_gmt":"2025-01-24T20:47:05","slug":"temperaturwasser-gummi-arabicum-gummi-traganth","status":"publish","type":"product","link":"https:\/\/buchmaler.org\/?product=temperaturwasser-gummi-arabicum-gummi-traganth","title":{"rendered":"Temperaturwasser &#8211; Gummi arabicum, Gummi traganth"},"content":{"rendered":"<p>Boltz von Ruffach bezeichnet dieses Temperaturwasser in seinem B\u00fcchlein als Temperaturwasser der ersten Gattung. Es besteht aus Gummi arabicum, Gummi Tragant, Rosenwasser, Kandiszucker und Wasser.<\/p>\n<p>Boltz von Ruffach hat zu diesem Temperaturwasser bemerkt:<\/p>\n<p><em>Mit disem wasser hab ich mine farben gar liecht vnd sch\u00f6n behalten. Dan die Gummi Arabici macht f\u00fcr sich selbst allein, die farben tunckel vnd tr\u00fcb.<\/em><\/p>\n<p>&nbsp;<\/p>\n","protected":false},"excerpt":{"rendered":"<p>Boltz von Ruffach bezeichnet dieses Temperaturwasser in seinem B\u00fcchlein als Temperaturwasser der ersten Gattung. Es besteht aus Gummi arabicum, Gummi Tragant, Rosenwasser, Kandiszucker und Wasser. Boltz von Ruffach hat zu diesem Temperaturwasser bemerkt: Mit disem wasser hab ich mine farben gar liecht vnd sch\u00f6n behalten. Dan die Gummi Arabici macht f\u00fcr sich selbst allein, die &hellip; <\/p>\n<p class=\"link-more\"><a href=\"https:\/\/buchmaler.org\/?product=temperaturwasser-gummi-arabicum-gummi-traganth\" class=\"more-link\"><span class=\"screen-reader-text\">\u201eTemperaturwasser &#8211; Gummi arabicum, Gummi traganth\u201c <\/span>weiterlesen<\/a><\/p>\n","protected":false},"featured_media":1923,"template":"","meta":{"ngg_post_thumbnail":0},"product_brand":[],"product_cat":[116],"product_tag":[],"class_list":{"0":"post-2311","1":"product","2":"type-product","3":"status-publish","4":"has-post-thumbnail","6":"product_cat-temperaturwasser","7":"product_shipping_class-paket-brief","9":"first","10":"instock","11":"shipping-taxable","12":"purchasable","13":"product-type-variable"},"_links":{"self":[{"href":"https:\/\/buchmaler.org\/index.php?rest_route=\/wp\/v2\/product\/2311","targetHints":{"allow":["GET"]}}],"collection":[{"href":"https:\/\/buchmaler.org\/index.php?rest_route=\/wp\/v2\/product"}],"about":[{"href":"https:\/\/buchmaler.org\/index.php?rest_route=\/wp\/v2\/types\/product"}],"wp:featuredmedia":[{"embeddable":true,"href":"https:\/\/buchmaler.org\/index.php?rest_route=\/wp\/v2\/media\/1923"}],"wp:attachment":[{"href":"https:\/\/buchmaler.org\/index.php?rest_route=%2Fwp%2Fv2%2Fmedia&parent=2311"}],"wp:term":[{"taxonomy":"product_brand","embeddable":true,"href":"https:\/\/buchmaler.org\/index.php?rest_route=%2Fwp%2Fv2%2Fproduct_brand&post=2311"},{"taxonomy":"product_cat","embeddable":true,"href":"https:\/\/buchmaler.org\/index.php?rest_route=%2Fwp%2Fv2%2Fproduct_cat&post=2311"},{"taxonomy":"product_tag","embeddable":true,"href":"https:\/\/buchmaler.org\/index.php?rest_route=%2Fwp%2Fv2%2Fproduct_tag&post=2311"}],"curies":[{"name":"wp","href":"https:\/\/api.w.org\/{rel}","templated":true}]}}