{"id":2318,"date":"2023-03-04T22:08:43","date_gmt":"2023-03-04T21:08:43","guid":{"rendered":"https:\/\/buchmaler.org\/?post_type=product&#038;p=2318"},"modified":"2026-04-15T16:26:52","modified_gmt":"2026-04-15T14:26:52","slug":"russtinte","status":"publish","type":"product","link":"https:\/\/buchmaler.org\/?product=russtinte","title":{"rendered":"Ru\u00dftinte"},"content":{"rendered":"<p><span style=\"font-size: 1rem;\">Beim Schreiben flie\u00dft die Tinte fein und fl\u00fcssig aus der Feder, sodass sie auch feinste Zeichnungen zul\u00e4sst.<\/span><\/p>\n<p>Anders als die Eisengallustinte, ist diese Tinte nicht Wasserfest. Kommt sie mit Feuchtigkeit in Ber\u00fchrung, f\u00e4ngt sie an sich wieder zu l\u00f6sen. Deshalb wird sie auch in den Handschriften in der Regel als &#8222;Nottinte&#8220; bezeichnet.<\/p>\n<p>Die Tinte ist in ein Kunststofffl\u00e4schchen mit Plastikdeckel abgef\u00fcllt.<\/p>\n<p>Vor dem Gebrauch sollte die Tinte aufger\u00fchrt werden, da sich die festen Anteile der Tinte nach einer Weile am Grund des Gef\u00e4\u00dfes absetzen. Das Gleiche gilt wenn man l\u00e4ngere Texte schreibt. Zwischendurch m\u00f6chte die Tinte immer wieder mal aufr\u00fchrt werden.<\/p>\n","protected":false},"excerpt":{"rendered":"<p>Beim Schreiben flie\u00dft die Tinte fein und fl\u00fcssig aus der Feder, sodass sie auch feinste Zeichnungen zul\u00e4sst. Anders als die Eisengallustinte, ist diese Tinte nicht Wasserfest. Kommt sie mit Feuchtigkeit in Ber\u00fchrung, f\u00e4ngt sie an sich wieder zu l\u00f6sen. Deshalb wird sie auch in den Handschriften in der Regel als &#8222;Nottinte&#8220; bezeichnet. Die Tinte ist &hellip; <\/p>\n<p class=\"link-more\"><a href=\"https:\/\/buchmaler.org\/?product=russtinte\" class=\"more-link\"><span class=\"screen-reader-text\">\u201eRu\u00dftinte\u201c <\/span>weiterlesen<\/a><\/p>\n","protected":false},"featured_media":1337,"template":"","meta":{"ngg_post_thumbnail":0},"product_brand":[],"product_cat":[48],"product_tag":[],"class_list":{"0":"post-2318","1":"product","2":"type-product","3":"status-publish","4":"has-post-thumbnail","6":"product_cat-tinten","7":"product_shipping_class-paket-brief","9":"first","10":"instock","11":"shipping-taxable","12":"purchasable","13":"product-type-variable"},"_links":{"self":[{"href":"https:\/\/buchmaler.org\/index.php?rest_route=\/wp\/v2\/product\/2318","targetHints":{"allow":["GET"]}}],"collection":[{"href":"https:\/\/buchmaler.org\/index.php?rest_route=\/wp\/v2\/product"}],"about":[{"href":"https:\/\/buchmaler.org\/index.php?rest_route=\/wp\/v2\/types\/product"}],"wp:featuredmedia":[{"embeddable":true,"href":"https:\/\/buchmaler.org\/index.php?rest_route=\/wp\/v2\/media\/1337"}],"wp:attachment":[{"href":"https:\/\/buchmaler.org\/index.php?rest_route=%2Fwp%2Fv2%2Fmedia&parent=2318"}],"wp:term":[{"taxonomy":"product_brand","embeddable":true,"href":"https:\/\/buchmaler.org\/index.php?rest_route=%2Fwp%2Fv2%2Fproduct_brand&post=2318"},{"taxonomy":"product_cat","embeddable":true,"href":"https:\/\/buchmaler.org\/index.php?rest_route=%2Fwp%2Fv2%2Fproduct_cat&post=2318"},{"taxonomy":"product_tag","embeddable":true,"href":"https:\/\/buchmaler.org\/index.php?rest_route=%2Fwp%2Fv2%2Fproduct_tag&post=2318"}],"curies":[{"name":"wp","href":"https:\/\/api.w.org\/{rel}","templated":true}]}}