{"id":2325,"date":"2023-03-05T09:55:02","date_gmt":"2023-03-05T08:55:02","guid":{"rendered":"https:\/\/buchmaler.org\/?post_type=product&#038;p=2325"},"modified":"2025-07-16T13:23:08","modified_gmt":"2025-07-16T11:23:08","slug":"zinnober-mineralisch","status":"publish","type":"product","link":"https:\/\/buchmaler.org\/?product=zinnober-mineralisch","title":{"rendered":"Zinnober mineralisch"},"content":{"rendered":"<p>Bei diesem Zinnober handelt es sich um echtes mineralisches Zinnober aus China, das ein sch\u00f6nes kr\u00e4ftiges Rot zeigt.<\/p>\n<p>Zinnober war in der sp\u00e4tmittelalterlichen Buchmalerei und Kalligrafie unverzichtbar, und im grunde ist er es immer noch. Denn kein anderes Pigment erreichte das sch\u00f6ne Rot von Zinnober. Weshalb es ausgiebig zum Rubrizieren, Malen und teils zum bereiten von Goldgrund verwendet wurde.<\/p>\n<p>Das hier angebotene Produkt besteht aus 20 g mineralischem Zinnober, das in einem Weithals-Glasfl\u00e4schchen mit Kunststoff Schraubdeckel abgepackt geliefert wird.<\/p>\n<p>Geeignet f\u00fcr: Acryl, \u00d6l, Tempera, Wasserfarben \/ Gouache<\/p>\n<p>&nbsp;<\/p>\n<figure id=\"attachment_1080\" aria-describedby=\"caption-attachment-1080\" style=\"width: 80px\" class=\"wp-caption alignright\"><img loading=\"lazy\" decoding=\"async\" class=\"size-full wp-image-1080\" src=\"https:\/\/buchmaler.org\/wp-content\/uploads\/2018\/07\/ghs07.png\" alt=\"\" width=\"80\" height=\"80\"><figcaption id=\"caption-attachment-1080\" class=\"wp-caption-text\">GHS07-1<\/figcaption><\/figure>\n<p><strong>Abgabe nur an professionelle Anwender<\/strong>. Bitte lesen Sie das <a href=\"https:\/\/buchmaler.org\/dokumente\/Sicherheitsdatenblatt-Pigment_Zinnober.pdf\" target=\"_blank\" rel=\"noopener\">Sicherheitsdatenblatt<\/a>.<\/p>\n<p><strong>Gefahrenhinweise<\/strong><br \/>\nEUH031: Zinnober entwickelt bei Ber\u00fchrung mit S\u00e4ure giftige Gase.<br \/>\nH317: Zinnober kann bei Kontakt allergische Hautreaktionen verursachen.<\/p>\n<p><strong>Sicherheitshinweise<\/strong><br \/>\nP280: Schutzhandschuhe -kleidung sowie Augen- und Gesichtsschutz tragen.<br \/>\nP333+P313: Bei Hautreizung oder -ausschlag: \u00c4rztlichen Rat einholen, bzw. \u00e4rztliche Hilfe erbitten.<\/p>\n<p>Um die Pigmente f\u00fcr die Buchmalerei zu nutzen, m\u00fcssen sie mit einem Bindemittel, wie einem den <a href=\"https:\/\/buchmaler.org\/?p=820\" target=\"_blank\" rel=\"noopener\">von Boltz \u00fcberlieferten Temperaturwasser<\/a> zubereitet werden. Alles was f\u00fcr die Zubereitung der Temperaturwasser ben\u00f6tigt wird, findet sich <a href=\"https:\/\/buchmaler.org\/?product_cat=baumharze-bindemittel\" target=\"_blank\" rel=\"noopener\">hier im Shop unter Bindemittel &amp; Zusatzstoffe<\/a>. Wir haben aber auch <a href=\"https:\/\/buchmaler.org\/?product_cat=temperaturwasser\" target=\"_blank\" rel=\"noopener\">fertige Temperaturwasser<\/a> in unserem Angebot.<\/p>\n","protected":false},"excerpt":{"rendered":"<p>Bei diesem Zinnober handelt es sich um echtes mineralisches Zinnober aus China, das ein sch\u00f6nes kr\u00e4ftiges Rot zeigt. Zinnober war in der sp\u00e4tmittelalterlichen Buchmalerei und Kalligrafie unverzichtbar, und im grunde ist er es immer noch. Denn kein anderes Pigment erreichte das sch\u00f6ne Rot von Zinnober. Weshalb es ausgiebig zum Rubrizieren, Malen und teils zum bereiten &hellip; <\/p>\n<p class=\"link-more\"><a href=\"https:\/\/buchmaler.org\/?product=zinnober-mineralisch\" class=\"more-link\"><span class=\"screen-reader-text\">\u201eZinnober mineralisch\u201c <\/span>weiterlesen<\/a><\/p>\n","protected":false},"featured_media":1226,"template":"","meta":{"ngg_post_thumbnail":0},"product_brand":[],"product_cat":[105],"product_tag":[],"class_list":{"0":"post-2325","1":"product","2":"type-product","3":"status-publish","4":"has-post-thumbnail","6":"product_cat-pigmente","7":"product_shipping_class-paket-brief","9":"first","10":"instock","11":"shipping-taxable","12":"purchasable","13":"product-type-variable"},"_links":{"self":[{"href":"https:\/\/buchmaler.org\/index.php?rest_route=\/wp\/v2\/product\/2325","targetHints":{"allow":["GET"]}}],"collection":[{"href":"https:\/\/buchmaler.org\/index.php?rest_route=\/wp\/v2\/product"}],"about":[{"href":"https:\/\/buchmaler.org\/index.php?rest_route=\/wp\/v2\/types\/product"}],"wp:featuredmedia":[{"embeddable":true,"href":"https:\/\/buchmaler.org\/index.php?rest_route=\/wp\/v2\/media\/1226"}],"wp:attachment":[{"href":"https:\/\/buchmaler.org\/index.php?rest_route=%2Fwp%2Fv2%2Fmedia&parent=2325"}],"wp:term":[{"taxonomy":"product_brand","embeddable":true,"href":"https:\/\/buchmaler.org\/index.php?rest_route=%2Fwp%2Fv2%2Fproduct_brand&post=2325"},{"taxonomy":"product_cat","embeddable":true,"href":"https:\/\/buchmaler.org\/index.php?rest_route=%2Fwp%2Fv2%2Fproduct_cat&post=2325"},{"taxonomy":"product_tag","embeddable":true,"href":"https:\/\/buchmaler.org\/index.php?rest_route=%2Fwp%2Fv2%2Fproduct_tag&post=2325"}],"curies":[{"name":"wp","href":"https:\/\/api.w.org\/{rel}","templated":true}]}}