{"id":2348,"date":"2023-04-01T14:36:22","date_gmt":"2023-04-01T12:36:22","guid":{"rendered":"https:\/\/buchmaler.org\/?post_type=product&#038;p=2348"},"modified":"2025-09-01T06:47:41","modified_gmt":"2025-09-01T04:47:41","slug":"champagner-kreide-2","status":"publish","type":"product","link":"https:\/\/buchmaler.org\/?product=champagner-kreide-2","title":{"rendered":"Champagner Kreide"},"content":{"rendered":"<p>Die Kreide ist pulverisiert und zeigt einen wei\u00dfen Farbton. Der hier angebotene Artikel besteht aus pulverf\u00f6rmiger Champagner Kreide, die in wieder verschlie\u00dfbaren Plastikbeutelchen geliefert wird.<\/p>\n","protected":false},"excerpt":{"rendered":"<p>Die Kreide ist pulverisiert und zeigt einen wei\u00dfen Farbton. Der hier angebotene Artikel besteht aus pulverf\u00f6rmiger Champagner Kreide, die in wieder verschlie\u00dfbaren Plastikbeutelchen geliefert wird.<\/p>\n","protected":false},"featured_media":988,"template":"","meta":{"ngg_post_thumbnail":0},"product_brand":[],"product_cat":[102],"product_tag":[],"class_list":{"0":"post-2348","1":"product","2":"type-product","3":"status-publish","4":"has-post-thumbnail","6":"product_cat-kreiden","7":"product_shipping_class-paket-brief","9":"first","10":"instock","11":"shipping-taxable","12":"purchasable","13":"product-type-variable"},"_links":{"self":[{"href":"https:\/\/buchmaler.org\/index.php?rest_route=\/wp\/v2\/product\/2348","targetHints":{"allow":["GET"]}}],"collection":[{"href":"https:\/\/buchmaler.org\/index.php?rest_route=\/wp\/v2\/product"}],"about":[{"href":"https:\/\/buchmaler.org\/index.php?rest_route=\/wp\/v2\/types\/product"}],"wp:featuredmedia":[{"embeddable":true,"href":"https:\/\/buchmaler.org\/index.php?rest_route=\/wp\/v2\/media\/988"}],"wp:attachment":[{"href":"https:\/\/buchmaler.org\/index.php?rest_route=%2Fwp%2Fv2%2Fmedia&parent=2348"}],"wp:term":[{"taxonomy":"product_brand","embeddable":true,"href":"https:\/\/buchmaler.org\/index.php?rest_route=%2Fwp%2Fv2%2Fproduct_brand&post=2348"},{"taxonomy":"product_cat","embeddable":true,"href":"https:\/\/buchmaler.org\/index.php?rest_route=%2Fwp%2Fv2%2Fproduct_cat&post=2348"},{"taxonomy":"product_tag","embeddable":true,"href":"https:\/\/buchmaler.org\/index.php?rest_route=%2Fwp%2Fv2%2Fproduct_tag&post=2348"}],"curies":[{"name":"wp","href":"https:\/\/api.w.org\/{rel}","templated":true}]}}