{"id":2366,"date":"2023-04-15T17:00:43","date_gmt":"2023-04-15T15:00:43","guid":{"rendered":"https:\/\/buchmaler.org\/?post_type=product&#038;p=2366"},"modified":"2025-02-22T18:50:52","modified_gmt":"2025-02-22T17:50:52","slug":"birkenblaetter-geschnitten","status":"publish","type":"product","link":"https:\/\/buchmaler.org\/?product=birkenblaetter-geschnitten","title":{"rendered":"Birkenbl\u00e4tter geschnitten"},"content":{"rendered":"<p>Birkenbl\u00e4tter werden zum F\u00e4rben verwendet und erzeugen einen Gelb bis Gr\u00fcnen Farbton.<\/p>\n","protected":false},"excerpt":{"rendered":"<p>Birkenbl\u00e4tter werden zum F\u00e4rben verwendet und erzeugen einen Gelb bis Gr\u00fcnen Farbton.<\/p>\n","protected":false},"featured_media":2415,"template":"","meta":{"ngg_post_thumbnail":0},"product_brand":[],"product_cat":[139],"product_tag":[],"class_list":{"0":"post-2366","1":"product","2":"type-product","3":"status-publish","4":"has-post-thumbnail","6":"product_cat-faerberpflanzen","7":"product_shipping_class-paket-brief","9":"first","10":"instock","11":"shipping-taxable","12":"purchasable","13":"product-type-variable"},"_links":{"self":[{"href":"https:\/\/buchmaler.org\/index.php?rest_route=\/wp\/v2\/product\/2366","targetHints":{"allow":["GET"]}}],"collection":[{"href":"https:\/\/buchmaler.org\/index.php?rest_route=\/wp\/v2\/product"}],"about":[{"href":"https:\/\/buchmaler.org\/index.php?rest_route=\/wp\/v2\/types\/product"}],"wp:featuredmedia":[{"embeddable":true,"href":"https:\/\/buchmaler.org\/index.php?rest_route=\/wp\/v2\/media\/2415"}],"wp:attachment":[{"href":"https:\/\/buchmaler.org\/index.php?rest_route=%2Fwp%2Fv2%2Fmedia&parent=2366"}],"wp:term":[{"taxonomy":"product_brand","embeddable":true,"href":"https:\/\/buchmaler.org\/index.php?rest_route=%2Fwp%2Fv2%2Fproduct_brand&post=2366"},{"taxonomy":"product_cat","embeddable":true,"href":"https:\/\/buchmaler.org\/index.php?rest_route=%2Fwp%2Fv2%2Fproduct_cat&post=2366"},{"taxonomy":"product_tag","embeddable":true,"href":"https:\/\/buchmaler.org\/index.php?rest_route=%2Fwp%2Fv2%2Fproduct_tag&post=2366"}],"curies":[{"name":"wp","href":"https:\/\/api.w.org\/{rel}","templated":true}]}}