{"id":2426,"date":"2023-05-02T21:07:14","date_gmt":"2023-05-02T19:07:14","guid":{"rendered":"https:\/\/buchmaler.org\/?post_type=product&#038;p=2426"},"modified":"2025-10-20T19:46:14","modified_gmt":"2025-10-20T17:46:14","slug":"baumwolle","status":"publish","type":"product","link":"https:\/\/buchmaler.org\/?product=baumwolle","title":{"rendered":"Baumwolle"},"content":{"rendered":"<p>Baumwolle wurde in der Buchmalerei beim Gold auflegen verwendet. In den Rezeptb\u00fcchern hei\u00dft es:<\/p>\n<p><em>\u2026 Und trage das Gold mit einer Zange oder mit Baumwolle auf und poliere es dann.<\/em><\/p>\n<p><em>&#8230; lege Gold oder Silber darauf. Danach dr\u00fccke es mit einer Baumwolle an. Lass es trocknen und wische es dann mit einer Baumwolle ab.<\/em><\/p>\n<p>Aber auch beim Vergolden von Buchenb\u00e4nden fand es Verwendung:<\/p>\n<p><em>&#8230; Nach dem Einstreichen mit Harz wird das Gold vor dem Trocknen aufgelegt, gepr\u00e4gt und getrocknet, das \u00fcbersch\u00fcssige Gold wird dann mit der Baumwolle abgewischt.<\/em><\/p>\n<p>Das hier angebotene Produkt besteht aus 25 Gramm Baumwolle<\/p>\n","protected":false},"excerpt":{"rendered":"<p>Baumwolle wurde in der Buchmalerei beim Gold auflegen verwendet. In den Rezeptb\u00fcchern hei\u00dft es: \u2026 Und trage das Gold mit einer Zange oder mit Baumwolle auf und poliere es dann. &#8230; lege Gold oder Silber darauf. Danach dr\u00fccke es mit einer Baumwolle an. Lass es trocknen und wische es dann mit einer Baumwolle ab. Aber &hellip; <\/p>\n<p class=\"link-more\"><a href=\"https:\/\/buchmaler.org\/?product=baumwolle\" class=\"more-link\"><span class=\"screen-reader-text\">\u201eBaumwolle\u201c <\/span>weiterlesen<\/a><\/p>\n","protected":false},"featured_media":2428,"template":"","meta":{"ngg_post_thumbnail":0},"product_brand":[],"product_cat":[171],"product_tag":[],"class_list":{"0":"post-2426","1":"product","2":"type-product","3":"status-publish","4":"has-post-thumbnail","6":"product_cat-vergolden","7":"product_shipping_class-paket-brief","9":"first","10":"instock","11":"shipping-taxable","12":"purchasable","13":"product-type-simple"},"_links":{"self":[{"href":"https:\/\/buchmaler.org\/index.php?rest_route=\/wp\/v2\/product\/2426","targetHints":{"allow":["GET"]}}],"collection":[{"href":"https:\/\/buchmaler.org\/index.php?rest_route=\/wp\/v2\/product"}],"about":[{"href":"https:\/\/buchmaler.org\/index.php?rest_route=\/wp\/v2\/types\/product"}],"wp:featuredmedia":[{"embeddable":true,"href":"https:\/\/buchmaler.org\/index.php?rest_route=\/wp\/v2\/media\/2428"}],"wp:attachment":[{"href":"https:\/\/buchmaler.org\/index.php?rest_route=%2Fwp%2Fv2%2Fmedia&parent=2426"}],"wp:term":[{"taxonomy":"product_brand","embeddable":true,"href":"https:\/\/buchmaler.org\/index.php?rest_route=%2Fwp%2Fv2%2Fproduct_brand&post=2426"},{"taxonomy":"product_cat","embeddable":true,"href":"https:\/\/buchmaler.org\/index.php?rest_route=%2Fwp%2Fv2%2Fproduct_cat&post=2426"},{"taxonomy":"product_tag","embeddable":true,"href":"https:\/\/buchmaler.org\/index.php?rest_route=%2Fwp%2Fv2%2Fproduct_tag&post=2426"}],"curies":[{"name":"wp","href":"https:\/\/api.w.org\/{rel}","templated":true}]}}