{"id":2436,"date":"2023-05-29T14:50:25","date_gmt":"2023-05-29T12:50:25","guid":{"rendered":"https:\/\/buchmaler.org\/?post_type=product&#038;p=2436"},"modified":"2025-07-16T13:23:08","modified_gmt":"2025-07-16T11:23:08","slug":"rotholz-geschnitten-2","status":"publish","type":"product","link":"https:\/\/buchmaler.org\/?product=rotholz-geschnitten-2","title":{"rendered":"Rotholz geschnitten"},"content":{"rendered":"<p>Die aus dem Brasilholz gewonnene rote Farbe war in der Buchmalerei sehr beliebt. Im G\u00f6ttinger Musterbuch wird Farbe aus Rotholz beim Anlegen einiger Ornamentik verwendet. Sei es zum erzielen von farbigen Effekten, indem \u00fcber einen Rosa Farbauftrag eine tief rote Farbschicht gelegt wird oder zum Schattieren. Die Beliebtheit wird auch durch die gro\u00dfen Anzahl an \u00fcberlieferten Rezepten, zu Gewinnung von Parisrot, Presilgenfarbe, Brasilfarbe, Lichtrot, R\u00f6sleinfarbe, etc. unterstrichen.<\/p>\n<p>Je nach Zubereitung lassen sich aus Rotholz, das auch als Brasilholz bezeichnet wird, ein tiefes Rot, Rosa und Braun gewinnen.<\/p>\n<p>Bei vielen dieser Rezepte findet sich folgende Anmerkung:<\/p>\n<p align=\"left\">Mit Eifer sollst du dir merken, dass, wenn du Brasilfarbe kochen willst, du es nur tun sollst, wenn der Himmel klar, ohne Wolken, Wind oder Regen ist, denn sonst ger\u00e4t sie dir nicht gut.<\/p>\n<p>Das hier angebotene Rotholz stammt aus Afrika.<\/p>\n","protected":false},"excerpt":{"rendered":"<p>Die aus dem Brasilholz gewonnene rote Farbe war in der Buchmalerei sehr beliebt. Im G\u00f6ttinger Musterbuch wird Farbe aus Rotholz beim Anlegen einiger Ornamentik verwendet. Sei es zum erzielen von farbigen Effekten, indem \u00fcber einen Rosa Farbauftrag eine tief rote Farbschicht gelegt wird oder zum Schattieren. Die Beliebtheit wird auch durch die gro\u00dfen Anzahl an &hellip; <\/p>\n<p class=\"link-more\"><a href=\"https:\/\/buchmaler.org\/?product=rotholz-geschnitten-2\" class=\"more-link\"><span class=\"screen-reader-text\">\u201eRotholz geschnitten\u201c <\/span>weiterlesen<\/a><\/p>\n","protected":false},"featured_media":2439,"template":"","meta":{"ngg_post_thumbnail":0},"product_brand":[],"product_cat":[104],"product_tag":[],"class_list":{"0":"post-2436","1":"product","2":"type-product","3":"status-publish","4":"has-post-thumbnail","6":"product_cat-pflanzenfarben","7":"product_shipping_class-paket-brief","9":"first","10":"instock","11":"shipping-taxable","12":"purchasable","13":"product-type-variable"},"_links":{"self":[{"href":"https:\/\/buchmaler.org\/index.php?rest_route=\/wp\/v2\/product\/2436","targetHints":{"allow":["GET"]}}],"collection":[{"href":"https:\/\/buchmaler.org\/index.php?rest_route=\/wp\/v2\/product"}],"about":[{"href":"https:\/\/buchmaler.org\/index.php?rest_route=\/wp\/v2\/types\/product"}],"wp:featuredmedia":[{"embeddable":true,"href":"https:\/\/buchmaler.org\/index.php?rest_route=\/wp\/v2\/media\/2439"}],"wp:attachment":[{"href":"https:\/\/buchmaler.org\/index.php?rest_route=%2Fwp%2Fv2%2Fmedia&parent=2436"}],"wp:term":[{"taxonomy":"product_brand","embeddable":true,"href":"https:\/\/buchmaler.org\/index.php?rest_route=%2Fwp%2Fv2%2Fproduct_brand&post=2436"},{"taxonomy":"product_cat","embeddable":true,"href":"https:\/\/buchmaler.org\/index.php?rest_route=%2Fwp%2Fv2%2Fproduct_cat&post=2436"},{"taxonomy":"product_tag","embeddable":true,"href":"https:\/\/buchmaler.org\/index.php?rest_route=%2Fwp%2Fv2%2Fproduct_tag&post=2436"}],"curies":[{"name":"wp","href":"https:\/\/api.w.org\/{rel}","templated":true}]}}