{"id":2444,"date":"2023-06-08T20:27:30","date_gmt":"2023-06-08T18:27:30","guid":{"rendered":"https:\/\/buchmaler.org\/?post_type=product&#038;p=2444"},"modified":"2026-04-27T10:16:11","modified_gmt":"2026-04-27T08:16:11","slug":"buettenpapier-roemerturm","status":"publish","type":"product","link":"https:\/\/buchmaler.org\/?product=buettenpapier-roemerturm","title":{"rendered":"B\u00fcttenpapier R\u00f6merturm"},"content":{"rendered":"<p>Bei diesem echten B\u00fcttenpapier handelt es sich um ein sehr sch\u00f6nes und festes Briefpapier aus dem Hause R\u00f6merturm. Die Oberfl\u00e4che des Papiers ist leicht rau und zeigt gegen das Licht gehalten zeigt das Papier eine parallel zur kurzen Blattkante verlaufende Musterung.<br \/>\nAufgrund der Papierst\u00e4rke kann auch Papier auch mit einer dunklen Eisengallustinte doppelseitig beschrieben werden, ohne das der schwach durchscheinende Text beim lesen als st\u00f6rend empfunden wird.<\/p>\n","protected":false},"excerpt":{"rendered":"<p>Bei diesem echten B\u00fcttenpapier handelt es sich um ein sehr sch\u00f6nes und festes Briefpapier aus dem Hause R\u00f6merturm. Die Oberfl\u00e4che des Papiers ist leicht rau und zeigt gegen das Licht gehalten zeigt das Papier eine parallel zur kurzen Blattkante verlaufende Musterung. Aufgrund der Papierst\u00e4rke kann auch Papier auch mit einer dunklen Eisengallustinte doppelseitig beschrieben werden, &hellip; <\/p>\n<p class=\"link-more\"><a href=\"https:\/\/buchmaler.org\/?product=buettenpapier-roemerturm\" class=\"more-link\"><span class=\"screen-reader-text\">\u201eB\u00fcttenpapier R\u00f6merturm\u201c <\/span>weiterlesen<\/a><\/p>\n","protected":false},"featured_media":2448,"template":"","meta":{"ngg_post_thumbnail":0},"product_brand":[],"product_cat":[101],"product_tag":[],"class_list":{"0":"post-2444","1":"product","2":"type-product","3":"status-publish","4":"has-post-thumbnail","6":"product_cat-buettenpapier","7":"product_shipping_class-paket-brief","9":"first","10":"instock","11":"shipping-taxable","12":"purchasable","13":"product-type-variable"},"_links":{"self":[{"href":"https:\/\/buchmaler.org\/index.php?rest_route=\/wp\/v2\/product\/2444","targetHints":{"allow":["GET"]}}],"collection":[{"href":"https:\/\/buchmaler.org\/index.php?rest_route=\/wp\/v2\/product"}],"about":[{"href":"https:\/\/buchmaler.org\/index.php?rest_route=\/wp\/v2\/types\/product"}],"wp:featuredmedia":[{"embeddable":true,"href":"https:\/\/buchmaler.org\/index.php?rest_route=\/wp\/v2\/media\/2448"}],"wp:attachment":[{"href":"https:\/\/buchmaler.org\/index.php?rest_route=%2Fwp%2Fv2%2Fmedia&parent=2444"}],"wp:term":[{"taxonomy":"product_brand","embeddable":true,"href":"https:\/\/buchmaler.org\/index.php?rest_route=%2Fwp%2Fv2%2Fproduct_brand&post=2444"},{"taxonomy":"product_cat","embeddable":true,"href":"https:\/\/buchmaler.org\/index.php?rest_route=%2Fwp%2Fv2%2Fproduct_cat&post=2444"},{"taxonomy":"product_tag","embeddable":true,"href":"https:\/\/buchmaler.org\/index.php?rest_route=%2Fwp%2Fv2%2Fproduct_tag&post=2444"}],"curies":[{"name":"wp","href":"https:\/\/api.w.org\/{rel}","templated":true}]}}