{"id":2497,"date":"2023-06-28T21:31:45","date_gmt":"2023-06-28T19:31:45","guid":{"rendered":"https:\/\/buchmaler.org\/?post_type=product&#038;p=2497"},"modified":"2025-05-07T19:35:16","modified_gmt":"2025-05-07T17:35:16","slug":"tuechleinfarbe-raute","status":"publish","type":"product","link":"https:\/\/buchmaler.org\/?product=tuechleinfarbe-raute","title":{"rendered":"T\u00fcchleinfarbe \u2013 Raute"},"content":{"rendered":"<p>T\u00fcchleinfarben sind eine M\u00f6glichkeit, die Saftfarben auch au\u00dferhalb ihrer Erntezeit verf\u00fcgbar zu machen. Um T\u00fcchlein herzustellen wird zun\u00e4chst der Farbsaft gewonnen. Anschlie\u00dfend werden vorher pr\u00e4parierte Leinentuchstreifen in dem Farbsaft getr\u00e4nkt. Nachdem die T\u00fcchlein getrocknet sind, werden sie in Papier gewickelt und dunkel und trocken gelagert. Am besten in einem Holzk\u00e4stchen.<\/p>\n<p><img loading=\"lazy\" decoding=\"async\" class=\"alignleft wp-image-2504 size-thumbnail\" src=\"https:\/\/buchmaler.org\/wp-content\/uploads\/2023\/06\/Rautentuechlein-Farbprobe-150x150.jpg\" alt=\"Farbprobe Rautent\u00fcchlein\" width=\"150\" height=\"150\" srcset=\"https:\/\/buchmaler.org\/wp-content\/uploads\/2023\/06\/Rautentuechlein-Farbprobe-150x150.jpg 150w, https:\/\/buchmaler.org\/wp-content\/uploads\/2023\/06\/Rautentuechlein-Farbprobe-100x100.jpg 100w\" sizes=\"auto, (max-width: 150px) 100vw, 150px\" \/><\/p>\n<p>Um die T\u00fcchleinfarbe zu nutzen, wird mit einer Schere ein kleines St\u00fcck des Leinenstreifens abgeschnitten, in eine Muschel oder eine andere Malerscherbe gelegt, und mit etwas Wasser \u00fcbergossen.<\/p>\n<p>Nach einer etwa 5 min\u00fctigen Weichzeit, wird das St\u00fcck T\u00fcchlein aus der Muschel genommen, noch einmal ordentlich ausgepresst und alles verr\u00fchrt.<\/p>\n<p>Saftfarben sind in der Regel nicht lichtecht, deshalb eigenen sie sich vor allem f\u00fcr die Buchmalerei. In geschlossenen B\u00fcchern, die nur gelegentlich aufgeschlagen werden, k\u00f6nnen Saftfarben ihre Farbkraft \u00fcber Jahrhunderte bewahren.<\/p>\n<p>ngg_shortcode_0_placeholderDas hier angebotene Produkt besteht aus einem Leinenstreifen von 4 mal 15 cm, der mit Rautensaft getr\u00e4nkt ist. Geliefert werden die in Seidenpapier aufgerollten Leinenstreifen, in einem wieder verschlie\u00dfbaren Kunststoffbeutelchen.<\/p>\n","protected":false},"excerpt":{"rendered":"<p>T\u00fcchleinfarben sind eine M\u00f6glichkeit, die Saftfarben auch au\u00dferhalb ihrer Erntezeit verf\u00fcgbar zu machen. Um T\u00fcchlein herzustellen wird zun\u00e4chst der Farbsaft gewonnen. Anschlie\u00dfend werden vorher pr\u00e4parierte Leinentuchstreifen in dem Farbsaft getr\u00e4nkt. Nachdem die T\u00fcchlein getrocknet sind, werden sie in Papier gewickelt und dunkel und trocken gelagert. Am besten in einem Holzk\u00e4stchen. Um die T\u00fcchleinfarbe zu nutzen, &hellip; <\/p>\n<p class=\"link-more\"><a href=\"https:\/\/buchmaler.org\/?product=tuechleinfarbe-raute\" class=\"more-link\"><span class=\"screen-reader-text\">\u201eT\u00fcchleinfarbe \u2013 Raute\u201c <\/span>weiterlesen<\/a><\/p>\n","protected":false},"featured_media":2503,"template":"","meta":{"ngg_post_thumbnail":0},"product_brand":[],"product_cat":[51],"product_tag":[],"class_list":{"0":"post-2497","1":"product","2":"type-product","3":"status-publish","4":"has-post-thumbnail","6":"product_cat-saftfarben","7":"product_shipping_class-paket-brief","9":"first","10":"instock","11":"shipping-taxable","12":"purchasable","13":"product-type-simple"},"_links":{"self":[{"href":"https:\/\/buchmaler.org\/index.php?rest_route=\/wp\/v2\/product\/2497","targetHints":{"allow":["GET"]}}],"collection":[{"href":"https:\/\/buchmaler.org\/index.php?rest_route=\/wp\/v2\/product"}],"about":[{"href":"https:\/\/buchmaler.org\/index.php?rest_route=\/wp\/v2\/types\/product"}],"wp:featuredmedia":[{"embeddable":true,"href":"https:\/\/buchmaler.org\/index.php?rest_route=\/wp\/v2\/media\/2503"}],"wp:attachment":[{"href":"https:\/\/buchmaler.org\/index.php?rest_route=%2Fwp%2Fv2%2Fmedia&parent=2497"}],"wp:term":[{"taxonomy":"product_brand","embeddable":true,"href":"https:\/\/buchmaler.org\/index.php?rest_route=%2Fwp%2Fv2%2Fproduct_brand&post=2497"},{"taxonomy":"product_cat","embeddable":true,"href":"https:\/\/buchmaler.org\/index.php?rest_route=%2Fwp%2Fv2%2Fproduct_cat&post=2497"},{"taxonomy":"product_tag","embeddable":true,"href":"https:\/\/buchmaler.org\/index.php?rest_route=%2Fwp%2Fv2%2Fproduct_tag&post=2497"}],"curies":[{"name":"wp","href":"https:\/\/api.w.org\/{rel}","templated":true}]}}