{"id":2627,"date":"2024-01-27T17:40:22","date_gmt":"2024-01-27T16:40:22","guid":{"rendered":"https:\/\/buchmaler.org\/?post_type=product&#038;p=2627"},"modified":"2025-12-18T21:49:03","modified_gmt":"2025-12-18T20:49:03","slug":"kreidestein-1","status":"publish","type":"product","link":"https:\/\/buchmaler.org\/?product=kreidestein-1","title":{"rendered":"Kreidestein 1"},"content":{"rendered":"<p>Der hier angebotene Kreidestein hat ein Gewicht von 303 Gramm. Die Form variiert von St\u00fcck zu St\u00fcck. Die ungef\u00e4hren Ma\u00dfe entnehmen sie bitte dem Bild.<\/p>\n<p><img loading=\"lazy\" decoding=\"async\" class=\"alignleft size-medium wp-image-3000\" src=\"https:\/\/buchmaler.org\/wp-content\/uploads\/2025\/12\/Kreidestein1_01-300x225.jpg\" alt=\"\" width=\"300\" height=\"225\" srcset=\"https:\/\/buchmaler.org\/wp-content\/uploads\/2025\/12\/Kreidestein1_01-300x225.jpg 300w, https:\/\/buchmaler.org\/wp-content\/uploads\/2025\/12\/Kreidestein1_01-845x634.jpg 845w, https:\/\/buchmaler.org\/wp-content\/uploads\/2025\/12\/Kreidestein1_01-768x576.jpg 768w, https:\/\/buchmaler.org\/wp-content\/uploads\/2025\/12\/Kreidestein1_01-350x263.jpg 350w, https:\/\/buchmaler.org\/wp-content\/uploads\/2025\/12\/Kreidestein1_01.jpg 1024w\" sizes=\"auto, (max-width: 300px) 100vw, 300px\" \/><\/p>\n","protected":false},"excerpt":{"rendered":"<p>Der hier angebotene Kreidestein hat ein Gewicht von 303 Gramm. Die Form variiert von St\u00fcck zu St\u00fcck. Die ungef\u00e4hren Ma\u00dfe entnehmen sie bitte dem Bild.<\/p>\n","protected":false},"featured_media":2999,"template":"","meta":{"ngg_post_thumbnail":0},"product_brand":[],"product_cat":[197],"product_tag":[],"class_list":{"0":"post-2627","1":"product","2":"type-product","3":"status-publish","4":"has-post-thumbnail","6":"product_cat-kreidesteine","7":"product_shipping_class-paket-brief","9":"first","10":"instock","11":"shipping-taxable","12":"purchasable","13":"product-type-simple"},"_links":{"self":[{"href":"https:\/\/buchmaler.org\/index.php?rest_route=\/wp\/v2\/product\/2627","targetHints":{"allow":["GET"]}}],"collection":[{"href":"https:\/\/buchmaler.org\/index.php?rest_route=\/wp\/v2\/product"}],"about":[{"href":"https:\/\/buchmaler.org\/index.php?rest_route=\/wp\/v2\/types\/product"}],"wp:featuredmedia":[{"embeddable":true,"href":"https:\/\/buchmaler.org\/index.php?rest_route=\/wp\/v2\/media\/2999"}],"wp:attachment":[{"href":"https:\/\/buchmaler.org\/index.php?rest_route=%2Fwp%2Fv2%2Fmedia&parent=2627"}],"wp:term":[{"taxonomy":"product_brand","embeddable":true,"href":"https:\/\/buchmaler.org\/index.php?rest_route=%2Fwp%2Fv2%2Fproduct_brand&post=2627"},{"taxonomy":"product_cat","embeddable":true,"href":"https:\/\/buchmaler.org\/index.php?rest_route=%2Fwp%2Fv2%2Fproduct_cat&post=2627"},{"taxonomy":"product_tag","embeddable":true,"href":"https:\/\/buchmaler.org\/index.php?rest_route=%2Fwp%2Fv2%2Fproduct_tag&post=2627"}],"curies":[{"name":"wp","href":"https:\/\/api.w.org\/{rel}","templated":true}]}}