{"id":2738,"date":"2024-07-27T21:48:22","date_gmt":"2024-07-27T19:48:22","guid":{"rendered":"https:\/\/buchmaler.org\/?post_type=product&#038;p=2738"},"modified":"2025-05-07T19:34:22","modified_gmt":"2025-05-07T17:34:22","slug":"drehbarer-spaltenanzeiger-ii","status":"publish","type":"product","link":"https:\/\/buchmaler.org\/?product=drehbarer-spaltenanzeiger-ii","title":{"rendered":"Drehbarer Spaltenanzeiger II"},"content":{"rendered":"<p>In einigen mittelalterlichen Handschriften wurden verschiedene Arten von Lesezeichen gefunden. Eines davon ist der aus Pergament gefertigte drehbare Spaltenanzeiger. Es gibt ihn in unterschiedlichen Ausf\u00fchrungen, die sich bis auf ein paar Ausnahmen im gro\u00dfen und ganzen gleichen.<\/p>\n<p>Auf den drehbaren Scheiben befinden sich Ziffern von 1 bis 4, oder Buchstaben von A bis D. Diese Ziffern oder Buchstaben kennzeichnen die Spalte, in der man aufgeh\u00f6rt hatte zu lesen.<\/p>\n<p>Jede aufgeschlagene Buchseite hat in der Regel mindestens zwei Spalten, eine Spalte auf der linken und eine auf der rechten Buchseite.<\/p>\n<p>Diese werden durch die Ziffern 1 und 2, bzw. die Buchstaben A und B markiert. Haben die Buchseiten jeweils zwei Spalten, finden sich in dem aufgeschlagenem Buch vier Spalten. Die in dem Fall durch die Ziffern 1 bis 4, bzw. den Buchstaben A bis D markiert werden.<\/p>\n<p>Der Spaltenanzeiger ist beweglich an einer Schnur oder einem Band befestigt, so das er sich an dem Band in der H\u00f6he verstellen l\u00e4sst.<\/p>\n<p>Am oberen Teil des Bandes befindet sich ein Knoten. Wird das Band zwischen zwei Buchseiten gelegt, kann es nicht herunterrutschen, da der Knoten es zwischen den geschlossenen Seiten etwas fixiert (es gibt auch noch andere M\u00f6glichkeiten das Band zu fixieren).<\/p>\n<p>Dadurch das der Spaltenanzeiger an dem Band h\u00f6henverstellbar angebracht ist, l\u00e4sst sich neben der Spalte, auch die H\u00f6he markieren, in der mit dem Lesen aufgeh\u00f6rt wurde.<\/p>\n<p>Vielen Herzlichen Dank an Astrid Becker die mich auf den Spaltenanzeiger hingewiesen und mir seine Funktion erkl\u00e4rt hat. In Ihrem tollen Blog hat sie den Spaltenanzeiger auch noch einmal detailierter beschrieben und erkl\u00e4rt: <a href=\"https:\/\/boundforhistory.com\/2024\/06\/30\/hoe-werkt-een-kolomwijswieltje-using-a-rotating-column-indicator\/\">https:\/\/boundforhistory.com\/2024\/06\/30\/hoe-werkt-een-kolomwijswieltje-using-a-rotating-column-indicator\/<\/a><\/p>\nngg_shortcode_0_placeholder\n","protected":false},"excerpt":{"rendered":"<p>In einigen mittelalterlichen Handschriften wurden verschiedene Arten von Lesezeichen gefunden. Eines davon ist der aus Pergament gefertigte drehbare Spaltenanzeiger. Es gibt ihn in unterschiedlichen Ausf\u00fchrungen, die sich bis auf ein paar Ausnahmen im gro\u00dfen und ganzen gleichen. Auf den drehbaren Scheiben befinden sich Ziffern von 1 bis 4, oder Buchstaben von A bis D. Diese &hellip; <\/p>\n<p class=\"link-more\"><a href=\"https:\/\/buchmaler.org\/?product=drehbarer-spaltenanzeiger-ii\" class=\"more-link\"><span class=\"screen-reader-text\">\u201eDrehbarer Spaltenanzeiger II\u201c <\/span>weiterlesen<\/a><\/p>\n","protected":false},"featured_media":2754,"template":"","meta":{"ngg_post_thumbnail":0},"product_brand":[],"product_cat":[198],"product_tag":[],"class_list":{"0":"post-2738","1":"product","2":"type-product","3":"status-publish","4":"has-post-thumbnail","6":"product_cat-lesezeichen","7":"product_shipping_class-paket-brief","9":"first","10":"instock","11":"shipping-taxable","12":"purchasable","13":"product-type-simple"},"_links":{"self":[{"href":"https:\/\/buchmaler.org\/index.php?rest_route=\/wp\/v2\/product\/2738","targetHints":{"allow":["GET"]}}],"collection":[{"href":"https:\/\/buchmaler.org\/index.php?rest_route=\/wp\/v2\/product"}],"about":[{"href":"https:\/\/buchmaler.org\/index.php?rest_route=\/wp\/v2\/types\/product"}],"wp:featuredmedia":[{"embeddable":true,"href":"https:\/\/buchmaler.org\/index.php?rest_route=\/wp\/v2\/media\/2754"}],"wp:attachment":[{"href":"https:\/\/buchmaler.org\/index.php?rest_route=%2Fwp%2Fv2%2Fmedia&parent=2738"}],"wp:term":[{"taxonomy":"product_brand","embeddable":true,"href":"https:\/\/buchmaler.org\/index.php?rest_route=%2Fwp%2Fv2%2Fproduct_brand&post=2738"},{"taxonomy":"product_cat","embeddable":true,"href":"https:\/\/buchmaler.org\/index.php?rest_route=%2Fwp%2Fv2%2Fproduct_cat&post=2738"},{"taxonomy":"product_tag","embeddable":true,"href":"https:\/\/buchmaler.org\/index.php?rest_route=%2Fwp%2Fv2%2Fproduct_tag&post=2738"}],"curies":[{"name":"wp","href":"https:\/\/api.w.org\/{rel}","templated":true}]}}