{"id":2842,"date":"2025-02-22T18:47:15","date_gmt":"2025-02-22T17:47:15","guid":{"rendered":"https:\/\/buchmaler.org\/?post_type=product&#038;p=2842"},"modified":"2025-02-22T18:47:15","modified_gmt":"2025-02-22T17:47:15","slug":"faerberginsterkraut-geschnitten","status":"publish","type":"product","link":"https:\/\/buchmaler.org\/?product=faerberginsterkraut-geschnitten","title":{"rendered":"F\u00e4rberginsterkraut geschnitten"},"content":{"rendered":"<p>Aus F\u00e4rberginster &#8211; Genista tinctoria, l\u00e4sst sich ein gelber Farbton gewinnen.<\/p>\n","protected":false},"excerpt":{"rendered":"<p>Aus F\u00e4rberginster &#8211; Genista tinctoria, l\u00e4sst sich ein gelber Farbton gewinnen.<\/p>\n","protected":false},"featured_media":2849,"template":"","meta":{"ngg_post_thumbnail":0},"product_brand":[],"product_cat":[139],"product_tag":[],"class_list":{"0":"post-2842","1":"product","2":"type-product","3":"status-publish","4":"has-post-thumbnail","6":"product_cat-faerberpflanzen","7":"product_shipping_class-paket-brief","9":"first","10":"instock","11":"shipping-taxable","12":"purchasable","13":"product-type-variable"},"_links":{"self":[{"href":"https:\/\/buchmaler.org\/index.php?rest_route=\/wp\/v2\/product\/2842","targetHints":{"allow":["GET"]}}],"collection":[{"href":"https:\/\/buchmaler.org\/index.php?rest_route=\/wp\/v2\/product"}],"about":[{"href":"https:\/\/buchmaler.org\/index.php?rest_route=\/wp\/v2\/types\/product"}],"wp:featuredmedia":[{"embeddable":true,"href":"https:\/\/buchmaler.org\/index.php?rest_route=\/wp\/v2\/media\/2849"}],"wp:attachment":[{"href":"https:\/\/buchmaler.org\/index.php?rest_route=%2Fwp%2Fv2%2Fmedia&parent=2842"}],"wp:term":[{"taxonomy":"product_brand","embeddable":true,"href":"https:\/\/buchmaler.org\/index.php?rest_route=%2Fwp%2Fv2%2Fproduct_brand&post=2842"},{"taxonomy":"product_cat","embeddable":true,"href":"https:\/\/buchmaler.org\/index.php?rest_route=%2Fwp%2Fv2%2Fproduct_cat&post=2842"},{"taxonomy":"product_tag","embeddable":true,"href":"https:\/\/buchmaler.org\/index.php?rest_route=%2Fwp%2Fv2%2Fproduct_tag&post=2842"}],"curies":[{"name":"wp","href":"https:\/\/api.w.org\/{rel}","templated":true}]}}