{"id":3017,"date":"2026-01-14T21:01:59","date_gmt":"2026-01-14T20:01:59","guid":{"rendered":"https:\/\/buchmaler.org\/?post_type=product&#038;p=3017"},"modified":"2026-01-15T22:03:03","modified_gmt":"2026-01-15T21:03:03","slug":"moerser-i","status":"publish","type":"product","link":"https:\/\/buchmaler.org\/?product=moerser-i","title":{"rendered":"M\u00f6rser I"},"content":{"rendered":"<p>Bei diesem Bronze M\u00f6rser handelt es sich um einen relativ kleinen M\u00f6rser. Obwohl er so klein ist, ist er dennoch ziemlich masiv f\u00fcr seine Gr\u00f6\u00dfe. Jedoch ist er aufgrund seiner Gr\u00f6\u00dfe weniger dazu geeignet wirklich hartes Material, wie Lapis Lazuli oder Gall\u00e4pfel zu zersto\u00dfen. Es sei denn in Kleinstmengen. F\u00fcr weichere Materialien wie R\u00f6tel, Ocker und andere Farberden ist er jedoch durchaus gut geeignet.<br \/>\nDer hier angebotene M\u00f6rser wiegt 293 g, ist 8 cm hoch und hat an der M\u00fcndungs\u00f6ffnung einen Durchmesser von 7,5 cm und am Boden einen Durchmesser von 5,5 cm. Der St\u00f6\u00dfel hat eine L\u00e4nge von 16 cm, das untere Endes des St\u00f6\u00dfels hat einen ungef\u00e4hren Durchmesser von 2,3 cm und ein Gewicht von 73 g.<br \/>\nDa es sich wie in der Kategoriebeschreibung schon erw\u00e4hnt um ein gebrauchtes Produkt handelt, ist es nicht frei von Gebrauchsspuren und altersbedingten Abnutzungserscheinungen. Der M\u00f6rser wird so angeboten wie auf den Bildern zu sehen ist.<\/p>\nngg_shortcode_0_placeholder\n","protected":false},"excerpt":{"rendered":"<p>Bei diesem Bronze M\u00f6rser handelt es sich um einen relativ kleinen M\u00f6rser. Obwohl er so klein ist, ist er dennoch ziemlich masiv f\u00fcr seine Gr\u00f6\u00dfe. Jedoch ist er aufgrund seiner Gr\u00f6\u00dfe weniger dazu geeignet wirklich hartes Material, wie Lapis Lazuli oder Gall\u00e4pfel zu zersto\u00dfen. Es sei denn in Kleinstmengen. F\u00fcr weichere Materialien wie R\u00f6tel, Ocker &hellip; <\/p>\n<p class=\"link-more\"><a href=\"https:\/\/buchmaler.org\/?product=moerser-i\" class=\"more-link\"><span class=\"screen-reader-text\">\u201eM\u00f6rser I\u201c <\/span>weiterlesen<\/a><\/p>\n","protected":false},"featured_media":3034,"template":"","meta":{"ngg_post_thumbnail":0},"product_brand":[],"product_cat":[111],"product_tag":[],"class_list":{"0":"post-3017","1":"product","2":"type-product","3":"status-publish","4":"has-post-thumbnail","6":"product_cat-moerser","7":"product_shipping_class-paket-brief","9":"first","10":"instock","11":"shipping-taxable","12":"purchasable","13":"product-type-simple"},"_links":{"self":[{"href":"https:\/\/buchmaler.org\/index.php?rest_route=\/wp\/v2\/product\/3017","targetHints":{"allow":["GET"]}}],"collection":[{"href":"https:\/\/buchmaler.org\/index.php?rest_route=\/wp\/v2\/product"}],"about":[{"href":"https:\/\/buchmaler.org\/index.php?rest_route=\/wp\/v2\/types\/product"}],"wp:featuredmedia":[{"embeddable":true,"href":"https:\/\/buchmaler.org\/index.php?rest_route=\/wp\/v2\/media\/3034"}],"wp:attachment":[{"href":"https:\/\/buchmaler.org\/index.php?rest_route=%2Fwp%2Fv2%2Fmedia&parent=3017"}],"wp:term":[{"taxonomy":"product_brand","embeddable":true,"href":"https:\/\/buchmaler.org\/index.php?rest_route=%2Fwp%2Fv2%2Fproduct_brand&post=3017"},{"taxonomy":"product_cat","embeddable":true,"href":"https:\/\/buchmaler.org\/index.php?rest_route=%2Fwp%2Fv2%2Fproduct_cat&post=3017"},{"taxonomy":"product_tag","embeddable":true,"href":"https:\/\/buchmaler.org\/index.php?rest_route=%2Fwp%2Fv2%2Fproduct_tag&post=3017"}],"curies":[{"name":"wp","href":"https:\/\/api.w.org\/{rel}","templated":true}]}}