{"id":3047,"date":"2026-01-25T16:43:44","date_gmt":"2026-01-25T15:43:44","guid":{"rendered":"https:\/\/buchmaler.org\/?post_type=product&#038;p=3047"},"modified":"2026-01-29T18:46:04","modified_gmt":"2026-01-29T17:46:04","slug":"reibschale-mit-pistill","status":"publish","type":"product","link":"https:\/\/buchmaler.org\/?product=reibschale-mit-pistill","title":{"rendered":"Reibschale mit Pistill"},"content":{"rendered":"<p>Die hier angebotene Reibschale wurde im Mittelalter nicht zum Anreiben von Farben verwendet. Stattdessen wurde zum Anreiben der Farben Platten mit L\u00e4ufern verwendet.<br \/>\nEine Reibschale ist aber zum Reiben geringerer Farbmengen eine kosteng\u00fcnstigere Alternative zu L\u00e4ufer und Platte.<\/p>\n<p>Die hier angebotene Raibschale besteht aus Keramik. Sie hat einen Durchmesser von 13 cm und eine F\u00fcllmenge von 320 ml.<\/p>\nngg_shortcode_0_placeholder\n","protected":false},"excerpt":{"rendered":"<p>Die hier angebotene Reibschale wurde im Mittelalter nicht zum Anreiben von Farben verwendet. Stattdessen wurde zum Anreiben der Farben Platten mit L\u00e4ufern verwendet. Eine Reibschale ist aber zum Reiben geringerer Farbmengen eine kosteng\u00fcnstigere Alternative zu L\u00e4ufer und Platte. Die hier angebotene Raibschale besteht aus Keramik. Sie hat einen Durchmesser von 13 cm und eine F\u00fcllmenge &hellip; <\/p>\n<p class=\"link-more\"><a href=\"https:\/\/buchmaler.org\/?product=reibschale-mit-pistill\" class=\"more-link\"><span class=\"screen-reader-text\">\u201eReibschale mit Pistill\u201c <\/span>weiterlesen<\/a><\/p>\n","protected":false},"featured_media":3055,"template":"","meta":{"ngg_post_thumbnail":0},"product_brand":[],"product_cat":[204],"product_tag":[],"class_list":{"0":"post-3047","1":"product","2":"type-product","3":"status-publish","4":"has-post-thumbnail","6":"product_cat-farben-anreiben","7":"product_shipping_class-paket-brief","9":"first","10":"instock","11":"shipping-taxable","12":"purchasable","13":"product-type-simple"},"_links":{"self":[{"href":"https:\/\/buchmaler.org\/index.php?rest_route=\/wp\/v2\/product\/3047","targetHints":{"allow":["GET"]}}],"collection":[{"href":"https:\/\/buchmaler.org\/index.php?rest_route=\/wp\/v2\/product"}],"about":[{"href":"https:\/\/buchmaler.org\/index.php?rest_route=\/wp\/v2\/types\/product"}],"wp:featuredmedia":[{"embeddable":true,"href":"https:\/\/buchmaler.org\/index.php?rest_route=\/wp\/v2\/media\/3055"}],"wp:attachment":[{"href":"https:\/\/buchmaler.org\/index.php?rest_route=%2Fwp%2Fv2%2Fmedia&parent=3047"}],"wp:term":[{"taxonomy":"product_brand","embeddable":true,"href":"https:\/\/buchmaler.org\/index.php?rest_route=%2Fwp%2Fv2%2Fproduct_brand&post=3047"},{"taxonomy":"product_cat","embeddable":true,"href":"https:\/\/buchmaler.org\/index.php?rest_route=%2Fwp%2Fv2%2Fproduct_cat&post=3047"},{"taxonomy":"product_tag","embeddable":true,"href":"https:\/\/buchmaler.org\/index.php?rest_route=%2Fwp%2Fv2%2Fproduct_tag&post=3047"}],"curies":[{"name":"wp","href":"https:\/\/api.w.org\/{rel}","templated":true}]}}