{"id":3057,"date":"2026-02-02T20:30:09","date_gmt":"2026-02-02T19:30:09","guid":{"rendered":"https:\/\/buchmaler.org\/?post_type=product&#038;p=3057"},"modified":"2026-02-02T20:30:09","modified_gmt":"2026-02-02T19:30:09","slug":"anreibeplatte","status":"publish","type":"product","link":"https:\/\/buchmaler.org\/?product=anreibeplatte","title":{"rendered":"Anreibeplatte"},"content":{"rendered":"<p>In der Buchmalerei m\u00fcssen die zu verwendenden Farben selbst zubereitet werden. Dazu m\u00fcssen sie, wenn die Pigmente als Rohmaterial verf\u00fcgbar sind zun\u00e4chst im M\u00f6rser m\u00f6glichst feine gesto\u00dfen, gesiebt und gereinigt werden. Anschlie\u00dfend m\u00fcssen sie gerieben werden. Aber auch bereits gerieben gekaufte Pigmente werden in der Regel nicht schlechter wenn sie noch feiner gerieben werden (Mit Ausnahme ein paar weniger, die nicht so viel gerieben werden d\u00fcrfen). Cennino Cennini schreibt dazu:<\/p>\n<p>Reibe die Farbe eine halbe Stunde, eine Stunde oder so lange du willst. Wisse aber: W\u00fcrdest du ein ganzes Jahr lang reiben, die Farbe w\u00fcrde nur umso besser.<\/p>\n<p>Zum Anreiben wurde, und wird, eine Anreibeplatte und ein L\u00e4ufer verwendet. Cennino Cennini empfiehlt in seinem Buch von den Farben, eine Reibeplatte und einen L\u00e4ufer aus Porphyr. Das G\u00f6ttinger Musterbuch empfiehlt Platte und L\u00e4ufer aus Glas.<\/p>\n<p>Das hier angebotene Produkt besteht nur aus der Anreibeplatte . Der dazugeh\u00f6rige L\u00e4ufer ist in dem Angebot nicht enthalten.<\/p>\n<p>Die hier angebotene Anreibeplatte besteht aus Glas. Sie verf\u00fcgt auf einer Seite \u00fcber eine angeraute Oberfl\u00e4che und hat eine Fl\u00e4che von 200 x 300 mm und ist 10 mm dick.<\/p>\nngg_shortcode_0_placeholder\n","protected":false},"excerpt":{"rendered":"<p>In der Buchmalerei m\u00fcssen die zu verwendenden Farben selbst zubereitet werden. Dazu m\u00fcssen sie, wenn die Pigmente als Rohmaterial verf\u00fcgbar sind zun\u00e4chst im M\u00f6rser m\u00f6glichst feine gesto\u00dfen, gesiebt und gereinigt werden. Anschlie\u00dfend m\u00fcssen sie gerieben werden. Aber auch bereits gerieben gekaufte Pigmente werden in der Regel nicht schlechter wenn sie noch feiner gerieben werden (Mit &hellip; <\/p>\n<p class=\"link-more\"><a href=\"https:\/\/buchmaler.org\/?product=anreibeplatte\" class=\"more-link\"><span class=\"screen-reader-text\">\u201eAnreibeplatte\u201c <\/span>weiterlesen<\/a><\/p>\n","protected":false},"featured_media":3067,"template":"","meta":{"ngg_post_thumbnail":0},"product_brand":[],"product_cat":[204],"product_tag":[205,206],"class_list":{"0":"post-3057","1":"product","2":"type-product","3":"status-publish","4":"has-post-thumbnail","6":"product_cat-farben-anreiben","7":"product_tag-farben-anreiben","8":"product_tag-historische-farben-herstellen","9":"product_shipping_class-paket-brief","11":"first","12":"instock","13":"shipping-taxable","14":"purchasable","15":"product-type-simple"},"_links":{"self":[{"href":"https:\/\/buchmaler.org\/index.php?rest_route=\/wp\/v2\/product\/3057","targetHints":{"allow":["GET"]}}],"collection":[{"href":"https:\/\/buchmaler.org\/index.php?rest_route=\/wp\/v2\/product"}],"about":[{"href":"https:\/\/buchmaler.org\/index.php?rest_route=\/wp\/v2\/types\/product"}],"wp:featuredmedia":[{"embeddable":true,"href":"https:\/\/buchmaler.org\/index.php?rest_route=\/wp\/v2\/media\/3067"}],"wp:attachment":[{"href":"https:\/\/buchmaler.org\/index.php?rest_route=%2Fwp%2Fv2%2Fmedia&parent=3057"}],"wp:term":[{"taxonomy":"product_brand","embeddable":true,"href":"https:\/\/buchmaler.org\/index.php?rest_route=%2Fwp%2Fv2%2Fproduct_brand&post=3057"},{"taxonomy":"product_cat","embeddable":true,"href":"https:\/\/buchmaler.org\/index.php?rest_route=%2Fwp%2Fv2%2Fproduct_cat&post=3057"},{"taxonomy":"product_tag","embeddable":true,"href":"https:\/\/buchmaler.org\/index.php?rest_route=%2Fwp%2Fv2%2Fproduct_tag&post=3057"}],"curies":[{"name":"wp","href":"https:\/\/api.w.org\/{rel}","templated":true}]}}