{"id":683,"date":"2018-05-20T01:59:03","date_gmt":"2018-05-19T23:59:03","guid":{"rendered":"https:\/\/buchmaler.org\/?post_type=product&#038;p=683"},"modified":"2025-02-10T15:20:57","modified_gmt":"2025-02-10T14:20:57","slug":"blauholz-tinte-30ml","status":"publish","type":"product","link":"https:\/\/buchmaler.org\/?product=blauholz-tinte-30ml","title":{"rendered":"Blauholz Tinte"},"content":{"rendered":"<p>Eine von uns selbst zubereitete Tinte auf der Basis von Blauholz. Das Rezept f\u00fcr diese Tinte stammt aus den \u201eVier puchlin von allerhand farben vnnd anndern kunnsten\u201c <span style=\"color: #999999;\">(Ms. germ. qu. 417 Ms. 8)<\/span>.<br \/>\n<img loading=\"lazy\" decoding=\"async\" class=\"alignleft size-full wp-image-1004\" src=\"https:\/\/buchmaler.org\/wp-content\/uploads\/2018\/07\/Schriftfarbe-Blauholztinte.jpg\" alt=\"\" width=\"200\" height=\"123\">Beim Schreiben flie\u00dft sie gut aus der Feder und zeigt einen einen sch\u00f6nen Braunton, der nach dem trocknen etwas nachdunkelt.<br \/>\nDieser sch\u00f6ne Braunton eignet sich sehr gut zum schreiben auf d\u00fcnnerem B\u00fcttenpapier, das er nicht so kr\u00e4ftig durchscheint wie z.B. Eisengallustinte.<\/p>\n<p>Die Tinte ist wasserl\u00f6slich, so das mit ihr angefertigte Texte oder Zeichnungen durch Feuchtigkeit besch\u00e4digt werden k\u00f6nnen.<br \/>\nDie Tinte ist in Glasfl\u00e4schchen mit Kunststoffdeckel abgef\u00fcllt, das 30 ml Blauholztinte enth\u00e4lt .<br \/>\nVor dem Gebrauch sollte die Tinte aufger\u00fchrt werden, da sich die festen Anteile der Tinte nach einer Weile am Grund des Gef\u00e4\u00dfes absetzen. Das Gleiche gilt wenn man l\u00e4ngere Texte schreibt. Zwischendurch m\u00f6chte die Tinte immer wieder mal aufr\u00fchrt werden.<\/p>\n","protected":false},"excerpt":{"rendered":"<p>Eine von uns selbst zubereitete Tinte auf der Basis von Blauholz. Das Rezept f\u00fcr diese Tinte stammt aus den \u201eVier puchlin von allerhand farben vnnd anndern kunnsten\u201c (Ms. germ. qu. 417 Ms. 8). Beim Schreiben flie\u00dft sie gut aus der Feder und zeigt einen einen sch\u00f6nen Braunton, der nach dem trocknen etwas nachdunkelt. Dieser sch\u00f6ne &hellip; <\/p>\n<p class=\"link-more\"><a href=\"https:\/\/buchmaler.org\/?product=blauholz-tinte-30ml\" class=\"more-link\"><span class=\"screen-reader-text\">\u201eBlauholz Tinte\u201c <\/span>weiterlesen<\/a><\/p>\n","protected":false},"featured_media":696,"template":"","meta":{"ngg_post_thumbnail":0},"product_brand":[],"product_cat":[48],"product_tag":[79,80,78],"class_list":{"0":"post-683","1":"product","2":"type-product","3":"status-publish","4":"has-post-thumbnail","6":"product_cat-tinten","7":"product_tag-blauholz-tinte","8":"product_tag-roeslein-tinte","9":"product_tag-violette-tinte","10":"product_shipping_class-paket-brief","12":"first","13":"outofstock","14":"shipping-taxable","15":"purchasable","16":"product-type-simple"},"_links":{"self":[{"href":"https:\/\/buchmaler.org\/index.php?rest_route=\/wp\/v2\/product\/683","targetHints":{"allow":["GET"]}}],"collection":[{"href":"https:\/\/buchmaler.org\/index.php?rest_route=\/wp\/v2\/product"}],"about":[{"href":"https:\/\/buchmaler.org\/index.php?rest_route=\/wp\/v2\/types\/product"}],"wp:featuredmedia":[{"embeddable":true,"href":"https:\/\/buchmaler.org\/index.php?rest_route=\/wp\/v2\/media\/696"}],"wp:attachment":[{"href":"https:\/\/buchmaler.org\/index.php?rest_route=%2Fwp%2Fv2%2Fmedia&parent=683"}],"wp:term":[{"taxonomy":"product_brand","embeddable":true,"href":"https:\/\/buchmaler.org\/index.php?rest_route=%2Fwp%2Fv2%2Fproduct_brand&post=683"},{"taxonomy":"product_cat","embeddable":true,"href":"https:\/\/buchmaler.org\/index.php?rest_route=%2Fwp%2Fv2%2Fproduct_cat&post=683"},{"taxonomy":"product_tag","embeddable":true,"href":"https:\/\/buchmaler.org\/index.php?rest_route=%2Fwp%2Fv2%2Fproduct_tag&post=683"}],"curies":[{"name":"wp","href":"https:\/\/api.w.org\/{rel}","templated":true}]}}