{"id":826,"date":"2018-06-03T23:30:28","date_gmt":"2018-06-03T21:30:28","guid":{"rendered":"https:\/\/buchmaler.org\/?post_type=product&#038;p=826"},"modified":"2025-08-25T23:16:26","modified_gmt":"2025-08-25T21:16:26","slug":"gummi-cerasarum-kirschgummi","status":"publish","type":"product","link":"https:\/\/buchmaler.org\/?product=gummi-cerasarum-kirschgummi","title":{"rendered":"Kirschgummi (Gummi cerasarum)"},"content":{"rendered":"<p>Kirschgummi wird in der Buchmalerei als Zusatz f\u00fcr Temperaturwasser auf der Basis von Gummi Arabicum verwendet und von den Autoren der mittelalterlichen Farbrezepte als wertvoller Zusatz gelobt.<br \/>\nDie meisten Temperaturwasser verwenden als \u201eKlebstoff\u201c Gummi Arabicum. Gummi Arabicum hat den Vorteil, dass es wesentlich preiswerter ist als andere Baumharze. Allerdings wird es nach dem Trocknen recht spr\u00f6de, was dazu f\u00fchrt, dass beim Bewegen des Maluntergrunds, z.B. beim Umbl\u00e4ttern der Seiten, die getrocknete Farbe bricht und Mikrorisse entstehen.<br \/>\nDer Zusatz von Kirschgummi verleiht der getrockneten Farbe mehr Flexibilit\u00e4t, sodass sie nicht so leicht bricht.<\/p>\n<p>Wir freuen uns sehr, hier Kirschgummi anbieten zu k\u00f6nnen, da es so gut wie nicht mehr erh\u00e4ltlich ist.<\/p>\n<p>Das hier angebotene Kirschgummi haben wir von Hand von Kirschb\u00e4umen, die auf einem Biobauernhof wachsen, abgesammelt. Somit ist das Kirschgummi frei von irgendwelchen Chemikalien, die evtl. f\u00fcr ungewollte Wechselwirkung mit verwendeten Pigmenten oder Farbstoffen sorgen k\u00f6nnten.<\/p>\n<p>Da das Gummi von den B\u00e4umen abgesammelt wurde, befindet sich daran mitunter auch ein klein wenig Baumrinde. Grobe Rindenst\u00fccke haben wir entfernt, aber Kleinstteile haften mitunter noch an den Gummist\u00fccken.<br \/>\nBei der Zubereitung von Temperaturwasser ist das jedoch nicht st\u00f6rend, da das W\u00e4sserchen nach der Zubereitung durch ein Leinent\u00fcchlein gefiltert wird.<br \/>\nKirschgummi ist wasserl\u00f6slich.<\/p>\n<p>Die hier angebotene Produkt besteht aus 10 Gramm ungereinigtem Kirschgummi und wird in wieder verschlie\u00dfbaren Plastikbeutelchen geliefert.<\/p>\n<p>Wasserl\u00f6sliche Baumharze werden in der Buchmalerei vor allem als Bindemittel verwendet. Diese Bindemittel werden unter anderem auch als Temperaturwasser bezeichnet, die in einer ziemlich gro\u00dfer Vielfalt in den historischen Rezeptb\u00fcchern vorkommen. <a href=\"https:\/\/buchmaler.org\/?p=820\" target=\"_blank\" rel=\"noopener\">Sechs dieser Rezepte f\u00fcr Temperaturwasser, finden sich hier<\/a>.<\/p>\n","protected":false},"excerpt":{"rendered":"<p>Kirschgummi wird in der Buchmalerei als Zusatz f\u00fcr Temperaturwasser auf der Basis von Gummi Arabicum verwendet und von den Autoren der mittelalterlichen Farbrezepte als wertvoller Zusatz gelobt. Die meisten Temperaturwasser verwenden als \u201eKlebstoff\u201c Gummi Arabicum. Gummi Arabicum hat den Vorteil, dass es wesentlich preiswerter ist als andere Baumharze. Allerdings wird es nach dem Trocknen recht &hellip; <\/p>\n<p class=\"link-more\"><a href=\"https:\/\/buchmaler.org\/?product=gummi-cerasarum-kirschgummi\" class=\"more-link\"><span class=\"screen-reader-text\">\u201eKirschgummi (Gummi cerasarum)\u201c <\/span>weiterlesen<\/a><\/p>\n","protected":false},"featured_media":848,"template":"","meta":{"ngg_post_thumbnail":0},"product_brand":[],"product_cat":[95],"product_tag":[],"class_list":{"0":"post-826","1":"product","2":"type-product","3":"status-publish","4":"has-post-thumbnail","6":"product_cat-baumharze-bindemittel","7":"product_shipping_class-paket-brief","9":"first","10":"instock","11":"sold-individually","12":"shipping-taxable","13":"purchasable","14":"product-type-simple"},"_links":{"self":[{"href":"https:\/\/buchmaler.org\/index.php?rest_route=\/wp\/v2\/product\/826","targetHints":{"allow":["GET"]}}],"collection":[{"href":"https:\/\/buchmaler.org\/index.php?rest_route=\/wp\/v2\/product"}],"about":[{"href":"https:\/\/buchmaler.org\/index.php?rest_route=\/wp\/v2\/types\/product"}],"wp:featuredmedia":[{"embeddable":true,"href":"https:\/\/buchmaler.org\/index.php?rest_route=\/wp\/v2\/media\/848"}],"wp:attachment":[{"href":"https:\/\/buchmaler.org\/index.php?rest_route=%2Fwp%2Fv2%2Fmedia&parent=826"}],"wp:term":[{"taxonomy":"product_brand","embeddable":true,"href":"https:\/\/buchmaler.org\/index.php?rest_route=%2Fwp%2Fv2%2Fproduct_brand&post=826"},{"taxonomy":"product_cat","embeddable":true,"href":"https:\/\/buchmaler.org\/index.php?rest_route=%2Fwp%2Fv2%2Fproduct_cat&post=826"},{"taxonomy":"product_tag","embeddable":true,"href":"https:\/\/buchmaler.org\/index.php?rest_route=%2Fwp%2Fv2%2Fproduct_tag&post=826"}],"curies":[{"name":"wp","href":"https:\/\/api.w.org\/{rel}","templated":true}]}}