{"id":846,"date":"2018-06-06T23:42:00","date_gmt":"2018-06-06T21:42:00","guid":{"rendered":"https:\/\/buchmaler.org\/?post_type=product&#038;p=846"},"modified":"2025-10-20T19:46:14","modified_gmt":"2025-10-20T17:46:14","slug":"gummi-arabicum-100g","status":"publish","type":"product","link":"https:\/\/buchmaler.org\/?product=gummi-arabicum-100g","title":{"rendered":"Gummi arabicum"},"content":{"rendered":"<p>Gummi arabicum ist das in der Buchmalerei am meisten verwendete Baumharz. Mit ihm werden die meisten Farben angerieben und es wird den Tinten als Bindemittel hinzugef\u00fcgt.<br \/>\nDer gr\u00f6\u00dfte Vorteil von Gummi arabicum liegt in seinem Preis. Es ist im Vergleich zu anderen Baumharzen recht preiswert. Sein Nachteil liegt darin, dass es nach dem Trocknen der Farben recht br\u00fcchig wird und die mit ihm zubereiteten Farben etwas dunkel wirken.<br \/>\nBei der Zubereitung von Tinten stellt beides kein Problem dar.<br \/>\nNutzt man das Gummi arabicum, um damit Farben zuzubereiten, geschieht das meist in der Form, dass man die Pigmente mit Temperaturwasser ansetzt, um sie dann vermalen zu k\u00f6nnen. Um die Nachteile auszugleichen, die das Gummi arabicum mit sich bringt, werden dem Temperaturwasser oft weitere Zutaten, wie z.B. <a href=\"https:\/\/buchmaler.org\/?product=gummi-cerasarum-kirschgummi\" target=\"_blank\" rel=\"noopener\">Kirschgummi<\/a> oder Honig, hinzugef\u00fcgt, um die getrockneten Farben flexibler zu machen. Auch&nbsp;<a href=\"https:\/\/buchmaler.org\/?product=gummi-traganth-gummi-traganti-100g\" target=\"_blank\" rel=\"noopener\">Gummi Traganth<\/a> kann beigemischt werden,&nbsp;um dem Dunkler werden der Farben entgegen zu wirken.<\/p>\n<p>Das von uns angebotene Gummi arabicum entstammt einem biologischem Anbau, womit es frei von Chemikalien ist, die evtl. Wechselwirkungen mit Pigmenten verursachen k\u00f6nnten.<br \/>\nWir bieten hier 100 Gramm Gummi arabicum an, das in wieder verschlie\u00dfbaren Kunststoffbeutelchen geliefert wird.<\/p>\n<p>Wasserl\u00f6sliche Baumharze werden in der Buchmalerei vor allem als Bindemittel verwendet. Diese Bindemittel werden unter anderem auch als Temperaturwasser bezeichnet, die in einer ziemlich gro\u00dfer Vielfalt in den historischen Rezeptb\u00fcchern vorkommen. <a href=\"https:\/\/buchmaler.org\/?p=820\" target=\"_blank\" rel=\"noopener\">Sechs dieser Rezepte f\u00fcr Temperaturwasser, finden sich hier<\/a>.<\/p>\n","protected":false},"excerpt":{"rendered":"<p>Gummi arabicum ist das in der Buchmalerei am meisten verwendete Baumharz. Mit ihm werden die meisten Farben angerieben und es wird den Tinten als Bindemittel hinzugef\u00fcgt. Der gr\u00f6\u00dfte Vorteil von Gummi arabicum liegt in seinem Preis. Es ist im Vergleich zu anderen Baumharzen recht preiswert. Sein Nachteil liegt darin, dass es nach dem Trocknen der &hellip; <\/p>\n<p class=\"link-more\"><a href=\"https:\/\/buchmaler.org\/?product=gummi-arabicum-100g\" class=\"more-link\"><span class=\"screen-reader-text\">\u201eGummi arabicum\u201c <\/span>weiterlesen<\/a><\/p>\n","protected":false},"featured_media":943,"template":"","meta":{"ngg_post_thumbnail":0},"product_brand":[],"product_cat":[95],"product_tag":[],"class_list":{"0":"post-846","1":"product","2":"type-product","3":"status-publish","4":"has-post-thumbnail","6":"product_cat-baumharze-bindemittel","7":"product_shipping_class-paket-brief","9":"first","10":"outofstock","11":"shipping-taxable","12":"purchasable","13":"product-type-simple"},"_links":{"self":[{"href":"https:\/\/buchmaler.org\/index.php?rest_route=\/wp\/v2\/product\/846","targetHints":{"allow":["GET"]}}],"collection":[{"href":"https:\/\/buchmaler.org\/index.php?rest_route=\/wp\/v2\/product"}],"about":[{"href":"https:\/\/buchmaler.org\/index.php?rest_route=\/wp\/v2\/types\/product"}],"wp:featuredmedia":[{"embeddable":true,"href":"https:\/\/buchmaler.org\/index.php?rest_route=\/wp\/v2\/media\/943"}],"wp:attachment":[{"href":"https:\/\/buchmaler.org\/index.php?rest_route=%2Fwp%2Fv2%2Fmedia&parent=846"}],"wp:term":[{"taxonomy":"product_brand","embeddable":true,"href":"https:\/\/buchmaler.org\/index.php?rest_route=%2Fwp%2Fv2%2Fproduct_brand&post=846"},{"taxonomy":"product_cat","embeddable":true,"href":"https:\/\/buchmaler.org\/index.php?rest_route=%2Fwp%2Fv2%2Fproduct_cat&post=846"},{"taxonomy":"product_tag","embeddable":true,"href":"https:\/\/buchmaler.org\/index.php?rest_route=%2Fwp%2Fv2%2Fproduct_tag&post=846"}],"curies":[{"name":"wp","href":"https:\/\/api.w.org\/{rel}","templated":true}]}}