{"id":966,"date":"2018-06-30T21:40:12","date_gmt":"2018-06-30T19:40:12","guid":{"rendered":"https:\/\/buchmaler.org\/?post_type=product&#038;p=966"},"modified":"2025-11-22T17:58:40","modified_gmt":"2025-11-22T16:58:40","slug":"feines-buettenpapier-spechthausen","status":"publish","type":"product","link":"https:\/\/buchmaler.org\/?product=feines-buettenpapier-spechthausen","title":{"rendered":"Spechthausen B\u00fcttenbriefpapier &#8211; 10 B\u00f6gen"},"content":{"rendered":"<p><img loading=\"lazy\" decoding=\"async\" class=\"alignleft size-full wp-image-981\" src=\"https:\/\/buchmaler.org\/wp-content\/uploads\/2018\/06\/Spechthausen-Wasserzeichen.jpg\" alt=\"\" width=\"188\" height=\"250\">Ein sehr sch\u00f6nes, handgesch\u00f6pftes B\u00fcttenpapier aus dem Haus Spechthausen, im Format 20,9 x 29,8 cm. Der Farbton des Papiers ist naturwei\u00df und es zeichnet sich durch eine feine glatte Oberfl\u00e4che mit umlaufenden B\u00fcttenrand aus. Das Wasserzeichen des Papiers zeigt einen Specht an einem Eichenbaum und den Schriftzug: \u201eHandgeschoepft Buetten Spechthausen 1781\u201c.<br \/>\nBei diesem Papier handelt es sich um ein relativ festes Briefpapier. Aufgrund seiner glatten <img loading=\"lazy\" decoding=\"async\" class=\"alignright size-full wp-image-979\" src=\"https:\/\/buchmaler.org\/wp-content\/uploads\/2018\/06\/Spechthausen-B\u00fcttenbriefpapier.jpg\" alt=\"\" width=\"188\" height=\"250\">Oberfl\u00e4che gleitet die Feder beim Schreiben f\u00f6rmlich \u00fcber sie hinweg.<\/p>\n<p>M\u00f6chte man den Brief von zwei Seiten beschreiben, empfiehlt es sich, eine graue<span style=\"color: #ff0000;\">*<\/span> Tinte zu verwenden. Bei der Verwendung von tiefschwarzer Tinte, k\u00f6nnte deren Durchscheinen beim Lesen als st\u00f6rend empfunden werden. Mit einer graueren Tinte sieht das gef\u00e4lliger aus.<\/p>\n<p>Der Preis f\u00fcr das hier angebotene B\u00fcttenpapier bezieht sich auf 10 B\u00f6gen des B\u00fcttenpapiers, die in einem Briefkuvert verpackt versendet werden.<\/p>\n<p><span style=\"color: #ff0000;\">*<\/span>&nbsp;Z.B. unsere <a href=\"https:\/\/buchmaler.org\/index.php\/produkt-kategorie\/tinten\/eisengallustinten-verwandte-tinten\/\" target=\"_blank\" rel=\"noopener noreferrer\">Eiseneichentinte<\/a> die nach ein paar Tagen ins Dunkelgr\u00fcne geht, oder unser <a href=\"https:\/\/buchmaler.org\/index.php\/produkt\/eisengallus-reisetinte\/\" target=\"_blank\" rel=\"noopener noreferrer\">Eisengallustintenpulver<\/a>.<\/p>\nngg_shortcode_0_placeholder\n","protected":false},"excerpt":{"rendered":"<p>Ein sehr sch\u00f6nes, handgesch\u00f6pftes B\u00fcttenpapier aus dem Haus Spechthausen, im Format 20,9 x 29,8 cm. Der Farbton des Papiers ist naturwei\u00df und es zeichnet sich durch eine feine glatte Oberfl\u00e4che mit umlaufenden B\u00fcttenrand aus. Das Wasserzeichen des Papiers zeigt einen Specht an einem Eichenbaum und den Schriftzug: \u201eHandgeschoepft Buetten Spechthausen 1781\u201c. Bei diesem Papier handelt &hellip; <\/p>\n<p class=\"link-more\"><a href=\"https:\/\/buchmaler.org\/?product=feines-buettenpapier-spechthausen\" class=\"more-link\"><span class=\"screen-reader-text\">\u201eSpechthausen B\u00fcttenbriefpapier &#8211; 10 B\u00f6gen\u201c <\/span>weiterlesen<\/a><\/p>\n","protected":false},"featured_media":1254,"template":"","meta":{"ngg_post_thumbnail":0},"product_brand":[],"product_cat":[101],"product_tag":[],"class_list":{"0":"post-966","1":"product","2":"type-product","3":"status-publish","4":"has-post-thumbnail","6":"product_cat-buettenpapier","7":"product_shipping_class-paket-brief","9":"first","10":"instock","11":"sold-individually","12":"shipping-taxable","13":"purchasable","14":"product-type-simple"},"_links":{"self":[{"href":"https:\/\/buchmaler.org\/index.php?rest_route=\/wp\/v2\/product\/966","targetHints":{"allow":["GET"]}}],"collection":[{"href":"https:\/\/buchmaler.org\/index.php?rest_route=\/wp\/v2\/product"}],"about":[{"href":"https:\/\/buchmaler.org\/index.php?rest_route=\/wp\/v2\/types\/product"}],"wp:featuredmedia":[{"embeddable":true,"href":"https:\/\/buchmaler.org\/index.php?rest_route=\/wp\/v2\/media\/1254"}],"wp:attachment":[{"href":"https:\/\/buchmaler.org\/index.php?rest_route=%2Fwp%2Fv2%2Fmedia&parent=966"}],"wp:term":[{"taxonomy":"product_brand","embeddable":true,"href":"https:\/\/buchmaler.org\/index.php?rest_route=%2Fwp%2Fv2%2Fproduct_brand&post=966"},{"taxonomy":"product_cat","embeddable":true,"href":"https:\/\/buchmaler.org\/index.php?rest_route=%2Fwp%2Fv2%2Fproduct_cat&post=966"},{"taxonomy":"product_tag","embeddable":true,"href":"https:\/\/buchmaler.org\/index.php?rest_route=%2Fwp%2Fv2%2Fproduct_tag&post=966"}],"curies":[{"name":"wp","href":"https:\/\/api.w.org\/{rel}","templated":true}]}}